{"id":3656,"date":"2022-11-07T09:35:12","date_gmt":"2022-11-07T08:35:12","guid":{"rendered":"https:\/\/www.unioviedo.es\/talentuo\/mapaemprendimiento\/?page_id=3656"},"modified":"2023-07-28T13:07:54","modified_gmt":"2023-07-28T11:07:54","slug":"premios-talentuo-santander","status":"publish","type":"page","link":"https:\/\/www.unioviedo.es\/talentuo\/mapaemprendimiento\/premios-talentuo-santander\/","title":{"rendered":"Premios TalentUO-Santander de Emprendimiento"},"content":{"rendered":"<div class=\"fusion-fullwidth fullwidth-box fusion-builder-row-1 fusion-flex-container nonhundred-percent-fullwidth non-hundred-percent-height-scrolling\" style=\"background-color: #f2f2f2;background-position: center center;background-repeat: no-repeat;border-width: 0px 0px 0px 0px;border-color:#e2e2e2;border-style:solid;\" ><div class=\"fusion-builder-row fusion-row fusion-flex-align-items-center\" style=\"max-width:1248px;margin-left: calc(-4% \/ 2 );margin-right: calc(-4% \/ 2 );\"><div class=\"fusion-layout-column fusion_builder_column fusion-builder-column-0 fusion_builder_column_3_5 3_5 fusion-flex-column\"><div class=\"fusion-column-wrapper fusion-flex-justify-content-flex-start fusion-content-layout-column\" style=\"background-position:left top;background-repeat:no-repeat;-webkit-background-size:cover;-moz-background-size:cover;-o-background-size:cover;background-size:cover;padding: 0px 0px 0px 0px;\"><div class=\"fusion-text fusion-text-1\"><p>Los Premios TalentUO Santander de forman parte de un plan de acci\u00f3n de la Universidad de Oviedo que busca mejorar la capacidad de emprender e innovar en todos los niveles de la comunidad universitaria.<\/p>\n<p>Por medio de la convocatoria de estos premios se busca crear un impacto sist\u00e9mico, empoderando a los miembros de la comunidad universitaria a ser motores del emprendimiento para generar un efecto palanca que propicie la innovaci\u00f3n desde la instituci\u00f3n hacia el exterior.<\/p>\n<p>El talento emprendedor est\u00e1 en todas las personas, pero es necesario propiciar oportunidades que permitan que aflore. Por ello, el objetivo de la convocatoria de los Premios TalentUO Santander de Emprendimiento es doble:<\/p>\n<ul>\n<li>Posicionar a la Universidad de Oviedo en el ecosistema innovador de la regi\u00f3n. Las instituciones de educaci\u00f3n superior pueden jugar un papel fundamental en el fomento del potencial innovador del estudiantado y, adem\u00e1s, ayudando a transferir los resultados de las investigaciones en soluciones capaces de aportar valor. Estos premios dar\u00e1n visibilidad a proyectos emprendedores promovidos por miembros de la comunidad universitaria, ya sean estudiantes, profesores o investigadores.<\/li>\n<li>Apoyar a las nuevas generaciones de emprendedores que podr\u00e1n transformar los retos reales en oportunidades de futuro. Una pol\u00edtica de emprendimiento inclusivo enfocada en los j\u00f3venes puede ayudar a la generaci\u00f3n de ideas y a crear puestos de trabajo m\u00e1s cualificados.<\/li>\n<\/ul>\n<\/div><div class=\"fusion-post-cards fusion-post-cards-1 fusion-grid-archive\"><ul class=\"fusion-grid fusion-grid- fusion-flex-align-items-flex-start\"><\/ul><\/div><style>.fusion-post-cards.fusion-post-cards-1 ul.fusion-grid{margin-right:calc(()\/ -2);margin-left:calc(()\/ -2);margin-top:calc(()\/ -2);}.fusion-post-cards.fusion-post-cards-1 ul.fusion-grid > .fusion-grid-column{padding-left:calc(()\/ 2);padding-right:calc(()\/ 2);padding-top:calc(()\/ 2);padding-bottom:calc(()\/ 2);}.fusion-post-cards.fusion-post-cards-1 ul.fusion-grid > .fusion-grid-column > .fusion-column-inner-bg{margin-left:calc(()\/ 2);margin-right:calc(()\/ 2);margin-top:calc(()\/ 2);margin-bottom:calc(()\/ 2);}<\/style><style type=\"text\/css\">@media only screen and (max-width:1024px) {.fusion-title.fusion-title-1{margin-top:10px!important; margin-right:0px!important;margin-bottom:15px!important;margin-left:0px!important;}}@media only screen and (max-width:640px) {.fusion-title.fusion-title-1{margin-top:10px!important; margin-right:0px!important;margin-bottom:10px!important; margin-left:0px!important;}}<\/style><div class=\"fusion-title title fusion-title-1 fusion-title-text fusion-title-size-four\" style=\"margin-top:10px;margin-right:0px;margin-bottom:15px;margin-left:0px;\"><div class=\"title-sep-container title-sep-container-left fusion-no-large-visibility fusion-no-medium-visibility fusion-no-small-visibility\"><div class=\"title-sep sep-double sep-solid\" style=\"border-color:#e2e2e2;\"><\/div><\/div><span class=\"awb-title-spacer fusion-no-large-visibility fusion-no-medium-visibility fusion-no-small-visibility\"><\/span><h4 class=\"title-heading-left\" style=\"margin:0;\"><strong>Modalidades o l\u00edneas de premios<\/strong><\/h4><span class=\"awb-title-spacer\"><\/span><div class=\"title-sep-container title-sep-container-right\"><div class=\"title-sep sep-double sep-solid\" style=\"border-color:#e2e2e2;\"><\/div><\/div><\/div><div class=\"fusion-content-boxes content-boxes columns row fusion-columns-1 fusion-columns-total-1 fusion-content-boxes-1 content-boxes-icon-with-title content-left\" data-animationOffset=\"top-into-view\" style=\"margin-top:;margin-bottom:;\"><style type=\"text\/css\">.fusion-content-boxes-1 .heading .content-box-heading {color:#212934;}\n\t\t\t\t\t.fusion-content-boxes-1 .fusion-content-box-hover .link-area-link-icon-hover .heading .content-box-heading,\n\t\t\t\t\t.fusion-content-boxes-1 .fusion-content-box-hover .link-area-link-icon-hover .heading .heading-link .content-box-heading,\n\t\t\t\t\t.fusion-content-boxes-1 .fusion-content-box-hover .link-area-box-hover .heading .content-box-heading,\n\t\t\t\t\t.fusion-content-boxes-1 .fusion-content-box-hover .link-area-box-hover .heading .heading-link .content-box-heading,\n\t\t\t\t\t.fusion-content-boxes-1 .fusion-content-box-hover .link-area-link-icon-hover.link-area-box .fusion-read-more,\n\t\t\t\t\t.fusion-content-boxes-1 .fusion-content-box-hover .link-area-link-icon-hover.link-area-box .fusion-read-more::after,\n\t\t\t\t\t.fusion-content-boxes-1 .fusion-content-box-hover .link-area-link-icon-hover.link-area-box .fusion-read-more::before,\n\t\t\t\t\t.fusion-content-boxes-1 .fusion-content-box-hover .fusion-read-more:hover:after,\n\t\t\t\t\t.fusion-content-boxes-1 .fusion-content-box-hover .fusion-read-more:hover:before,\n\t\t\t\t\t.fusion-content-boxes-1 .fusion-content-box-hover .fusion-read-more:hover,\n\t\t\t\t\t.fusion-content-boxes-1 .fusion-content-box-hover .link-area-box-hover.link-area-box .fusion-read-more,\n\t\t\t\t\t.fusion-content-boxes-1 .fusion-content-box-hover .link-area-box-hover.link-area-box .fusion-read-more::after,\n\t\t\t\t\t.fusion-content-boxes-1 .fusion-content-box-hover .link-area-box-hover.link-area-box .fusion-read-more::before,\n\t\t\t\t\t.fusion-content-boxes-1 .fusion-content-box-hover .link-area-link-icon-hover .icon .circle-no,\n\t\t\t\t\t.fusion-content-boxes-1 .heading .heading-link:hover .content-box-heading {\n\t\t\t\t\t\tcolor: #65bc7b;\n\t\t\t\t\t}\n\t\t\t\t\t.fusion-content-boxes-1 .fusion-content-box-hover .link-area-box-hover .icon .circle-no {\n\t\t\t\t\t\tcolor: #65bc7b !important;\n\t\t\t\t\t}.fusion-content-boxes-1 .fusion-content-box-hover .link-area-box.link-area-box-hover .fusion-content-box-button {background: #008780;color: #ffffff;}.fusion-content-boxes-1 .fusion-content-box-hover .link-area-box.link-area-box-hover .fusion-content-box-button .fusion-button-text {color: #ffffff;}\n\t\t\t\t\t.fusion-content-boxes-1 .fusion-content-box-hover .link-area-link-icon-hover .heading .icon > span {\n\t\t\t\t\t\tbackground-color: #65bc7b !important;\n\t\t\t\t\t}\n\t\t\t\t\t.fusion-content-boxes-1 .fusion-content-box-hover .link-area-box-hover .heading .icon > span {\n\t\t\t\t\t\tborder-color: #65bc7b !important;\n\t\t\t\t\t}<\/style><div class=\"fusion-column content-box-column content-box-column content-box-column-1 col-lg-12 col-md-12 col-sm-12 fusion-content-box-hover content-box-column-last content-box-column-last-in-row\"><div class=\"col content-box-wrapper content-wrapper link-area-link-icon content-icon-wrapper-yes icon-hover-animation-fade\" style=\"background-color:rgba(255,255,255,0);\" data-animationOffset=\"top-into-view\"><div class=\"heading icon-left\"><h2 class=\"content-box-heading\" style=\"font-size:24px;line-height:29px;\">Modalidad 1. Premios y menciones Ideas TalentUO Santander<\/h2><\/div><div class=\"fusion-clearfix\"><\/div><div class=\"content-container\" style=\"color:#4a4e57;\">\n<p>Orientados a ideas de negocio innovadoras presentadas por equipos de estudiantes de grado o posgrado.<\/p>\n<p>Todas las personas integrantes de los equipos de estudiantes que presenten su candidatura para esta modalidad de premios y menciones, deber\u00e1n estar cursando en la Universidad de Oviedo en el curso acad\u00e9mico 2023-2024 titulaciones de grado o postgrado (m\u00e1ster universitario, doctorado o t\u00edtulo propio).<\/p>\n<p>El n\u00famero de componentes de los equipos ser\u00e1 entre 2 y 5 personas.<\/p>\n<p>Los premios de esta modalidad consistir\u00e1n en una dotaci\u00f3n econ\u00f3mica por un importe de 3.000, 2.000 y 1.000 euros para el primero, segundo y tercer premio, respectivamente (Total:6.000 Euros)<\/p>\n<p>Habr\u00e1 cuatro menciones (500 euros cada una) para: mejor idea de innovaci\u00f3n social, mejor idea de negocio presentada por mujeres, mejor idea de negocio sostenible, mejor idea de negocio digital. Estas menciones podr\u00e1n acumularse, en el caso de haber resultado premiado, a la dotaci\u00f3n otorgada por el premio (Total: 2.000 euros).Una misma idea no podr\u00e1 recibir m\u00e1s de una menci\u00f3n. En caso de que las ideas que concurran a esta modalidad no cumplan los requisitos propios de cada menci\u00f3n, \u00e9stas podr\u00e1n quedar desiertas.<\/p>\n<\/div><\/div><\/div><style type=\"text\/css\">\n\t\t\t\t\t\t.fusion-content-boxes-1 .fusion-content-box-hover .heading-link:hover .icon i.circle-yes,\n\t\t\t\t\t\t.fusion-content-boxes-1 .fusion-content-box-hover .link-area-box:hover .heading-link .icon i.circle-yes,\n\t\t\t\t\t\t.fusion-content-boxes-1 .fusion-content-box-hover .link-area-link-icon-hover .heading .icon i.circle-yes,\n\t\t\t\t\t\t.fusion-content-boxes-1 .fusion-content-box-hover .link-area-box-hover .heading .icon i.circle-yes {\n\t\t\t\t\t\t\tbackground-color: #65bc7b !important;\n\t\t\t\t\t\t\tborder-color: #65bc7b !important;\n\t\t\t\t\t\t}<\/style><div class=\"fusion-clearfix\"><\/div><\/div><div class=\"fusion-content-boxes content-boxes columns row fusion-columns-1 fusion-columns-total-1 fusion-content-boxes-2 content-boxes-icon-with-title content-left\" data-animationOffset=\"top-into-view\" style=\"margin-top:;margin-bottom:;\"><style type=\"text\/css\">.fusion-content-boxes-2 .heading .content-box-heading {color:#212934;}\n\t\t\t\t\t.fusion-content-boxes-2 .fusion-content-box-hover .link-area-link-icon-hover .heading .content-box-heading,\n\t\t\t\t\t.fusion-content-boxes-2 .fusion-content-box-hover .link-area-link-icon-hover .heading .heading-link .content-box-heading,\n\t\t\t\t\t.fusion-content-boxes-2 .fusion-content-box-hover .link-area-box-hover .heading .content-box-heading,\n\t\t\t\t\t.fusion-content-boxes-2 .fusion-content-box-hover .link-area-box-hover .heading .heading-link .content-box-heading,\n\t\t\t\t\t.fusion-content-boxes-2 .fusion-content-box-hover .link-area-link-icon-hover.link-area-box .fusion-read-more,\n\t\t\t\t\t.fusion-content-boxes-2 .fusion-content-box-hover .link-area-link-icon-hover.link-area-box .fusion-read-more::after,\n\t\t\t\t\t.fusion-content-boxes-2 .fusion-content-box-hover .link-area-link-icon-hover.link-area-box .fusion-read-more::before,\n\t\t\t\t\t.fusion-content-boxes-2 .fusion-content-box-hover .fusion-read-more:hover:after,\n\t\t\t\t\t.fusion-content-boxes-2 .fusion-content-box-hover .fusion-read-more:hover:before,\n\t\t\t\t\t.fusion-content-boxes-2 .fusion-content-box-hover .fusion-read-more:hover,\n\t\t\t\t\t.fusion-content-boxes-2 .fusion-content-box-hover .link-area-box-hover.link-area-box .fusion-read-more,\n\t\t\t\t\t.fusion-content-boxes-2 .fusion-content-box-hover .link-area-box-hover.link-area-box .fusion-read-more::after,\n\t\t\t\t\t.fusion-content-boxes-2 .fusion-content-box-hover .link-area-box-hover.link-area-box .fusion-read-more::before,\n\t\t\t\t\t.fusion-content-boxes-2 .fusion-content-box-hover .link-area-link-icon-hover .icon .circle-no,\n\t\t\t\t\t.fusion-content-boxes-2 .heading .heading-link:hover .content-box-heading {\n\t\t\t\t\t\tcolor: #65bc7b;\n\t\t\t\t\t}\n\t\t\t\t\t.fusion-content-boxes-2 .fusion-content-box-hover .link-area-box-hover .icon .circle-no {\n\t\t\t\t\t\tcolor: #65bc7b !important;\n\t\t\t\t\t}.fusion-content-boxes-2 .fusion-content-box-hover .link-area-box.link-area-box-hover .fusion-content-box-button {background: #008780;color: #ffffff;}.fusion-content-boxes-2 .fusion-content-box-hover .link-area-box.link-area-box-hover .fusion-content-box-button .fusion-button-text {color: #ffffff;}\n\t\t\t\t\t.fusion-content-boxes-2 .fusion-content-box-hover .link-area-link-icon-hover .heading .icon > span {\n\t\t\t\t\t\tbackground-color: #65bc7b !important;\n\t\t\t\t\t}\n\t\t\t\t\t.fusion-content-boxes-2 .fusion-content-box-hover .link-area-box-hover .heading .icon > span {\n\t\t\t\t\t\tborder-color: #65bc7b !important;\n\t\t\t\t\t}<\/style><div class=\"fusion-column content-box-column content-box-column content-box-column-1 col-lg-12 col-md-12 col-sm-12 fusion-content-box-hover content-box-column-last content-box-column-last-in-row\"><div class=\"col content-box-wrapper content-wrapper link-area-link-icon content-icon-wrapper-yes icon-hover-animation-fade\" style=\"background-color:rgba(255,255,255,0);\" data-animationOffset=\"top-into-view\"><div class=\"heading icon-left\"><h2 class=\"content-box-heading\" style=\"font-size:24px;line-height:29px;\">Modalidad 2. Premios Transferencia TalentUO Santander<\/h2><\/div><div class=\"fusion-clearfix\"><\/div><div class=\"content-container\" style=\"color:#4a4e57;\">\n<p>Orientados a ideas propuestas por equipos formados por investigadores y docentes que permitan transformar los resultados de una investigaci\u00f3n en un producto objeto de explotaci\u00f3n comercial.<\/p>\n<p>Los equipos de investigadores y docentes que presenten su candidatura podr\u00e1n estar o no reconocidos formalmente como Grupos de Investigaci\u00f3n de la Universidad de Oviedo. En todo caso, todas las personas integrantes de los equipos que presenten su candidatura para esta modalidad de premios, deber\u00e1n ser personal docente e investigador con relaci\u00f3n contractual en vigor con la Universidad de Oviedo en el curso acad\u00e9mico 2023-2024.<\/p>\n<p>El n\u00famero de componentes de los equipos ser\u00e1 entre 2 y 5 personas.<br \/>\nLos premios de esta modalidad consistir\u00e1n en una dotaci\u00f3n econ\u00f3mica de 3.000, 2.000 y 1.000 euros para el primero, segundo y tercer premio, respectivamente (Total: 6.000 Euros).<\/p>\n<\/div><\/div><\/div><style type=\"text\/css\">\n\t\t\t\t\t\t.fusion-content-boxes-2 .fusion-content-box-hover .heading-link:hover .icon i.circle-yes,\n\t\t\t\t\t\t.fusion-content-boxes-2 .fusion-content-box-hover .link-area-box:hover .heading-link .icon i.circle-yes,\n\t\t\t\t\t\t.fusion-content-boxes-2 .fusion-content-box-hover .link-area-link-icon-hover .heading .icon i.circle-yes,\n\t\t\t\t\t\t.fusion-content-boxes-2 .fusion-content-box-hover .link-area-box-hover .heading .icon i.circle-yes {\n\t\t\t\t\t\t\tbackground-color: #65bc7b !important;\n\t\t\t\t\t\t\tborder-color: #65bc7b !important;\n\t\t\t\t\t\t}<\/style><div class=\"fusion-clearfix\"><\/div><\/div><div class=\"fusion-content-boxes content-boxes columns row fusion-columns-1 fusion-columns-total-1 fusion-content-boxes-3 content-boxes-icon-with-title content-left\" data-animationOffset=\"top-into-view\" style=\"margin-top:;margin-bottom:;\"><style type=\"text\/css\">.fusion-content-boxes-3 .heading .content-box-heading {color:#212934;}\n\t\t\t\t\t.fusion-content-boxes-3 .fusion-content-box-hover .link-area-link-icon-hover .heading .content-box-heading,\n\t\t\t\t\t.fusion-content-boxes-3 .fusion-content-box-hover .link-area-link-icon-hover .heading .heading-link .content-box-heading,\n\t\t\t\t\t.fusion-content-boxes-3 .fusion-content-box-hover .link-area-box-hover .heading .content-box-heading,\n\t\t\t\t\t.fusion-content-boxes-3 .fusion-content-box-hover .link-area-box-hover .heading .heading-link .content-box-heading,\n\t\t\t\t\t.fusion-content-boxes-3 .fusion-content-box-hover .link-area-link-icon-hover.link-area-box .fusion-read-more,\n\t\t\t\t\t.fusion-content-boxes-3 .fusion-content-box-hover .link-area-link-icon-hover.link-area-box .fusion-read-more::after,\n\t\t\t\t\t.fusion-content-boxes-3 .fusion-content-box-hover .link-area-link-icon-hover.link-area-box .fusion-read-more::before,\n\t\t\t\t\t.fusion-content-boxes-3 .fusion-content-box-hover .fusion-read-more:hover:after,\n\t\t\t\t\t.fusion-content-boxes-3 .fusion-content-box-hover .fusion-read-more:hover:before,\n\t\t\t\t\t.fusion-content-boxes-3 .fusion-content-box-hover .fusion-read-more:hover,\n\t\t\t\t\t.fusion-content-boxes-3 .fusion-content-box-hover .link-area-box-hover.link-area-box .fusion-read-more,\n\t\t\t\t\t.fusion-content-boxes-3 .fusion-content-box-hover .link-area-box-hover.link-area-box .fusion-read-more::after,\n\t\t\t\t\t.fusion-content-boxes-3 .fusion-content-box-hover .link-area-box-hover.link-area-box .fusion-read-more::before,\n\t\t\t\t\t.fusion-content-boxes-3 .fusion-content-box-hover .link-area-link-icon-hover .icon .circle-no,\n\t\t\t\t\t.fusion-content-boxes-3 .heading .heading-link:hover .content-box-heading {\n\t\t\t\t\t\tcolor: #65bc7b;\n\t\t\t\t\t}\n\t\t\t\t\t.fusion-content-boxes-3 .fusion-content-box-hover .link-area-box-hover .icon .circle-no {\n\t\t\t\t\t\tcolor: #65bc7b !important;\n\t\t\t\t\t}.fusion-content-boxes-3 .fusion-content-box-hover .link-area-box.link-area-box-hover .fusion-content-box-button {background: #008780;color: #ffffff;}.fusion-content-boxes-3 .fusion-content-box-hover .link-area-box.link-area-box-hover .fusion-content-box-button .fusion-button-text {color: #ffffff;}\n\t\t\t\t\t.fusion-content-boxes-3 .fusion-content-box-hover .link-area-link-icon-hover .heading .icon > span {\n\t\t\t\t\t\tbackground-color: #65bc7b !important;\n\t\t\t\t\t}\n\t\t\t\t\t.fusion-content-boxes-3 .fusion-content-box-hover .link-area-box-hover .heading .icon > span {\n\t\t\t\t\t\tborder-color: #65bc7b !important;\n\t\t\t\t\t}<\/style><div class=\"fusion-column content-box-column content-box-column content-box-column-1 col-lg-12 col-md-12 col-sm-12 fusion-content-box-hover content-box-column-last content-box-column-last-in-row\"><div class=\"col content-box-wrapper content-wrapper link-area-link-icon content-icon-wrapper-yes icon-hover-animation-fade\" style=\"background-color:rgba(255,255,255,0);\" data-animationOffset=\"top-into-view\"><div class=\"heading icon-left\"><h2 class=\"content-box-heading\" style=\"font-size:24px;line-height:29px;\">Modalidad 3. Premio Pr\u00e1ctica Empresarial TalentUO Santander<\/h2><\/div><div class=\"fusion-clearfix\"><\/div><div class=\"content-container\" style=\"color:#4a4e57;\">\n<p>Orientado a asociaciones de estudiantes de grado o posgrado, inscritas como tales en el registro de la Universidad de Oviedo, que desarrollen proyectos profesionales relacionados con su titulaci\u00f3n, que est\u00e9n o no formalmente constituidas como junior empresas.<\/p>\n<p>Los integrantes de la candidatura que soliciten esta modalidad de premio deber\u00e1n estar matriculados en la Universidad de Oviedo en el curso acad\u00e9mico 2023-2024 en titulaciones de grado o postgrado (m\u00e1ster universitario, doctorado o t\u00edtulo propio) y pertenecer a asociaciones de estudiantes de grado o postgrado que desarrollen proyectos profesionales relacionados con su titulaci\u00f3n que est\u00e9n inscritas como tal en el registro de Asociaciones del Vicerrectorado de Estudiantes de la Universidad de Oviedo.<\/p>\n<p>El premio de esta modalidad consistir\u00e1 en una dotaci\u00f3n econ\u00f3mica de 3.000 euros.<\/p>\n<p>Los premiados recibir\u00e1n, adem\u00e1s de una dotaci\u00f3n econ\u00f3mica, el correspondiente diploma acreditativo del mismo.<\/p>\n<\/div><\/div><\/div><style type=\"text\/css\">\n\t\t\t\t\t\t.fusion-content-boxes-3 .fusion-content-box-hover .heading-link:hover .icon i.circle-yes,\n\t\t\t\t\t\t.fusion-content-boxes-3 .fusion-content-box-hover .link-area-box:hover .heading-link .icon i.circle-yes,\n\t\t\t\t\t\t.fusion-content-boxes-3 .fusion-content-box-hover .link-area-link-icon-hover .heading .icon i.circle-yes,\n\t\t\t\t\t\t.fusion-content-boxes-3 .fusion-content-box-hover .link-area-box-hover .heading .icon i.circle-yes {\n\t\t\t\t\t\t\tbackground-color: #65bc7b !important;\n\t\t\t\t\t\t\tborder-color: #65bc7b !important;\n\t\t\t\t\t\t}<\/style><div class=\"fusion-clearfix\"><\/div><\/div><\/div><style type=\"text\/css\">.fusion-body .fusion-builder-column-0{width:60% !important;margin-top : 0px;margin-bottom : 20px;}.fusion-builder-column-0 > .fusion-column-wrapper {padding-top : 0px !important;padding-right : 0px !important;margin-right : 3.2%;padding-bottom : 0px !important;padding-left : 0px !important;margin-left : 3.2%;}@media only screen and (max-width:1024px) {.fusion-body .fusion-builder-column-0{width:60% !important;order : 0;}.fusion-builder-column-0 > .fusion-column-wrapper {margin-right : 3.2%;margin-left : 3.2%;}}@media only screen and (max-width:640px) {.fusion-body .fusion-builder-column-0{width:100% !important;order : 0;}.fusion-builder-column-0 > .fusion-column-wrapper {margin-right : 1.92%;margin-left : 1.92%;}}<\/style><\/div><div class=\"fusion-layout-column fusion_builder_column fusion-builder-column-1 fusion_builder_column_2_5 2_5 fusion-flex-column fusion-flex-align-self-flex-start\"><div class=\"fusion-column-wrapper fusion-flex-justify-content-flex-start fusion-content-layout-column\" style=\"background-position:left top;background-repeat:no-repeat;-webkit-background-size:cover;-moz-background-size:cover;-o-background-size:cover;background-size:cover;padding: 0px 0px 0px 0px;\"><div ><span class=\" fusion-imageframe imageframe-none imageframe-1 hover-type-none\"><img decoding=\"async\" width=\"2326\" height=\"2326\" title=\"santander-universidades\" src=\"https:\/\/www.unioviedo.es\/talentuo\/mapaemprendimiento\/wp-content\/uploads\/2022\/11\/santander-universidades.jpg\" class=\"img-responsive wp-image-3662\" srcset=\"https:\/\/www.unioviedo.es\/talentuo\/mapaemprendimiento\/wp-content\/uploads\/2022\/11\/santander-universidades-200x200.jpg 200w, https:\/\/www.unioviedo.es\/talentuo\/mapaemprendimiento\/wp-content\/uploads\/2022\/11\/santander-universidades-400x400.jpg 400w, https:\/\/www.unioviedo.es\/talentuo\/mapaemprendimiento\/wp-content\/uploads\/2022\/11\/santander-universidades-600x600.jpg 600w, https:\/\/www.unioviedo.es\/talentuo\/mapaemprendimiento\/wp-content\/uploads\/2022\/11\/santander-universidades-800x800.jpg 800w, https:\/\/www.unioviedo.es\/talentuo\/mapaemprendimiento\/wp-content\/uploads\/2022\/11\/santander-universidades-1200x1200.jpg 1200w, https:\/\/www.unioviedo.es\/talentuo\/mapaemprendimiento\/wp-content\/uploads\/2022\/11\/santander-universidades.jpg 2326w\" sizes=\"(max-width: 640px) 100vw, 600px\" \/><\/span><\/div><\/div><style type=\"text\/css\">.fusion-body .fusion-builder-column-1{width:40% !important;margin-top : 0px;margin-bottom : 20px;}.fusion-builder-column-1 > .fusion-column-wrapper {padding-top : 0px !important;padding-right : 0px !important;margin-right : 4.8%;padding-bottom : 0px !important;padding-left : 0px !important;margin-left : 4.8%;}@media only screen and (max-width:1024px) {.fusion-body .fusion-builder-column-1{width:40% !important;order : 0;}.fusion-builder-column-1 > .fusion-column-wrapper {margin-right : 4.8%;margin-left : 4.8%;}}@media only screen and (max-width:640px) {.fusion-body .fusion-builder-column-1{width:100% !important;order : 0;}.fusion-builder-column-1 > .fusion-column-wrapper {margin-right : 1.92%;margin-left : 1.92%;}}<\/style><\/div><\/div><style type=\"text\/css\">.fusion-body .fusion-flex-container.fusion-builder-row-1{ padding-top : 40px;margin-top : 0px;padding-right : 0px;padding-bottom : 40px;margin-bottom : 0px;padding-left : 0px;}<\/style><\/div>\n","protected":false},"excerpt":{"rendered":"","protected":false},"author":1,"featured_media":0,"parent":0,"menu_order":0,"comment_status":"closed","ping_status":"closed","template":"100-width.php","meta":{"footnotes":""},"class_list":["post-3656","page","type-page","status-publish","hentry"],"jetpack_sharing_enabled":true,"_links":{"self":[{"href":"https:\/\/www.unioviedo.es\/talentuo\/mapaemprendimiento\/wp-json\/wp\/v2\/pages\/3656","targetHints":{"allow":["GET"]}}],"collection":[{"href":"https:\/\/www.unioviedo.es\/talentuo\/mapaemprendimiento\/wp-json\/wp\/v2\/pages"}],"about":[{"href":"https:\/\/www.unioviedo.es\/talentuo\/mapaemprendimiento\/wp-json\/wp\/v2\/types\/page"}],"author":[{"embeddable":true,"href":"https:\/\/www.unioviedo.es\/talentuo\/mapaemprendimiento\/wp-json\/wp\/v2\/users\/1"}],"replies":[{"embeddable":true,"href":"https:\/\/www.unioviedo.es\/talentuo\/mapaemprendimiento\/wp-json\/wp\/v2\/comments?post=3656"}],"version-history":[{"count":25,"href":"https:\/\/www.unioviedo.es\/talentuo\/mapaemprendimiento\/wp-json\/wp\/v2\/pages\/3656\/revisions"}],"predecessor-version":[{"id":4295,"href":"https:\/\/www.unioviedo.es\/talentuo\/mapaemprendimiento\/wp-json\/wp\/v2\/pages\/3656\/revisions\/4295"}],"wp:attachment":[{"href":"https:\/\/www.unioviedo.es\/talentuo\/mapaemprendimiento\/wp-json\/wp\/v2\/media?parent=3656"}],"curies":[{"name":"wp","href":"https:\/\/api.w.org\/{rel}","templated":true}]}}