{"id":3556,"date":"2024-10-03T16:08:20","date_gmt":"2024-10-03T14:08:20","guid":{"rendered":"https:\/\/www.unioviedo.es\/talentuo\/?page_id=3556"},"modified":"2024-10-07T08:28:59","modified_gmt":"2024-10-07T06:28:59","slug":"otras-instituciones-2","status":"publish","type":"page","link":"https:\/\/www.unioviedo.es\/talentuo\/otras-instituciones-2\/","title":{"rendered":"Otras Instituciones"},"content":{"rendered":"\t\t<div data-elementor-type=\"wp-page\" data-elementor-id=\"3556\" class=\"elementor elementor-3556\">\n\t\t\t\t\t\t\t\t\t<section class=\"elementor-section elementor-top-section elementor-element elementor-element-ccf4e12 elementor-section-full_width elementor-section-stretched elementor-section-height-default elementor-section-height-default\" data-id=\"ccf4e12\" data-element_type=\"section\" data-settings=\"{&quot;stretch_section&quot;:&quot;section-stretched&quot;}\">\n\t\t\t\t\t\t<div class=\"elementor-container elementor-column-gap-no\">\n\t\t\t\t\t<div class=\"elementor-column elementor-col-100 elementor-top-column elementor-element elementor-element-d6a4a00\" data-id=\"d6a4a00\" data-element_type=\"column\">\n\t\t\t<div class=\"elementor-widget-wrap elementor-element-populated\">\n\t\t\t\t\t\t\t\t<div class=\"elementor-element elementor-element-ca96c1a elementor-widget elementor-widget-image\" data-id=\"ca96c1a\" data-element_type=\"widget\" data-widget_type=\"image.default\">\n\t\t\t\t<div class=\"elementor-widget-container\">\n\t\t\t<style>\/*! elementor - v3.13.1 - 09-05-2023 *\/\n.elementor-widget-image{text-align:center}.elementor-widget-image a{display:inline-block}.elementor-widget-image a img[src$=\".svg\"]{width:48px}.elementor-widget-image img{vertical-align:middle;display:inline-block}<\/style>\t\t\t\t\t\t\t\t\t\t\t\t<img loading=\"lazy\" decoding=\"async\" width=\"1920\" height=\"195\" src=\"https:\/\/www.unioviedo.es\/talentuo\/wp-content\/uploads\/2023\/05\/recursos1.jpg\" class=\"attachment-full size-full wp-image-1276\" alt=\"\" srcset=\"https:\/\/www.unioviedo.es\/talentuo\/wp-content\/uploads\/2023\/05\/recursos1.jpg 1920w, https:\/\/www.unioviedo.es\/talentuo\/wp-content\/uploads\/2023\/05\/recursos1-300x30.jpg 300w, https:\/\/www.unioviedo.es\/talentuo\/wp-content\/uploads\/2023\/05\/recursos1-1024x104.jpg 1024w, https:\/\/www.unioviedo.es\/talentuo\/wp-content\/uploads\/2023\/05\/recursos1-768x78.jpg 768w, https:\/\/www.unioviedo.es\/talentuo\/wp-content\/uploads\/2023\/05\/recursos1-1536x156.jpg 1536w\" sizes=\"auto, (max-width: 1920px) 100vw, 1920px\" \/>\t\t\t\t\t\t\t\t\t\t\t\t\t\t\t<\/div>\n\t\t\t\t<\/div>\n\t\t\t\t\t<\/div>\n\t\t<\/div>\n\t\t\t\t\t\t\t<\/div>\n\t\t<\/section>\n\t\t\t\t<section class=\"elementor-section elementor-top-section elementor-element elementor-element-f909ad1 elementor-section-boxed elementor-section-height-default elementor-section-height-default\" data-id=\"f909ad1\" data-element_type=\"section\">\n\t\t\t\t\t\t<div class=\"elementor-container elementor-column-gap-default\">\n\t\t\t\t\t<div class=\"elementor-column elementor-col-50 elementor-top-column elementor-element elementor-element-c52294b\" data-id=\"c52294b\" data-element_type=\"column\">\n\t\t\t<div class=\"elementor-widget-wrap elementor-element-populated\">\n\t\t\t\t\t\t\t\t<div class=\"elementor-element elementor-element-b2deff2 elementor-widget elementor-widget-text-editor\" data-id=\"b2deff2\" data-element_type=\"widget\" data-widget_type=\"text-editor.default\">\n\t\t\t\t<div class=\"elementor-widget-container\">\n\t\t\t<style>\/*! elementor - v3.13.1 - 09-05-2023 *\/\n.elementor-widget-text-editor.elementor-drop-cap-view-stacked .elementor-drop-cap{background-color:#69727d;color:#fff}.elementor-widget-text-editor.elementor-drop-cap-view-framed .elementor-drop-cap{color:#69727d;border:3px solid;background-color:transparent}.elementor-widget-text-editor:not(.elementor-drop-cap-view-default) .elementor-drop-cap{margin-top:8px}.elementor-widget-text-editor:not(.elementor-drop-cap-view-default) .elementor-drop-cap-letter{width:1em;height:1em}.elementor-widget-text-editor .elementor-drop-cap{float:left;text-align:center;line-height:1;font-size:50px}.elementor-widget-text-editor .elementor-drop-cap-letter{display:inline-block}<\/style>\t\t\t\t<p>Otras<br>Instituciones<\/p>\t\t\t\t\t\t<\/div>\n\t\t\t\t<\/div>\n\t\t\t\t<div class=\"elementor-element elementor-element-d8bf699 elementor-widget-divider--view-line elementor-widget elementor-widget-divider\" data-id=\"d8bf699\" data-element_type=\"widget\" data-widget_type=\"divider.default\">\n\t\t\t\t<div class=\"elementor-widget-container\">\n\t\t\t<style>\/*! elementor - v3.13.1 - 09-05-2023 *\/\n.elementor-widget-divider{--divider-border-style:none;--divider-border-width:1px;--divider-color:#0c0d0e;--divider-icon-size:20px;--divider-element-spacing:10px;--divider-pattern-height:24px;--divider-pattern-size:20px;--divider-pattern-url:none;--divider-pattern-repeat:repeat-x}.elementor-widget-divider .elementor-divider{display:flex}.elementor-widget-divider .elementor-divider__text{font-size:15px;line-height:1;max-width:95%}.elementor-widget-divider .elementor-divider__element{margin:0 var(--divider-element-spacing);flex-shrink:0}.elementor-widget-divider .elementor-icon{font-size:var(--divider-icon-size)}.elementor-widget-divider .elementor-divider-separator{display:flex;margin:0;direction:ltr}.elementor-widget-divider--view-line_icon .elementor-divider-separator,.elementor-widget-divider--view-line_text .elementor-divider-separator{align-items:center}.elementor-widget-divider--view-line_icon .elementor-divider-separator:after,.elementor-widget-divider--view-line_icon .elementor-divider-separator:before,.elementor-widget-divider--view-line_text .elementor-divider-separator:after,.elementor-widget-divider--view-line_text .elementor-divider-separator:before{display:block;content:\"\";border-bottom:0;flex-grow:1;border-top:var(--divider-border-width) var(--divider-border-style) var(--divider-color)}.elementor-widget-divider--element-align-left .elementor-divider .elementor-divider-separator>.elementor-divider__svg:first-of-type{flex-grow:0;flex-shrink:100}.elementor-widget-divider--element-align-left .elementor-divider-separator:before{content:none}.elementor-widget-divider--element-align-left .elementor-divider__element{margin-left:0}.elementor-widget-divider--element-align-right .elementor-divider .elementor-divider-separator>.elementor-divider__svg:last-of-type{flex-grow:0;flex-shrink:100}.elementor-widget-divider--element-align-right .elementor-divider-separator:after{content:none}.elementor-widget-divider--element-align-right .elementor-divider__element{margin-right:0}.elementor-widget-divider:not(.elementor-widget-divider--view-line_text):not(.elementor-widget-divider--view-line_icon) .elementor-divider-separator{border-top:var(--divider-border-width) var(--divider-border-style) var(--divider-color)}.elementor-widget-divider--separator-type-pattern{--divider-border-style:none}.elementor-widget-divider--separator-type-pattern.elementor-widget-divider--view-line .elementor-divider-separator,.elementor-widget-divider--separator-type-pattern:not(.elementor-widget-divider--view-line) .elementor-divider-separator:after,.elementor-widget-divider--separator-type-pattern:not(.elementor-widget-divider--view-line) .elementor-divider-separator:before,.elementor-widget-divider--separator-type-pattern:not([class*=elementor-widget-divider--view]) .elementor-divider-separator{width:100%;min-height:var(--divider-pattern-height);-webkit-mask-size:var(--divider-pattern-size) 100%;mask-size:var(--divider-pattern-size) 100%;-webkit-mask-repeat:var(--divider-pattern-repeat);mask-repeat:var(--divider-pattern-repeat);background-color:var(--divider-color);-webkit-mask-image:var(--divider-pattern-url);mask-image:var(--divider-pattern-url)}.elementor-widget-divider--no-spacing{--divider-pattern-size:auto}.elementor-widget-divider--bg-round{--divider-pattern-repeat:round}.rtl .elementor-widget-divider .elementor-divider__text{direction:rtl}.e-con-inner>.elementor-widget-divider,.e-con>.elementor-widget-divider{width:var(--container-widget-width,100%);--flex-grow:var(--container-widget-flex-grow)}<\/style>\t\t<div class=\"elementor-divider\">\n\t\t\t<span class=\"elementor-divider-separator\">\n\t\t\t\t\t\t<\/span>\n\t\t<\/div>\n\t\t\t\t<\/div>\n\t\t\t\t<\/div>\n\t\t\t\t<div class=\"elementor-element elementor-element-50442d4 elementor-widget elementor-widget-text-editor\" data-id=\"50442d4\" data-element_type=\"widget\" data-widget_type=\"text-editor.default\">\n\t\t\t\t<div class=\"elementor-widget-container\">\n\t\t\t\t\t\t\t<p>En este espacio puedes encontrar enlaces a otras entidades e instituciones que te pueden resultar \u00fatiles en tu b\u00fasqueda de empleo.<\/p>\t\t\t\t\t\t<\/div>\n\t\t\t\t<\/div>\n\t\t\t\t\t<\/div>\n\t\t<\/div>\n\t\t\t\t<div class=\"elementor-column elementor-col-50 elementor-top-column elementor-element elementor-element-0090f6e\" data-id=\"0090f6e\" data-element_type=\"column\">\n\t\t\t<div class=\"elementor-widget-wrap elementor-element-populated\">\n\t\t\t\t\t\t\t\t<div class=\"elementor-element elementor-element-4d5a1f1 elementor-widget elementor-widget-image\" data-id=\"4d5a1f1\" data-element_type=\"widget\" data-widget_type=\"image.default\">\n\t\t\t\t<div class=\"elementor-widget-container\">\n\t\t\t\t\t\t\t\t\t\t\t\t\t\t\t<img loading=\"lazy\" decoding=\"async\" width=\"800\" height=\"459\" src=\"https:\/\/www.unioviedo.es\/talentuo\/wp-content\/uploads\/2023\/05\/Ensenales-al-mundo.jpeg\" class=\"attachment-large size-large wp-image-226\" alt=\"\" srcset=\"https:\/\/www.unioviedo.es\/talentuo\/wp-content\/uploads\/2023\/05\/Ensenales-al-mundo.jpeg 1024w, https:\/\/www.unioviedo.es\/talentuo\/wp-content\/uploads\/2023\/05\/Ensenales-al-mundo-300x172.jpeg 300w, https:\/\/www.unioviedo.es\/talentuo\/wp-content\/uploads\/2023\/05\/Ensenales-al-mundo-768x440.jpeg 768w\" sizes=\"auto, (max-width: 800px) 100vw, 800px\" \/>\t\t\t\t\t\t\t\t\t\t\t\t\t\t\t<\/div>\n\t\t\t\t<\/div>\n\t\t\t\t\t<\/div>\n\t\t<\/div>\n\t\t\t\t\t\t\t<\/div>\n\t\t<\/section>\n\t\t\t\t<section class=\"elementor-section elementor-top-section elementor-element elementor-element-87cb1b6 elementor-section-boxed elementor-section-height-default elementor-section-height-default\" data-id=\"87cb1b6\" data-element_type=\"section\">\n\t\t\t\t\t\t<div class=\"elementor-container elementor-column-gap-default\">\n\t\t\t\t\t<div class=\"elementor-column elementor-col-33 elementor-top-column elementor-element elementor-element-3421c0c\" data-id=\"3421c0c\" data-element_type=\"column\">\n\t\t\t<div class=\"elementor-widget-wrap elementor-element-populated\">\n\t\t\t\t\t\t\t\t<div class=\"elementor-element elementor-element-dcd5c6d elementor-widget elementor-widget-image\" data-id=\"dcd5c6d\" data-element_type=\"widget\" data-widget_type=\"image.default\">\n\t\t\t\t<div class=\"elementor-widget-container\">\n\t\t\t\t\t\t\t\t\t\t\t\t\t\t\t\t<a href=\"https:\/\/trabajastur.asturias.es\/\">\n\t\t\t\t\t\t\t<img loading=\"lazy\" decoding=\"async\" width=\"271\" height=\"94\" src=\"https:\/\/www.unioviedo.es\/talentuo\/wp-content\/uploads\/2023\/05\/sepepa4.jpg\" class=\"attachment-large size-large wp-image-298\" alt=\"\" \/>\t\t\t\t\t\t\t\t<\/a>\n\t\t\t\t\t\t\t\t\t\t\t\t\t\t\t<\/div>\n\t\t\t\t<\/div>\n\t\t\t\t\t<\/div>\n\t\t<\/div>\n\t\t\t\t<div class=\"elementor-column elementor-col-33 elementor-top-column elementor-element elementor-element-39c4c7a\" data-id=\"39c4c7a\" data-element_type=\"column\">\n\t\t\t<div class=\"elementor-widget-wrap elementor-element-populated\">\n\t\t\t\t\t\t\t\t<div class=\"elementor-element elementor-element-8417e4c elementor-widget elementor-widget-image\" data-id=\"8417e4c\" data-element_type=\"widget\" data-widget_type=\"image.default\">\n\t\t\t\t<div class=\"elementor-widget-container\">\n\t\t\t\t\t\t\t\t\t\t\t\t\t\t\t\t<a href=\"http:\/\/cocemfeasturias.es\">\n\t\t\t\t\t\t\t<img loading=\"lazy\" decoding=\"async\" width=\"353\" height=\"101\" src=\"https:\/\/www.unioviedo.es\/talentuo\/wp-content\/uploads\/2023\/05\/cocemfe.png\" class=\"attachment-large size-large wp-image-297\" alt=\"\" srcset=\"https:\/\/www.unioviedo.es\/talentuo\/wp-content\/uploads\/2023\/05\/cocemfe.png 353w, https:\/\/www.unioviedo.es\/talentuo\/wp-content\/uploads\/2023\/05\/cocemfe-300x86.png 300w\" sizes=\"auto, (max-width: 353px) 100vw, 353px\" \/>\t\t\t\t\t\t\t\t<\/a>\n\t\t\t\t\t\t\t\t\t\t\t\t\t\t\t<\/div>\n\t\t\t\t<\/div>\n\t\t\t\t\t<\/div>\n\t\t<\/div>\n\t\t\t\t<div class=\"elementor-column elementor-col-33 elementor-top-column elementor-element elementor-element-5cd549c\" data-id=\"5cd549c\" data-element_type=\"column\">\n\t\t\t<div class=\"elementor-widget-wrap elementor-element-populated\">\n\t\t\t\t\t\t\t\t<div class=\"elementor-element elementor-element-9c5d168 elementor-widget elementor-widget-image\" data-id=\"9c5d168\" data-element_type=\"widget\" data-widget_type=\"image.default\">\n\t\t\t\t<div class=\"elementor-widget-container\">\n\t\t\t\t\t\t\t\t\t\t\t\t\t\t\t\t<a href=\"https:\/\/www.insertaempleo.es\/\">\n\t\t\t\t\t\t\t<img loading=\"lazy\" decoding=\"async\" width=\"301\" height=\"81\" src=\"https:\/\/www.unioviedo.es\/talentuo\/wp-content\/uploads\/2023\/05\/inserta.png\" class=\"attachment-large size-large wp-image-296\" alt=\"\" \/>\t\t\t\t\t\t\t\t<\/a>\n\t\t\t\t\t\t\t\t\t\t\t\t\t\t\t<\/div>\n\t\t\t\t<\/div>\n\t\t\t\t\t<\/div>\n\t\t<\/div>\n\t\t\t\t\t\t\t<\/div>\n\t\t<\/section>\n\t\t\t\t<section class=\"elementor-section elementor-top-section elementor-element elementor-element-50c4471 elementor-section-boxed elementor-section-height-default elementor-section-height-default\" data-id=\"50c4471\" data-element_type=\"section\">\n\t\t\t\t\t\t<div class=\"elementor-container elementor-column-gap-default\">\n\t\t\t\t\t<div class=\"elementor-column elementor-col-25 elementor-top-column elementor-element elementor-element-0dc9719\" data-id=\"0dc9719\" data-element_type=\"column\">\n\t\t\t<div class=\"elementor-widget-wrap elementor-element-populated\">\n\t\t\t\t\t\t\t\t<div class=\"elementor-element elementor-element-db05f40 elementor-widget elementor-widget-image\" data-id=\"db05f40\" data-element_type=\"widget\" data-widget_type=\"image.default\">\n\t\t\t\t<div class=\"elementor-widget-container\">\n\t\t\t\t\t\t\t\t\t\t\t\t\t\t\t<img loading=\"lazy\" decoding=\"async\" width=\"800\" height=\"456\" src=\"https:\/\/www.unioviedo.es\/talentuo\/wp-content\/uploads\/2023\/07\/compromiso-asturiasxxi-1024x584.png\" class=\"attachment-large size-large wp-image-1657\" alt=\"\" srcset=\"https:\/\/www.unioviedo.es\/talentuo\/wp-content\/uploads\/2023\/07\/compromiso-asturiasxxi-1024x584.png 1024w, https:\/\/www.unioviedo.es\/talentuo\/wp-content\/uploads\/2023\/07\/compromiso-asturiasxxi-300x171.png 300w, https:\/\/www.unioviedo.es\/talentuo\/wp-content\/uploads\/2023\/07\/compromiso-asturiasxxi-768x438.png 768w, https:\/\/www.unioviedo.es\/talentuo\/wp-content\/uploads\/2023\/07\/compromiso-asturiasxxi-1536x876.png 1536w, https:\/\/www.unioviedo.es\/talentuo\/wp-content\/uploads\/2023\/07\/compromiso-asturiasxxi-2048x1169.png 2048w\" sizes=\"auto, (max-width: 800px) 100vw, 800px\" \/>\t\t\t\t\t\t\t\t\t\t\t\t\t\t\t<\/div>\n\t\t\t\t<\/div>\n\t\t\t\t\t<\/div>\n\t\t<\/div>\n\t\t\t\t<div class=\"elementor-column elementor-col-25 elementor-top-column elementor-element elementor-element-549226d\" data-id=\"549226d\" data-element_type=\"column\">\n\t\t\t<div class=\"elementor-widget-wrap elementor-element-populated\">\n\t\t\t\t\t\t\t\t<div class=\"elementor-element elementor-element-f8fc3c4 elementor-widget elementor-widget-text-editor\" data-id=\"f8fc3c4\" data-element_type=\"widget\" data-widget_type=\"text-editor.default\">\n\t\t\t\t<div class=\"elementor-widget-container\">\n\t\t\t\t\t\t\t<p>Este \u202f<span style=\"color: #008080;\"><a style=\"color: #008080;\" href=\"https:\/\/www.compromisoasturiasxxi.es\/mentoring\/\">Programa de Mentoring<\/a>\u202f<\/span>ofrece orientaci\u00f3n profesional a estudiantes de \u00faltimo a\u00f1o de carrera gracias a la colaboraci\u00f3n de profesionales asturianos que act\u00faan como mentores.<\/p>\t\t\t\t\t\t<\/div>\n\t\t\t\t<\/div>\n\t\t\t\t\t<\/div>\n\t\t<\/div>\n\t\t\t\t<div class=\"elementor-column elementor-col-25 elementor-top-column elementor-element elementor-element-9c2215b\" data-id=\"9c2215b\" data-element_type=\"column\">\n\t\t\t<div class=\"elementor-widget-wrap elementor-element-populated\">\n\t\t\t\t\t\t\t\t<div class=\"elementor-element elementor-element-f0dc29f elementor-widget elementor-widget-image\" data-id=\"f0dc29f\" data-element_type=\"widget\" data-widget_type=\"image.default\">\n\t\t\t\t<div class=\"elementor-widget-container\">\n\t\t\t\t\t\t\t\t\t\t\t\t\t\t\t<img loading=\"lazy\" decoding=\"async\" width=\"800\" height=\"454\" src=\"https:\/\/www.unioviedo.es\/talentuo\/wp-content\/uploads\/2023\/07\/secot_logo-1024x581.jpg\" class=\"attachment-large size-large wp-image-1659\" alt=\"\" srcset=\"https:\/\/www.unioviedo.es\/talentuo\/wp-content\/uploads\/2023\/07\/secot_logo-1024x581.jpg 1024w, https:\/\/www.unioviedo.es\/talentuo\/wp-content\/uploads\/2023\/07\/secot_logo-300x170.jpg 300w, https:\/\/www.unioviedo.es\/talentuo\/wp-content\/uploads\/2023\/07\/secot_logo-768x436.jpg 768w, https:\/\/www.unioviedo.es\/talentuo\/wp-content\/uploads\/2023\/07\/secot_logo-1536x872.jpg 1536w, https:\/\/www.unioviedo.es\/talentuo\/wp-content\/uploads\/2023\/07\/secot_logo-2048x1163.jpg 2048w\" sizes=\"auto, (max-width: 800px) 100vw, 800px\" \/>\t\t\t\t\t\t\t\t\t\t\t\t\t\t\t<\/div>\n\t\t\t\t<\/div>\n\t\t\t\t\t<\/div>\n\t\t<\/div>\n\t\t\t\t<div class=\"elementor-column elementor-col-25 elementor-top-column elementor-element elementor-element-fd31587\" data-id=\"fd31587\" data-element_type=\"column\">\n\t\t\t<div class=\"elementor-widget-wrap elementor-element-populated\">\n\t\t\t\t\t\t\t\t<div class=\"elementor-element elementor-element-58f25a7 elementor-widget elementor-widget-text-editor\" data-id=\"58f25a7\" data-element_type=\"widget\" data-widget_type=\"text-editor.default\">\n\t\t\t\t<div class=\"elementor-widget-container\">\n\t\t\t\t\t\t\t<p><span style=\"color: #008080;\"><a style=\"color: #008080;\" href=\"https:\/\/asturias.secot.org\/\">Seniors Espa\u00f1oles para la Cooperaci\u00f3n T\u00e9cnica &#8211; Secot<\/a><\/span><span style=\"color: #008000;\">&#8211;<\/span> es una asociaci\u00f3n formada por profesionales, directivos y empresarios seniors voluntarios. Por medio de un acuerdo con la Universidad de Oviedo se ha creado la Oficina del Egresado Universitario. Si est\u00e1s en \u00faltimo curso de carrera, en esta oficina te pueden asesorar tanto sobre tus posibles ideas de negocio como para ayudarte a descubrir tus competencias directivas.<\/p>\t\t\t\t\t\t<\/div>\n\t\t\t\t<\/div>\n\t\t\t\t\t<\/div>\n\t\t<\/div>\n\t\t\t\t\t\t\t<\/div>\n\t\t<\/section>\n\t\t\t\t<section class=\"elementor-section elementor-top-section elementor-element elementor-element-025c9b1 elementor-section-boxed elementor-section-height-default elementor-section-height-default\" data-id=\"025c9b1\" data-element_type=\"section\">\n\t\t\t\t\t\t<div class=\"elementor-container elementor-column-gap-default\">\n\t\t\t\t\t<div class=\"elementor-column elementor-col-100 elementor-top-column elementor-element elementor-element-37a59fd\" data-id=\"37a59fd\" data-element_type=\"column\">\n\t\t\t<div class=\"elementor-widget-wrap\">\n\t\t\t\t\t\t\t\t\t<\/div>\n\t\t<\/div>\n\t\t\t\t\t\t\t<\/div>\n\t\t<\/section>\n\t\t\t\t\t\t\t<\/div>\n\t\t","protected":false},"excerpt":{"rendered":"<p>Otras Instituciones En este espacio puedes encontrar enlaces a otras entidades e instituciones que te pueden resultar \u00fatiles en tu b\u00fasqueda de empleo. Este \u202fPrograma de Mentoring\u202fofrece orientaci\u00f3n profesional a estudiantes de \u00faltimo a\u00f1o de carrera gracias a la colaboraci\u00f3n de profesionales asturianos que act\u00faan como mentores. Seniors Espa\u00f1oles para la Cooperaci\u00f3n T\u00e9cnica &#8211; Secot&#8211; [&hellip;]<\/p>\n","protected":false},"author":1,"featured_media":0,"parent":0,"menu_order":0,"comment_status":"closed","ping_status":"closed","template":"elementor_theme","meta":{"footnotes":""},"class_list":["post-3556","page","type-page","status-publish","hentry"],"_links":{"self":[{"href":"https:\/\/www.unioviedo.es\/talentuo\/wp-json\/wp\/v2\/pages\/3556","targetHints":{"allow":["GET"]}}],"collection":[{"href":"https:\/\/www.unioviedo.es\/talentuo\/wp-json\/wp\/v2\/pages"}],"about":[{"href":"https:\/\/www.unioviedo.es\/talentuo\/wp-json\/wp\/v2\/types\/page"}],"author":[{"embeddable":true,"href":"https:\/\/www.unioviedo.es\/talentuo\/wp-json\/wp\/v2\/users\/1"}],"replies":[{"embeddable":true,"href":"https:\/\/www.unioviedo.es\/talentuo\/wp-json\/wp\/v2\/comments?post=3556"}],"version-history":[{"count":8,"href":"https:\/\/www.unioviedo.es\/talentuo\/wp-json\/wp\/v2\/pages\/3556\/revisions"}],"predecessor-version":[{"id":3574,"href":"https:\/\/www.unioviedo.es\/talentuo\/wp-json\/wp\/v2\/pages\/3556\/revisions\/3574"}],"wp:attachment":[{"href":"https:\/\/www.unioviedo.es\/talentuo\/wp-json\/wp\/v2\/media?parent=3556"}],"curies":[{"name":"wp","href":"https:\/\/api.w.org\/{rel}","templated":true}]}}