{"id":371,"date":"2023-05-02T14:41:48","date_gmt":"2023-05-02T14:41:48","guid":{"rendered":"https:\/\/www.unioviedo.es\/talentuo\/?page_id=371"},"modified":"2024-10-03T16:25:01","modified_gmt":"2024-10-03T14:25:01","slug":"contacto","status":"publish","type":"page","link":"https:\/\/www.unioviedo.es\/talentuo\/contacto\/","title":{"rendered":"Atencion"},"content":{"rendered":"\t\t<div data-elementor-type=\"wp-page\" data-elementor-id=\"371\" class=\"elementor elementor-371\">\n\t\t\t\t\t\t\t\t\t<section class=\"elementor-section elementor-top-section elementor-element elementor-element-f20e5d9 elementor-section-boxed elementor-section-height-default elementor-section-height-default\" data-id=\"f20e5d9\" data-element_type=\"section\">\n\t\t\t\t\t\t<div class=\"elementor-container elementor-column-gap-default\">\n\t\t\t\t\t<div class=\"elementor-column elementor-col-25 elementor-top-column elementor-element elementor-element-b177720\" data-id=\"b177720\" data-element_type=\"column\" data-settings=\"{&quot;background_background&quot;:&quot;classic&quot;}\">\n\t\t\t<div class=\"elementor-widget-wrap elementor-element-populated\">\n\t\t\t\t\t\t\t\t<div class=\"elementor-element elementor-element-e8e24ae elementor-widget elementor-widget-text-editor\" data-id=\"e8e24ae\" data-element_type=\"widget\" data-widget_type=\"text-editor.default\">\n\t\t\t\t<div class=\"elementor-widget-container\">\n\t\t\t<style>\/*! elementor - v3.13.1 - 09-05-2023 *\/\n.elementor-widget-text-editor.elementor-drop-cap-view-stacked .elementor-drop-cap{background-color:#69727d;color:#fff}.elementor-widget-text-editor.elementor-drop-cap-view-framed .elementor-drop-cap{color:#69727d;border:3px solid;background-color:transparent}.elementor-widget-text-editor:not(.elementor-drop-cap-view-default) .elementor-drop-cap{margin-top:8px}.elementor-widget-text-editor:not(.elementor-drop-cap-view-default) .elementor-drop-cap-letter{width:1em;height:1em}.elementor-widget-text-editor .elementor-drop-cap{float:left;text-align:center;line-height:1;font-size:50px}.elementor-widget-text-editor .elementor-drop-cap-letter{display:inline-block}<\/style>\t\t\t\t<p class=\"p1\"><span style=\"color: #ffffff;\"><a style=\"color: #ffffff;\" href=\"https:\/\/www.unioviedo.es\/talentuo\/wp-content\/uploads\/2024\/01\/Diptico-HpE-TalentUO.pdf\">Busco empleo<\/a><\/span><\/p>\t\t\t\t\t\t<\/div>\n\t\t\t\t<\/div>\n\t\t\t\t<div class=\"elementor-element elementor-element-0df609c elementor-widget elementor-widget-text-editor\" data-id=\"0df609c\" data-element_type=\"widget\" data-widget_type=\"text-editor.default\">\n\t\t\t\t<div class=\"elementor-widget-container\">\n\t\t\t\t\t\t\tSi eres estudiante o ya has acabado tus estudios y est\u00e1s buscando empleo\npodemos ayudarte a hacer un diagn\u00f3stico de tu situaci\u00f3n, ofrecerte informaci\u00f3n, formaci\u00f3n y asesoramiento para que definas tu objetivo profesional, dise\u00f1es tu propia estrategia de b\u00fasqueda de empleo, adaptes tus herramientas de b\u00fasqueda de empleo o simplemente resolver las dudas que tengas en este sentido.\t\t\t\t\t\t<\/div>\n\t\t\t\t<\/div>\n\t\t\t\t<div class=\"elementor-element elementor-element-d9e5e13 elementor-widget elementor-widget-button\" data-id=\"d9e5e13\" data-element_type=\"widget\" data-widget_type=\"button.default\">\n\t\t\t\t<div class=\"elementor-widget-container\">\n\t\t\t\t\t<div class=\"elementor-button-wrapper\">\n\t\t\t<a href=\"https:\/\/www.unioviedo.es\/talentuo\/#formulario\" class=\"elementor-button-link elementor-button elementor-size-sm\" role=\"button\">\n\t\t\t\t\t\t<span class=\"elementor-button-content-wrapper\">\n\t\t\t\t\t\t<span class=\"elementor-button-text\">CONTACTA<\/span>\n\t\t<\/span>\n\t\t\t\t\t<\/a>\n\t\t<\/div>\n\t\t\t\t<\/div>\n\t\t\t\t<\/div>\n\t\t\t\t\t<\/div>\n\t\t<\/div>\n\t\t\t\t<div class=\"elementor-column elementor-col-25 elementor-top-column elementor-element elementor-element-f87aa08\" data-id=\"f87aa08\" data-element_type=\"column\" data-settings=\"{&quot;background_background&quot;:&quot;classic&quot;}\">\n\t\t\t<div class=\"elementor-widget-wrap elementor-element-populated\">\n\t\t\t\t\t\t\t\t<div class=\"elementor-element elementor-element-eb7273b elementor-widget elementor-widget-text-editor\" data-id=\"eb7273b\" data-element_type=\"widget\" data-widget_type=\"text-editor.default\">\n\t\t\t\t<div class=\"elementor-widget-container\">\n\t\t\t\t\t\t\t<p class=\"p1\">Busco talento<\/p>\t\t\t\t\t\t<\/div>\n\t\t\t\t<\/div>\n\t\t\t\t<div class=\"elementor-element elementor-element-016ea01 elementor-widget elementor-widget-text-editor\" data-id=\"016ea01\" data-element_type=\"widget\" data-widget_type=\"text-editor.default\">\n\t\t\t\t<div class=\"elementor-widget-container\">\n\t\t\t\t\t\t\tSi eres una empresa que busca personal, quiere conocer perfiles profesionales determinados o participar en alg\u00fan evento de networking.\t\t\t\t\t\t<\/div>\n\t\t\t\t<\/div>\n\t\t\t\t<div class=\"elementor-element elementor-element-08d4adc elementor-widget elementor-widget-button\" data-id=\"08d4adc\" data-element_type=\"widget\" data-widget_type=\"button.default\">\n\t\t\t\t<div class=\"elementor-widget-container\">\n\t\t\t\t\t<div class=\"elementor-button-wrapper\">\n\t\t\t<a href=\"https:\/\/www.unioviedo.es\/talentuo\/#formulario\" class=\"elementor-button-link elementor-button elementor-size-sm\" role=\"button\">\n\t\t\t\t\t\t<span class=\"elementor-button-content-wrapper\">\n\t\t\t\t\t\t<span class=\"elementor-button-text\">CONTACTA<\/span>\n\t\t<\/span>\n\t\t\t\t\t<\/a>\n\t\t<\/div>\n\t\t\t\t<\/div>\n\t\t\t\t<\/div>\n\t\t\t\t\t<\/div>\n\t\t<\/div>\n\t\t\t\t<div class=\"elementor-column elementor-col-50 elementor-top-column elementor-element elementor-element-d22f848\" data-id=\"d22f848\" data-element_type=\"column\">\n\t\t\t<div class=\"elementor-widget-wrap elementor-element-populated\">\n\t\t\t\t\t\t\t\t<div class=\"elementor-element elementor-element-5bc4c93 elementor-widget elementor-widget-image\" data-id=\"5bc4c93\" data-element_type=\"widget\" data-widget_type=\"image.default\">\n\t\t\t\t<div class=\"elementor-widget-container\">\n\t\t\t<style>\/*! elementor - v3.13.1 - 09-05-2023 *\/\n.elementor-widget-image{text-align:center}.elementor-widget-image a{display:inline-block}.elementor-widget-image a img[src$=\".svg\"]{width:48px}.elementor-widget-image img{vertical-align:middle;display:inline-block}<\/style>\t\t\t\t\t\t\t\t\t\t\t\t<img loading=\"lazy\" decoding=\"async\" width=\"669\" height=\"491\" src=\"https:\/\/www.unioviedo.es\/talentuo\/wp-content\/uploads\/2023\/05\/Contacto-1.jpg\" class=\"attachment-large size-large wp-image-1000\" alt=\"\" srcset=\"https:\/\/www.unioviedo.es\/talentuo\/wp-content\/uploads\/2023\/05\/Contacto-1.jpg 669w, https:\/\/www.unioviedo.es\/talentuo\/wp-content\/uploads\/2023\/05\/Contacto-1-300x220.jpg 300w\" sizes=\"auto, (max-width: 669px) 100vw, 669px\" \/>\t\t\t\t\t\t\t\t\t\t\t\t\t\t\t<\/div>\n\t\t\t\t<\/div>\n\t\t\t\t\t<\/div>\n\t\t<\/div>\n\t\t\t\t\t\t\t<\/div>\n\t\t<\/section>\n\t\t\t\t\t\t\t<\/div>\n\t\t","protected":false},"excerpt":{"rendered":"<p>Busco empleo Si eres estudiante o ya has acabado tus estudios y est\u00e1s buscando empleo podemos ayudarte a hacer un diagn\u00f3stico de tu situaci\u00f3n, ofrecerte informaci\u00f3n, formaci\u00f3n y asesoramiento para que definas tu objetivo profesional, dise\u00f1es tu propia estrategia de b\u00fasqueda de empleo, adaptes tus herramientas de b\u00fasqueda de empleo o simplemente resolver las dudas [&hellip;]<\/p>\n","protected":false},"author":1,"featured_media":0,"parent":0,"menu_order":0,"comment_status":"closed","ping_status":"closed","template":"elementor_theme","meta":{"footnotes":""},"class_list":["post-371","page","type-page","status-publish","hentry"],"_links":{"self":[{"href":"https:\/\/www.unioviedo.es\/talentuo\/wp-json\/wp\/v2\/pages\/371","targetHints":{"allow":["GET"]}}],"collection":[{"href":"https:\/\/www.unioviedo.es\/talentuo\/wp-json\/wp\/v2\/pages"}],"about":[{"href":"https:\/\/www.unioviedo.es\/talentuo\/wp-json\/wp\/v2\/types\/page"}],"author":[{"embeddable":true,"href":"https:\/\/www.unioviedo.es\/talentuo\/wp-json\/wp\/v2\/users\/1"}],"replies":[{"embeddable":true,"href":"https:\/\/www.unioviedo.es\/talentuo\/wp-json\/wp\/v2\/comments?post=371"}],"version-history":[{"count":201,"href":"https:\/\/www.unioviedo.es\/talentuo\/wp-json\/wp\/v2\/pages\/371\/revisions"}],"predecessor-version":[{"id":3560,"href":"https:\/\/www.unioviedo.es\/talentuo\/wp-json\/wp\/v2\/pages\/371\/revisions\/3560"}],"wp:attachment":[{"href":"https:\/\/www.unioviedo.es\/talentuo\/wp-json\/wp\/v2\/media?parent=371"}],"curies":[{"name":"wp","href":"https:\/\/api.w.org\/{rel}","templated":true}]}}