{"id":1477,"date":"2017-01-27T18:01:56","date_gmt":"2017-01-27T18:01:56","guid":{"rendered":"https:\/\/www.unioviedo.es\/urbanred\/?page_id=6"},"modified":"2017-01-27T18:01:56","modified_gmt":"2017-01-27T18:01:56","slug":"contact","status":"publish","type":"page","link":"https:\/\/www.unioviedo.es\/urbanred\/en\/contact\/","title":{"rendered":"Contact"},"content":{"rendered":"\n<div class=\"wp-block-columns is-layout-flex wp-container-core-columns-is-layout-1 wp-block-columns-is-layout-flex\">\n<div class=\"wp-block-column is-layout-flow wp-block-column-is-layout-flow\" style=\"flex-basis:33.33%\">\n<p style=\"font-size:24px\">Mar\u00eda Rosario <br> Alonso Ib\u00e1\u00f1ez<\/p>\n<\/div>\n\n\n\n<div class=\"wp-block-column is-layout-flow wp-block-column-is-layout-flow\" style=\"flex-basis:66.66%\">\n<p><strong>Address<\/strong><br> Departamento de Derecho Publico de la Universidad de Oviedo <br> C\/ Catedr\u00e1tico Valent\u00edn Andr\u00e9s \u00c1lvarez s\/n <br> Campus de El Cristo <br> 33006 &#8211; Oviedo\/Uvi\u00e9u <br> Asturias, Spain<\/p>\n\n\n\n<p><strong>Phone<\/strong><br>+34985103860<\/p>\n\n\n\n<p><strong>e-mail<\/strong><br> ProyectoUrbanRed@gmail.com<\/p>\n<\/div>\n<\/div>\n\n\n\n<p><\/p>\n","protected":false},"excerpt":{"rendered":"<p>Mar\u00eda Rosario Alonso Ib\u00e1\u00f1ez Address Departamento de Derecho Publico de la Universidad de Oviedo C\/ Catedr\u00e1tico Valent\u00edn Andr\u00e9s \u00c1lvarez s\/n Campus de El Cristo 33006 &#8211; Oviedo\/Uvi\u00e9u Asturias, Spain Phone+34985103860 e-mail ProyectoUrbanRed@gmail.com<\/p>\n","protected":false},"author":1,"featured_media":0,"parent":0,"menu_order":0,"comment_status":"closed","ping_status":"closed","template":"","meta":{"footnotes":""},"class_list":["post-1477","page","type-page","status-publish","hentry"],"_links":{"self":[{"href":"https:\/\/www.unioviedo.es\/urbanred\/wp-json\/wp\/v2\/pages\/1477","targetHints":{"allow":["GET"]}}],"collection":[{"href":"https:\/\/www.unioviedo.es\/urbanred\/wp-json\/wp\/v2\/pages"}],"about":[{"href":"https:\/\/www.unioviedo.es\/urbanred\/wp-json\/wp\/v2\/types\/page"}],"author":[{"embeddable":true,"href":"https:\/\/www.unioviedo.es\/urbanred\/wp-json\/wp\/v2\/users\/1"}],"replies":[{"embeddable":true,"href":"https:\/\/www.unioviedo.es\/urbanred\/wp-json\/wp\/v2\/comments?post=1477"}],"version-history":[{"count":0,"href":"https:\/\/www.unioviedo.es\/urbanred\/wp-json\/wp\/v2\/pages\/1477\/revisions"}],"wp:attachment":[{"href":"https:\/\/www.unioviedo.es\/urbanred\/wp-json\/wp\/v2\/media?parent=1477"}],"curies":[{"name":"wp","href":"https:\/\/api.w.org\/{rel}","templated":true}]}}