{"id":1486,"date":"2021-11-02T12:47:58","date_gmt":"2021-11-02T11:47:58","guid":{"rendered":"https:\/\/www.unioviedo.es\/urbanred\/?page_id=1486"},"modified":"2023-12-20T12:12:26","modified_gmt":"2023-12-20T11:12:26","slug":"que-es-urban-red","status":"publish","type":"page","link":"https:\/\/www.unioviedo.es\/urbanred\/que-es-urban-red\/","title":{"rendered":"Qu\u00e9 es Urban Red"},"content":{"rendered":"\n<figure class=\"wp-block-image size-large\"><img loading=\"lazy\" decoding=\"async\" width=\"1024\" height=\"291\" src=\"https:\/\/www.unioviedo.es\/urbanred\/wp-content\/uploads\/2021\/03\/Logo-Urban-Red-2-1024x291.png\" alt=\"\" class=\"wp-image-851\" srcset=\"https:\/\/www.unioviedo.es\/urbanred\/wp-content\/uploads\/2021\/03\/Logo-Urban-Red-2-1024x291.png 1024w, https:\/\/www.unioviedo.es\/urbanred\/wp-content\/uploads\/2021\/03\/Logo-Urban-Red-2-300x85.png 300w, https:\/\/www.unioviedo.es\/urbanred\/wp-content\/uploads\/2021\/03\/Logo-Urban-Red-2-768x218.png 768w, https:\/\/www.unioviedo.es\/urbanred\/wp-content\/uploads\/2021\/03\/Logo-Urban-Red-2-1536x436.png 1536w, https:\/\/www.unioviedo.es\/urbanred\/wp-content\/uploads\/2021\/03\/Logo-Urban-Red-2-2048x582.png 2048w\" sizes=\"auto, (max-width: 767px) 89vw, (max-width: 1000px) 54vw, (max-width: 1071px) 543px, 580px\" \/><\/figure>\n\n\n\n<p><strong>URBAN RED<\/strong> es una Red Tem\u00e1tica sobre Desarrollo Urbano Sostenible. Tuvo su origen en un proyecto enmarcado en la Convocatoria 2015 de Acciones de dinamizaci\u00f3n \u00abRedes de Excelencia\u00bb, del Programa Estatal de Investigaci\u00f3n Cient\u00edfica y T\u00e9cnica de Excelencia, Subprograma Estatal de Generaci\u00f3n de Conocimiento, en el marco del Plan Estatal de Investigaci\u00f3n Cient\u00edfica y T\u00e9cnica y de Innovaci\u00f3n 2013-2016 (Proyecto: DER2015-71345-REDT).<\/p>\n\n\n\n<p>Desde entonces, <strong>URBAN RED<\/strong> se ha consolidado como un espacio de intercambio de conocimiento experto y de experiencias recientes sobre el desarrollo sostenible en ciudades y territorios, involucrando las aproximaciones multidisciplinares que se proyectan sobre la complejidad del fen\u00f3meno urbano, con aportaciones que abarcan las dimensiones social, econ\u00f3mica, medioambiental e institucional.&nbsp;<\/p>\n","protected":false},"excerpt":{"rendered":"<p>URBAN RED es una Red Tem\u00e1tica sobre Desarrollo Urbano Sostenible. Tuvo su origen en un proyecto enmarcado en la Convocatoria 2015 de Acciones de dinamizaci\u00f3n \u00abRedes de Excelencia\u00bb, del Programa Estatal de Investigaci\u00f3n Cient\u00edfica y T\u00e9cnica de Excelencia, Subprograma Estatal de Generaci\u00f3n de Conocimiento, en el marco del Plan Estatal de Investigaci\u00f3n Cient\u00edfica y T\u00e9cnica &hellip; <\/p>\n<p class=\"link-more\"><a href=\"https:\/\/www.unioviedo.es\/urbanred\/que-es-urban-red\/\" class=\"more-link\">Continuar leyendo<span class=\"screen-reader-text\"> \u00abQu\u00e9 es Urban Red\u00bb<\/span><\/a><\/p>\n","protected":false},"author":2,"featured_media":0,"parent":0,"menu_order":0,"comment_status":"closed","ping_status":"closed","template":"","meta":{"footnotes":""},"class_list":["post-1486","page","type-page","status-publish","hentry"],"_links":{"self":[{"href":"https:\/\/www.unioviedo.es\/urbanred\/wp-json\/wp\/v2\/pages\/1486","targetHints":{"allow":["GET"]}}],"collection":[{"href":"https:\/\/www.unioviedo.es\/urbanred\/wp-json\/wp\/v2\/pages"}],"about":[{"href":"https:\/\/www.unioviedo.es\/urbanred\/wp-json\/wp\/v2\/types\/page"}],"author":[{"embeddable":true,"href":"https:\/\/www.unioviedo.es\/urbanred\/wp-json\/wp\/v2\/users\/2"}],"replies":[{"embeddable":true,"href":"https:\/\/www.unioviedo.es\/urbanred\/wp-json\/wp\/v2\/comments?post=1486"}],"version-history":[{"count":3,"href":"https:\/\/www.unioviedo.es\/urbanred\/wp-json\/wp\/v2\/pages\/1486\/revisions"}],"predecessor-version":[{"id":1611,"href":"https:\/\/www.unioviedo.es\/urbanred\/wp-json\/wp\/v2\/pages\/1486\/revisions\/1611"}],"wp:attachment":[{"href":"https:\/\/www.unioviedo.es\/urbanred\/wp-json\/wp\/v2\/media?parent=1486"}],"curies":[{"name":"wp","href":"https:\/\/api.w.org\/{rel}","templated":true}]}}