{"id":1678,"date":"2022-04-04T12:05:00","date_gmt":"2022-04-04T10:05:00","guid":{"rendered":"https:\/\/www.unioviedo.es\/urbanred\/?page_id=1678"},"modified":"2022-04-19T13:07:04","modified_gmt":"2022-04-19T11:07:04","slug":"boletin202205","status":"publish","type":"page","link":"https:\/\/www.unioviedo.es\/urbanred\/boletin202205\/","title":{"rendered":"Bolet\u00edn n\u00ba 5, enero-marzo 2022"},"content":{"rendered":"\n<div class=\"wp-block-media-text alignwide is-stacked-on-mobile is-vertically-aligned-center\" style=\"grid-template-columns:31% auto\"><figure class=\"wp-block-media-text__media\"><img loading=\"lazy\" decoding=\"async\" width=\"772\" height=\"772\" src=\"https:\/\/www.unioviedo.es\/urbanred\/wp-content\/uploads\/2021\/03\/Boletin-Observatorio.png\" alt=\"\" class=\"wp-image-857 size-full\" srcset=\"https:\/\/www.unioviedo.es\/urbanred\/wp-content\/uploads\/2021\/03\/Boletin-Observatorio.png 772w, https:\/\/www.unioviedo.es\/urbanred\/wp-content\/uploads\/2021\/03\/Boletin-Observatorio-300x300.png 300w, https:\/\/www.unioviedo.es\/urbanred\/wp-content\/uploads\/2021\/03\/Boletin-Observatorio-150x150.png 150w, https:\/\/www.unioviedo.es\/urbanred\/wp-content\/uploads\/2021\/03\/Boletin-Observatorio-768x768.png 768w, https:\/\/www.unioviedo.es\/urbanred\/wp-content\/uploads\/2021\/03\/Boletin-Observatorio-100x100.png 100w\" sizes=\"auto, (max-width: 767px) 89vw, (max-width: 1000px) 54vw, (max-width: 1071px) 543px, 580px\" \/><\/figure><div class=\"wp-block-media-text__content\">\n<p class=\"has-text-color\" style=\"color:#2d2d2d;font-size:30px;line-height:0\">Bolet\u00edn del Observatorio<\/p>\n<\/div><\/div>\n\n\n\n<div class=\"wp-block-media-text alignwide is-stacked-on-mobile is-vertically-aligned-center\" style=\"grid-template-columns:15% auto\"><figure class=\"wp-block-media-text__media\"><img loading=\"lazy\" decoding=\"async\" width=\"200\" height=\"200\" src=\"https:\/\/www.unioviedo.es\/urbanred\/wp-content\/uploads\/2021\/03\/icoEventos2.png\" alt=\"\" class=\"wp-image-846 size-full\" srcset=\"https:\/\/www.unioviedo.es\/urbanred\/wp-content\/uploads\/2021\/03\/icoEventos2.png 200w, https:\/\/www.unioviedo.es\/urbanred\/wp-content\/uploads\/2021\/03\/icoEventos2-150x150.png 150w, https:\/\/www.unioviedo.es\/urbanred\/wp-content\/uploads\/2021\/03\/icoEventos2-100x100.png 100w\" sizes=\"auto, (max-width: 200px) 100vw, 200px\" \/><\/figure><div class=\"wp-block-media-text__content\">\n<p class=\"has-background\" style=\"background-color:#48b8ff;font-size:26px\">  Eventos<\/p>\n<\/div><\/div>\n\n\n<ul class=\"wp-block-latest-posts__list is-grid columns-2 has-dates alignleft wp-block-latest-posts\"><li><div class=\"wp-block-latest-posts__featured-image\"><img loading=\"lazy\" decoding=\"async\" width=\"150\" height=\"16\" src=\"https:\/\/www.unioviedo.es\/urbanred\/wp-content\/uploads\/2021\/02\/Eventos-150x16.png\" class=\"attachment-thumbnail size-thumbnail wp-post-image\" alt=\"\" style=\"\" sizes=\"auto, 100vw\" \/><\/div><a class=\"wp-block-latest-posts__post-title\" href=\"https:\/\/www.unioviedo.es\/urbanred\/seminario-de-investigacion-framet\/\">Seminario de Investigaci\u00f3n FRAMET<\/a><time datetime=\"2022-01-13T11:38:00+01:00\" class=\"wp-block-latest-posts__post-date\">13 enero, 2022<\/time><div class=\"wp-block-latest-posts__post-excerpt\">El problema de la vivienda: perpetuidad en el tiempo, nuevas pol\u00edticas y soluciones desde la administraci\u00f3n p\u00fablica 14 enero, 2022 Jornada presencial (podr\u00e1 seguirse por Teams en el siguiente enlace: https:\/\/short.upm.es\/yjfrt) Informaci\u00f3n &hellip; <p class=\"link-more\"><a href=\"https:\/\/www.unioviedo.es\/urbanred\/seminario-de-investigacion-framet\/\" class=\"more-link\">Continuar leyendo<span class=\"screen-reader-text\"> \u00abSeminario de Investigaci\u00f3n FRAMET\u00bb<\/span><\/a><\/p><\/div><\/li>\n<li><div class=\"wp-block-latest-posts__featured-image\"><img loading=\"lazy\" decoding=\"async\" width=\"150\" height=\"16\" src=\"https:\/\/www.unioviedo.es\/urbanred\/wp-content\/uploads\/2021\/02\/Eventos-150x16.png\" class=\"attachment-thumbnail size-thumbnail wp-post-image\" alt=\"\" style=\"\" sizes=\"auto, 100vw\" \/><\/div><a class=\"wp-block-latest-posts__post-title\" href=\"https:\/\/www.unioviedo.es\/urbanred\/seminario-2\/\">Seminario<\/a><time datetime=\"2022-03-18T16:42:00+01:00\" class=\"wp-block-latest-posts__post-date\">18 marzo, 2022<\/time><div class=\"wp-block-latest-posts__post-excerpt\">National urban policies. Spain Impartido por Sonia De Gregorio Hurtado Politecnico di Milano, 18 de marzo de 2022.<\/div><\/li>\n<li><div class=\"wp-block-latest-posts__featured-image\"><img loading=\"lazy\" decoding=\"async\" width=\"150\" height=\"16\" src=\"https:\/\/www.unioviedo.es\/urbanred\/wp-content\/uploads\/2021\/02\/Eventos-150x16.png\" class=\"attachment-thumbnail size-thumbnail wp-post-image\" alt=\"\" style=\"\" sizes=\"auto, 100vw\" \/><\/div><a class=\"wp-block-latest-posts__post-title\" href=\"https:\/\/www.unioviedo.es\/urbanred\/conferencia-sobre-agendas-urbanas-y-agenda-2030\/\">Conferencia<\/a><time datetime=\"2022-03-31T16:29:00+02:00\" class=\"wp-block-latest-posts__post-date\">31 marzo, 2022<\/time><div class=\"wp-block-latest-posts__post-excerpt\">Agendas urbanas y agenda 2030 Impartida por Mar\u00eda \u00c1ngeles Huete Universidad de Valencia, 31 de marzo de 2022.<\/div><\/li>\n<\/ul>\n\n\n<div style=\"height:30px\" aria-hidden=\"true\" class=\"wp-block-spacer\"><\/div>\n\n\n\n<div class=\"wp-block-media-text alignwide has-media-on-the-right is-stacked-on-mobile\" style=\"grid-template-columns:auto 15%\"><figure class=\"wp-block-media-text__media\"><img loading=\"lazy\" decoding=\"async\" width=\"200\" height=\"200\" src=\"https:\/\/www.unioviedo.es\/urbanred\/wp-content\/uploads\/2021\/03\/icoPublicacion2.png\" alt=\"\" class=\"wp-image-849 size-full\" srcset=\"https:\/\/www.unioviedo.es\/urbanred\/wp-content\/uploads\/2021\/03\/icoPublicacion2.png 200w, https:\/\/www.unioviedo.es\/urbanred\/wp-content\/uploads\/2021\/03\/icoPublicacion2-150x150.png 150w, https:\/\/www.unioviedo.es\/urbanred\/wp-content\/uploads\/2021\/03\/icoPublicacion2-100x100.png 100w\" sizes=\"auto, (max-width: 200px) 100vw, 200px\" \/><\/figure><div class=\"wp-block-media-text__content\">\n<p class=\"has-text-align-right has-background\" style=\"background-color:#b4c3ce;font-size:26px\">  Publicaciones  <\/p>\n<\/div><\/div>\n\n\n<ul class=\"wp-block-latest-posts__list is-grid columns-2 has-dates wp-block-latest-posts\"><li><div class=\"wp-block-latest-posts__featured-image\"><img loading=\"lazy\" decoding=\"async\" width=\"150\" height=\"16\" src=\"https:\/\/www.unioviedo.es\/urbanred\/wp-content\/uploads\/2021\/02\/Publicaciones-150x16.png\" class=\"attachment-thumbnail size-thumbnail wp-post-image\" alt=\"\" style=\"\" sizes=\"auto, 100vw\" \/><\/div><a class=\"wp-block-latest-posts__post-title\" href=\"https:\/\/www.unioviedo.es\/urbanred\/la-movilidad-urbana-en-la-accion-del-gobierno-identificacion-de-tendencias-para-una-reflexion-critica\/\">\u00abLa movilidad urbana en la acci\u00f3n del gobierno.  Identificaci\u00f3n de tendencias para una reflexi\u00f3n cr\u00edtica\u00bb<\/a><time datetime=\"2022-03-28T16:23:00+02:00\" class=\"wp-block-latest-posts__post-date\">28 marzo, 2022<\/time><div class=\"wp-block-latest-posts__post-excerpt\">Gregorio Hurtado, S. (2022) En Porto Schettino, M.: Identificaci\u00f3n de los temas clave para una movilidad sostenible, segura y conectada.&nbsp; Fundaci\u00f3n CONAMA, Madrid. Disponible en: http:\/\/www.fundacionconama.org\/<\/div><\/li>\n<li><div class=\"wp-block-latest-posts__featured-image\"><img loading=\"lazy\" decoding=\"async\" width=\"150\" height=\"16\" src=\"https:\/\/www.unioviedo.es\/urbanred\/wp-content\/uploads\/2021\/02\/Publicaciones-150x16.png\" class=\"attachment-thumbnail size-thumbnail wp-post-image\" alt=\"\" style=\"\" sizes=\"auto, 100vw\" \/><\/div><a class=\"wp-block-latest-posts__post-title\" href=\"https:\/\/www.unioviedo.es\/urbanred\/nueva-call-for-papers\/\">\u00abNueva call for papers\u00bb<\/a><time datetime=\"2022-03-28T13:39:00+02:00\" class=\"wp-block-latest-posts__post-date\">28 marzo, 2022<\/time><div class=\"wp-block-latest-posts__post-excerpt\">Revista WPS- RISHUR.<\/div><\/li>\n<li><div class=\"wp-block-latest-posts__featured-image\"><img loading=\"lazy\" decoding=\"async\" width=\"150\" height=\"16\" src=\"https:\/\/www.unioviedo.es\/urbanred\/wp-content\/uploads\/2021\/02\/Publicaciones-150x16.png\" class=\"attachment-thumbnail size-thumbnail wp-post-image\" alt=\"\" style=\"\" sizes=\"auto, 100vw\" \/><\/div><a class=\"wp-block-latest-posts__post-title\" href=\"https:\/\/www.unioviedo.es\/urbanred\/viviendas-adecuadas-para-personas-mayores-2019-2020\/\">\u00abViviendas adecuadas para personas Mayores (2019-2020)\u00bb<\/a><time datetime=\"2022-03-14T13:22:00+01:00\" class=\"wp-block-latest-posts__post-date\">14 marzo, 2022<\/time><div class=\"wp-block-latest-posts__post-excerpt\">Nuevo n\u00famero de la revista WPS- RISHUR. Universidad de M\u00e1laga M\u00e1s informaci\u00f3n<\/div><\/li>\n<li><div class=\"wp-block-latest-posts__featured-image\"><img loading=\"lazy\" decoding=\"async\" width=\"150\" height=\"16\" src=\"https:\/\/www.unioviedo.es\/urbanred\/wp-content\/uploads\/2021\/02\/Publicaciones-150x16.png\" class=\"attachment-thumbnail size-thumbnail wp-post-image\" alt=\"\" style=\"\" sizes=\"auto, 100vw\" \/><\/div><a class=\"wp-block-latest-posts__post-title\" href=\"https:\/\/www.unioviedo.es\/urbanred\/resiliencia-en-espacios-desindustrializados\/\">\u00abResiliencia en espacios desindustrializados\u00bb<\/a><time datetime=\"2022-02-08T18:51:00+01:00\" class=\"wp-block-latest-posts__post-date\">8 febrero, 2022<\/time><div class=\"wp-block-latest-posts__post-excerpt\">Coordinadora: Paz Benito del Pozo (2022) Resultados del Proyecto I+D+i Retos Investigaci\u00f3n titulado Vulnerabilidad, resiliencia y estrategias de reutilizaci\u00f3n del patrimonio en espacios desindustrializados. Editorial Tirant lo Blanch. M\u00e1s informaci\u00f3n<\/div><\/li>\n<li><div class=\"wp-block-latest-posts__featured-image\"><img loading=\"lazy\" decoding=\"async\" width=\"150\" height=\"16\" src=\"https:\/\/www.unioviedo.es\/urbanred\/wp-content\/uploads\/2021\/02\/Publicaciones-150x16.png\" class=\"attachment-thumbnail size-thumbnail wp-post-image\" alt=\"\" style=\"\" sizes=\"auto, 100vw\" \/><\/div><a class=\"wp-block-latest-posts__post-title\" href=\"https:\/\/www.unioviedo.es\/urbanred\/informe-sobre-los-planes-y-programas-asociados-a-las-estrategias-de-desarrollo-urbano-sostenible-edusi-y-su-vinculacion-con-la-vulnerabilidad-urbana-en-espana-en-el-marco-de-los-nuevos-retos-u\/\">\u00abInforme sobre los planes y programas asociados a las Estrategias de Desarrollo Urbano Sostenible (EDUSI) y su vinculaci\u00f3n con la vulnerabilidad urbana en Espa\u00f1a en el marco de los nuevos retos urbanos\u00bb<\/a><time datetime=\"2022-01-24T16:21:05+01:00\" class=\"wp-block-latest-posts__post-date\">24 enero, 2022<\/time><div class=\"wp-block-latest-posts__post-excerpt\">Adem\u00e1s de su consulta a trav\u00e9s de la noticia de su publicaci\u00f3n que se puede encontrar en la web de la Agenda Urbana Espa\u00f1ola, este informe se puede descargar en el Archivo &hellip; <p class=\"link-more\"><a href=\"https:\/\/www.unioviedo.es\/urbanred\/informe-sobre-los-planes-y-programas-asociados-a-las-estrategias-de-desarrollo-urbano-sostenible-edusi-y-su-vinculacion-con-la-vulnerabilidad-urbana-en-espana-en-el-marco-de-los-nuevos-retos-u\/\" class=\"more-link\">Continuar leyendo<span class=\"screen-reader-text\"> \u00ab\u00abInforme sobre los planes y programas asociados a las Estrategias de Desarrollo Urbano Sostenible (EDUSI) y su vinculaci\u00f3n con la vulnerabilidad urbana en Espa\u00f1a en el marco de los nuevos retos urbanos\u00bb\u00bb<\/span><\/a><\/p><\/div><\/li>\n<li><div class=\"wp-block-latest-posts__featured-image\"><img loading=\"lazy\" decoding=\"async\" width=\"150\" height=\"16\" src=\"https:\/\/www.unioviedo.es\/urbanred\/wp-content\/uploads\/2021\/02\/Publicaciones-150x16.png\" class=\"attachment-thumbnail size-thumbnail wp-post-image\" alt=\"\" style=\"\" sizes=\"auto, 100vw\" \/><\/div><a class=\"wp-block-latest-posts__post-title\" href=\"https:\/\/www.unioviedo.es\/urbanred\/impacto-de-la-crisis-del-covid-19-en-las-grandes-areas-urbanas-y-metropolitanas\/\">\u00abImpacto de la crisis del COVID-19 en las grandes \u00e1reas urbanas y metropolitanas\u00bb<\/a><time datetime=\"2022-01-24T15:50:00+01:00\" class=\"wp-block-latest-posts__post-date\">24 enero, 2022<\/time><div class=\"wp-block-latest-posts__post-excerpt\">Tom\u00e0s. M. (2021) Anuario del Gobierno Local 2020. Madrid: Fundaci\u00f3n Democracia y Gobierno Local ISSN 2013-4924, N\u00ba. 1, 2020, p\u00e1gs. 73-89. M\u00e1s informaci\u00f3n<\/div><\/li>\n<li><div class=\"wp-block-latest-posts__featured-image\"><img loading=\"lazy\" decoding=\"async\" width=\"150\" height=\"16\" src=\"https:\/\/www.unioviedo.es\/urbanred\/wp-content\/uploads\/2021\/02\/Publicaciones-150x16.png\" class=\"attachment-thumbnail size-thumbnail wp-post-image\" alt=\"\" style=\"\" sizes=\"auto, 100vw\" \/><\/div><a class=\"wp-block-latest-posts__post-title\" href=\"https:\/\/www.unioviedo.es\/urbanred\/are-public-makerspaces-a-means-to-empowering-citizens-the-case-of-ateneus-de-fabricacio-in-barcelona\/\">\u00abAre public makerspaces a means to empowering citizens? The case of Ateneus de Fabricaci\u00f3 in Barcelona\u00bb<\/a><time datetime=\"2022-01-17T15:45:00+01:00\" class=\"wp-block-latest-posts__post-date\">17 enero, 2022<\/time><div class=\"wp-block-latest-posts__post-excerpt\">Diaz, J.; Tom\u00e0s, M.; Lefebvre, S. Telematics and Informatics 59, June 2021 M\u00e1s informaci\u00f3n<\/div><\/li>\n<\/ul>\n\n\n<div style=\"height:36px\" aria-hidden=\"true\" class=\"wp-block-spacer\"><\/div>\n\n\n\n<div class=\"wp-block-media-text alignwide is-stacked-on-mobile is-vertically-aligned-center\" style=\"grid-template-columns:15% auto\"><figure class=\"wp-block-media-text__media\"><img loading=\"lazy\" decoding=\"async\" width=\"200\" height=\"200\" src=\"https:\/\/www.unioviedo.es\/urbanred\/wp-content\/uploads\/2021\/03\/icoFormacion2.png\" alt=\"\" class=\"wp-image-847 size-full\" srcset=\"https:\/\/www.unioviedo.es\/urbanred\/wp-content\/uploads\/2021\/03\/icoFormacion2.png 200w, https:\/\/www.unioviedo.es\/urbanred\/wp-content\/uploads\/2021\/03\/icoFormacion2-150x150.png 150w, https:\/\/www.unioviedo.es\/urbanred\/wp-content\/uploads\/2021\/03\/icoFormacion2-100x100.png 100w\" sizes=\"auto, (max-width: 200px) 100vw, 200px\" \/><\/figure><div class=\"wp-block-media-text__content\">\n<p class=\"has-background\" style=\"background-color:#50e1a7;font-size:26px\">  Formaci\u00f3n<\/p>\n<\/div><\/div>\n\n\n<ul class=\"wp-block-latest-posts__list wp-block-latest-posts\"><li><a class=\"wp-block-latest-posts__post-title\" href=\"https:\/\/www.unioviedo.es\/urbanred\/experiencia-aprendizaje-servicio-reconocida-en-el-marco-europeo\/\">Experiencia Aprendizaje-Servicio reconocida en el marco europeo<\/a><div class=\"wp-block-latest-posts__post-excerpt\">M\u00e1s informaci\u00f3n<\/div><\/li>\n<\/ul>\n\n\n<div style=\"height:36px\" aria-hidden=\"true\" class=\"wp-block-spacer\"><\/div>\n\n\n\n<div class=\"wp-block-media-text alignwide has-media-on-the-right is-stacked-on-mobile is-vertically-aligned-center\" style=\"grid-template-columns:auto 15%\"><figure class=\"wp-block-media-text__media\"><img loading=\"lazy\" decoding=\"async\" width=\"200\" height=\"200\" src=\"https:\/\/www.unioviedo.es\/urbanred\/wp-content\/uploads\/2021\/03\/icoOtros2.png\" alt=\"\" class=\"wp-image-848 size-full\" srcset=\"https:\/\/www.unioviedo.es\/urbanred\/wp-content\/uploads\/2021\/03\/icoOtros2.png 200w, https:\/\/www.unioviedo.es\/urbanred\/wp-content\/uploads\/2021\/03\/icoOtros2-150x150.png 150w, https:\/\/www.unioviedo.es\/urbanred\/wp-content\/uploads\/2021\/03\/icoOtros2-100x100.png 100w\" sizes=\"auto, (max-width: 200px) 100vw, 200px\" \/><\/figure><div class=\"wp-block-media-text__content\">\n<p class=\"has-text-align-right has-background\" style=\"background-color:#ffba6e;font-size:26px\">  Otros materiales  <\/p>\n<\/div><\/div>\n\n\n<ul class=\"wp-block-latest-posts__list is-grid columns-2 has-dates alignleft wp-block-latest-posts\"><\/ul>\n\n\n<p><\/p>\n","protected":false},"excerpt":{"rendered":"<p>Bolet\u00edn del Observatorio Eventos Publicaciones Formaci\u00f3n Otros materiales<\/p>\n","protected":false},"author":1,"featured_media":0,"parent":0,"menu_order":0,"comment_status":"closed","ping_status":"closed","template":"","meta":{"footnotes":""},"class_list":["post-1678","page","type-page","status-publish","hentry"],"_links":{"self":[{"href":"https:\/\/www.unioviedo.es\/urbanred\/wp-json\/wp\/v2\/pages\/1678","targetHints":{"allow":["GET"]}}],"collection":[{"href":"https:\/\/www.unioviedo.es\/urbanred\/wp-json\/wp\/v2\/pages"}],"about":[{"href":"https:\/\/www.unioviedo.es\/urbanred\/wp-json\/wp\/v2\/types\/page"}],"author":[{"embeddable":true,"href":"https:\/\/www.unioviedo.es\/urbanred\/wp-json\/wp\/v2\/users\/1"}],"replies":[{"embeddable":true,"href":"https:\/\/www.unioviedo.es\/urbanred\/wp-json\/wp\/v2\/comments?post=1678"}],"version-history":[{"count":2,"href":"https:\/\/www.unioviedo.es\/urbanred\/wp-json\/wp\/v2\/pages\/1678\/revisions"}],"predecessor-version":[{"id":1681,"href":"https:\/\/www.unioviedo.es\/urbanred\/wp-json\/wp\/v2\/pages\/1678\/revisions\/1681"}],"wp:attachment":[{"href":"https:\/\/www.unioviedo.es\/urbanred\/wp-json\/wp\/v2\/media?parent=1678"}],"curies":[{"name":"wp","href":"https:\/\/api.w.org\/{rel}","templated":true}]}}