{"id":4,"date":"2017-01-27T18:01:56","date_gmt":"2017-01-27T18:01:56","guid":{"rendered":"https:\/\/www.unioviedo.es\/urbanred\/?page_id=4"},"modified":"2026-01-12T13:27:36","modified_gmt":"2026-01-12T12:27:36","slug":"inicio","status":"publish","type":"page","link":"https:\/\/www.unioviedo.es\/urbanred\/","title":{"rendered":"Qu\u00e9 es Urban Red"},"content":{"rendered":"\n<figure class=\"wp-block-image size-large\"><img loading=\"lazy\" decoding=\"async\" width=\"1024\" height=\"291\" src=\"https:\/\/www.unioviedo.es\/urbanred\/wp-content\/uploads\/2021\/03\/Logo-Urban-Red-2-1024x291.png\" alt=\"\" class=\"wp-image-851\" srcset=\"https:\/\/www.unioviedo.es\/urbanred\/wp-content\/uploads\/2021\/03\/Logo-Urban-Red-2-1024x291.png 1024w, https:\/\/www.unioviedo.es\/urbanred\/wp-content\/uploads\/2021\/03\/Logo-Urban-Red-2-300x85.png 300w, https:\/\/www.unioviedo.es\/urbanred\/wp-content\/uploads\/2021\/03\/Logo-Urban-Red-2-768x218.png 768w, https:\/\/www.unioviedo.es\/urbanred\/wp-content\/uploads\/2021\/03\/Logo-Urban-Red-2-1536x436.png 1536w, https:\/\/www.unioviedo.es\/urbanred\/wp-content\/uploads\/2021\/03\/Logo-Urban-Red-2-2048x582.png 2048w\" sizes=\"auto, (max-width: 767px) 89vw, (max-width: 1000px) 54vw, (max-width: 1071px) 543px, 580px\" \/><\/figure>\n\n\n\n<p><strong>URBAN RED<\/strong> es una Red Tem\u00e1tica sobre Desarrollo Urbano Sostenible. Tuvo su origen en un proyecto enmarcado en la Convocatoria 2015 de Acciones de dinamizaci\u00f3n \u00abRedes de Excelencia\u00bb, del Programa Estatal de Investigaci\u00f3n Cient\u00edfica y T\u00e9cnica de Excelencia, Subprograma Estatal de Generaci\u00f3n de Conocimiento, en el marco del Plan Estatal de Investigaci\u00f3n Cient\u00edfica y T\u00e9cnica y de Innovaci\u00f3n 2013-2016 (Proyecto: DER2015-71345-REDT).<\/p>\n\n\n\n<p>Desde entonces, <strong>URBAN RED<\/strong> se ha consolidado como un espacio de intercambio de conocimiento experto y de experiencias recientes sobre el desarrollo sostenible en ciudades y territorios, involucrando las aproximaciones multidisciplinares que se proyectan sobre la complejidad del fen\u00f3meno urbano, con aportaciones que abarcan las dimensiones social, econ\u00f3mica, medioambiental e institucional.&nbsp;<a href=\"http:\/\/gtds.grupos.uniovi.es\/contacto\"><\/a><\/p>\n\n\n\n<div class=\"wp-block-columns is-layout-flex wp-container-core-columns-is-layout-1 wp-block-columns-is-layout-flex\">\n<div class=\"wp-block-column has-background is-layout-flow wp-block-column-is-layout-flow\" style=\"background-color:#f9f9c1\">\n<p>Tras un largo recorrido nos enorgullece presentar <strong>CITIES DATALEX\u00ae, <\/strong>una nueva herramienta para <strong>consultar normativa urban\u00edstica<\/strong>&nbsp;de forma m\u00e1s accesible y centralizada.<\/p>\n\n\n\n<p>Este proyecto surge como iniciativa conjunta entre las c\u00e1tedras <a href=\"https:\/\/caagenda2030.uniovi.es\/\" target=\"_blank\" rel=\"noreferrer noopener\">Concepci\u00f3n Arenal de Agenda 2030<\/a>&nbsp;y la <a href=\"http:\/\/metro2.edv.uniovi.es\/CTE\/\" target=\"_blank\" rel=\"noreferrer noopener\">C\u00e1tedra TotalEnergies de Anal\u00edtica de Datos e IA<\/a>, e investigadores del <a href=\"https:\/\/gtds.grupos.uniovi.es\/\" target=\"_blank\" rel=\"noreferrer noopener\">GTDS de la Universidad de Oviedo<\/a>, con el objetivo de ofrecer a las empresas, entidades financieras y organizaciones privadas que dan soporte a las acciones de las Administraciones p\u00fablicas informaci\u00f3n jur\u00eddica clara y segura para desarrollar actividades que tengan repercusi\u00f3n urban\u00edstica y territorial.<\/p>\n\n\n\n<p>M\u00e1s informaci\u00f3n y acceso a la versi\u00f3n web: <a href=\"https:\/\/citiesdatalex.vercel.app\" target=\"_blank\" rel=\"noreferrer noopener\"><strong>https:\/\/citiesdatalex.vercel.app<\/strong><\/a><\/p>\n\n\n\n<p>IMPORTANTE. La herramienta est\u00e1 <strong>en fase de desarrollo<\/strong>&nbsp;y queremos mejorarla con ayuda de quienes teng\u00e1is inter\u00e9s.<\/p>\n\n\n\n<p>Si quieres sumarte como <strong>tester<\/strong>&nbsp;y darnos feedback, escr\u00edbenos a:<\/p>\n\n\n\n<p>      <a href=\"mailto:desarrollosostenible.uniovi@gmail.com\" target=\"_blank\" rel=\"noreferrer noopener\">desarrollosostenible.uniovi@gmail.com<\/a><\/p>\n\n\n\n<p>      <a href=\"mailto:caagenda2030@uniovi.es\" target=\"_blank\" rel=\"noreferrer noopener\">caagenda2030@uniovi.es<\/a><\/p>\n<\/div>\n<\/div>\n","protected":false},"excerpt":{"rendered":"<p>URBAN RED es una Red Tem\u00e1tica sobre Desarrollo Urbano Sostenible. Tuvo su origen en un proyecto enmarcado en la Convocatoria 2015 de Acciones de dinamizaci\u00f3n \u00abRedes de Excelencia\u00bb, del Programa Estatal de Investigaci\u00f3n Cient\u00edfica y T\u00e9cnica de Excelencia, Subprograma Estatal de Generaci\u00f3n de Conocimiento, en el marco del Plan Estatal de Investigaci\u00f3n Cient\u00edfica y T\u00e9cnica &hellip; <\/p>\n<p class=\"link-more\"><a href=\"https:\/\/www.unioviedo.es\/urbanred\/\" class=\"more-link\">Continuar leyendo<span class=\"screen-reader-text\"> \u00abQu\u00e9 es Urban Red\u00bb<\/span><\/a><\/p>\n","protected":false},"author":1,"featured_media":227,"parent":0,"menu_order":0,"comment_status":"closed","ping_status":"closed","template":"","meta":{"footnotes":""},"class_list":["post-4","page","type-page","status-publish","has-post-thumbnail","hentry"],"_links":{"self":[{"href":"https:\/\/www.unioviedo.es\/urbanred\/wp-json\/wp\/v2\/pages\/4","targetHints":{"allow":["GET"]}}],"collection":[{"href":"https:\/\/www.unioviedo.es\/urbanred\/wp-json\/wp\/v2\/pages"}],"about":[{"href":"https:\/\/www.unioviedo.es\/urbanred\/wp-json\/wp\/v2\/types\/page"}],"author":[{"embeddable":true,"href":"https:\/\/www.unioviedo.es\/urbanred\/wp-json\/wp\/v2\/users\/1"}],"replies":[{"embeddable":true,"href":"https:\/\/www.unioviedo.es\/urbanred\/wp-json\/wp\/v2\/comments?post=4"}],"version-history":[{"count":44,"href":"https:\/\/www.unioviedo.es\/urbanred\/wp-json\/wp\/v2\/pages\/4\/revisions"}],"predecessor-version":[{"id":2651,"href":"https:\/\/www.unioviedo.es\/urbanred\/wp-json\/wp\/v2\/pages\/4\/revisions\/2651"}],"wp:featuredmedia":[{"embeddable":true,"href":"https:\/\/www.unioviedo.es\/urbanred\/wp-json\/wp\/v2\/media\/227"}],"wp:attachment":[{"href":"https:\/\/www.unioviedo.es\/urbanred\/wp-json\/wp\/v2\/media?parent=4"}],"curies":[{"name":"wp","href":"https:\/\/api.w.org\/{rel}","templated":true}]}}