{"id":6,"date":"2017-01-27T18:01:56","date_gmt":"2017-01-27T18:01:56","guid":{"rendered":"https:\/\/www.unioviedo.es\/urbanred\/?page_id=6"},"modified":"2021-03-16T19:58:01","modified_gmt":"2021-03-16T18:58:01","slug":"contacto","status":"publish","type":"page","link":"https:\/\/www.unioviedo.es\/urbanred\/contacto\/","title":{"rendered":"Contacto"},"content":{"rendered":"\n<div class=\"wp-block-columns is-layout-flex wp-container-core-columns-is-layout-1 wp-block-columns-is-layout-flex\">\n<div class=\"wp-block-column is-layout-flow wp-block-column-is-layout-flow\" style=\"flex-basis:33.33%\">\n<p style=\"font-size:24px\">Mar\u00eda Rosario<br>Alonso Ib\u00e1\u00f1ez<\/p>\n<\/div>\n\n\n\n<div class=\"wp-block-column is-layout-flow wp-block-column-is-layout-flow\" style=\"flex-basis:66.66%\">\n<p><strong>Direcci\u00f3n<\/strong><br>Departamento de Derecho Publico de la Universidad de Oviedo<br>C\/ Catedr\u00e1tico Valent\u00edn Andr\u00e9s \u00c1lvarez s\/n<br>Campus de El Cristo<br>33006 &#8211; Oviedo\/Uvi\u00e9u<br>Asturias, Espa\u00f1a<\/p>\n\n\n\n<p><strong>Tel\u00e9fono<\/strong><br>+34985103860<\/p>\n\n\n\n<p><strong>eMail<\/strong><br>ProyectoUrbanRed@gmail.com<\/p>\n<\/div>\n<\/div>\n\n\n\n<p><\/p>\n","protected":false},"excerpt":{"rendered":"<p>Mar\u00eda RosarioAlonso Ib\u00e1\u00f1ez Direcci\u00f3nDepartamento de Derecho Publico de la Universidad de OviedoC\/ Catedr\u00e1tico Valent\u00edn Andr\u00e9s \u00c1lvarez s\/nCampus de El Cristo33006 &#8211; Oviedo\/Uvi\u00e9uAsturias, Espa\u00f1a Tel\u00e9fono+34985103860 eMailProyectoUrbanRed@gmail.com<\/p>\n","protected":false},"author":1,"featured_media":0,"parent":0,"menu_order":0,"comment_status":"closed","ping_status":"closed","template":"","meta":{"footnotes":""},"class_list":["post-6","page","type-page","status-publish","hentry"],"_links":{"self":[{"href":"https:\/\/www.unioviedo.es\/urbanred\/wp-json\/wp\/v2\/pages\/6","targetHints":{"allow":["GET"]}}],"collection":[{"href":"https:\/\/www.unioviedo.es\/urbanred\/wp-json\/wp\/v2\/pages"}],"about":[{"href":"https:\/\/www.unioviedo.es\/urbanred\/wp-json\/wp\/v2\/types\/page"}],"author":[{"embeddable":true,"href":"https:\/\/www.unioviedo.es\/urbanred\/wp-json\/wp\/v2\/users\/1"}],"replies":[{"embeddable":true,"href":"https:\/\/www.unioviedo.es\/urbanred\/wp-json\/wp\/v2\/comments?post=6"}],"version-history":[{"count":21,"href":"https:\/\/www.unioviedo.es\/urbanred\/wp-json\/wp\/v2\/pages\/6\/revisions"}],"predecessor-version":[{"id":830,"href":"https:\/\/www.unioviedo.es\/urbanred\/wp-json\/wp\/v2\/pages\/6\/revisions\/830"}],"wp:attachment":[{"href":"https:\/\/www.unioviedo.es\/urbanred\/wp-json\/wp\/v2\/media?parent=6"}],"curies":[{"name":"wp","href":"https:\/\/api.w.org\/{rel}","templated":true}]}}