{"id":63,"date":"2017-02-03T19:46:06","date_gmt":"2017-02-03T19:46:06","guid":{"rendered":"https:\/\/www.unioviedo.es\/urbanred\/?page_id=63"},"modified":"2021-03-19T08:53:31","modified_gmt":"2021-03-19T07:53:31","slug":"objetivos","status":"publish","type":"page","link":"https:\/\/www.unioviedo.es\/urbanred\/objetivos\/","title":{"rendered":"Objetivos"},"content":{"rendered":"<ul>\n<li>Facilitar el desarrollo de pol\u00edticas urbanas dirigidas a la adaptaci\u00f3n de las ciudades a la Agenda 2030 y contribuir a su alcance, tanto desde un punto de vista sustantivo como procedimental, desde una mirada jur\u00eddica, politol\u00f3gica, urban\u00edstica, econ\u00f3mica, social y territorial.<\/li>\n<li><u><\/u><u><\/u>Facilitar el acceso a la legislaci\u00f3n que resulta de aplicaci\u00f3n al desarrollo de pol\u00edticas de ciudad mediante un portal de datos abiertos enlazados.<\/li>\n<li>Proporcionar conocimiento acad\u00e9mico y profesional experto sobre la complejidad del fen\u00f3meno urbano, proveniente de los campos de la Arquitectura y el Urbanismo, el Derecho, la Ciencia Pol\u00edtica, la Geograf\u00eda, la Sociolog\u00eda o la Ingenier\u00eda, entre otros.<\/li>\n<li>Proporcionar alto contenido informativo de trabajos acad\u00e9micos, publicaciones, eventos y actividades formativas<\/li>\n<\/ul>\n","protected":false},"excerpt":{"rendered":"<p>Facilitar el desarrollo de pol\u00edticas urbanas dirigidas a la adaptaci\u00f3n de las ciudades a la Agenda 2030 y contribuir a su alcance, tanto desde un punto de vista sustantivo como procedimental, desde una mirada jur\u00eddica, politol\u00f3gica, urban\u00edstica, econ\u00f3mica, social y territorial. Facilitar el acceso a la legislaci\u00f3n que resulta de aplicaci\u00f3n al desarrollo de pol\u00edticas &hellip; <\/p>\n<p class=\"link-more\"><a href=\"https:\/\/www.unioviedo.es\/urbanred\/objetivos\/\" class=\"more-link\">Continuar leyendo<span class=\"screen-reader-text\"> \u00abObjetivos\u00bb<\/span><\/a><\/p>\n","protected":false},"author":1,"featured_media":0,"parent":0,"menu_order":0,"comment_status":"closed","ping_status":"closed","template":"","meta":{"footnotes":""},"class_list":["post-63","page","type-page","status-publish","hentry"],"_links":{"self":[{"href":"https:\/\/www.unioviedo.es\/urbanred\/wp-json\/wp\/v2\/pages\/63","targetHints":{"allow":["GET"]}}],"collection":[{"href":"https:\/\/www.unioviedo.es\/urbanred\/wp-json\/wp\/v2\/pages"}],"about":[{"href":"https:\/\/www.unioviedo.es\/urbanred\/wp-json\/wp\/v2\/types\/page"}],"author":[{"embeddable":true,"href":"https:\/\/www.unioviedo.es\/urbanred\/wp-json\/wp\/v2\/users\/1"}],"replies":[{"embeddable":true,"href":"https:\/\/www.unioviedo.es\/urbanred\/wp-json\/wp\/v2\/comments?post=63"}],"version-history":[{"count":6,"href":"https:\/\/www.unioviedo.es\/urbanred\/wp-json\/wp\/v2\/pages\/63\/revisions"}],"predecessor-version":[{"id":957,"href":"https:\/\/www.unioviedo.es\/urbanred\/wp-json\/wp\/v2\/pages\/63\/revisions\/957"}],"wp:attachment":[{"href":"https:\/\/www.unioviedo.es\/urbanred\/wp-json\/wp\/v2\/media?parent=63"}],"curies":[{"name":"wp","href":"https:\/\/api.w.org\/{rel}","templated":true}]}}