{"id":933,"date":"2021-03-18T18:32:05","date_gmt":"2021-03-18T17:32:05","guid":{"rendered":"https:\/\/www.unioviedo.es\/urbanred\/?page_id=933"},"modified":"2025-11-10T13:25:58","modified_gmt":"2025-11-10T12:25:58","slug":"cities-datalex","status":"publish","type":"page","link":"https:\/\/www.unioviedo.es\/urbanred\/cities-datalex\/","title":{"rendered":"Cities DataLex\u00ae"},"content":{"rendered":"\n<div class=\"wp-block-columns is-layout-flex wp-container-core-columns-is-layout-2 wp-block-columns-is-layout-flex\">\n<div class=\"wp-block-column is-layout-flow wp-block-column-is-layout-flow\" style=\"flex-basis:100%\">\n<div class=\"wp-block-columns is-layout-flex wp-container-core-columns-is-layout-1 wp-block-columns-is-layout-flex\">\n<div class=\"wp-block-column is-layout-flow wp-block-column-is-layout-flow\" style=\"flex-basis:33.33%\">\n<figure class=\"wp-block-image size-large\"><img loading=\"lazy\" decoding=\"async\" width=\"1024\" height=\"464\" src=\"https:\/\/www.unioviedo.es\/urbanred\/wp-content\/uploads\/2023\/10\/citieslex_logo-1024x464.png\" alt=\"\" class=\"wp-image-2119\" srcset=\"https:\/\/www.unioviedo.es\/urbanred\/wp-content\/uploads\/2023\/10\/citieslex_logo-1024x464.png 1024w, https:\/\/www.unioviedo.es\/urbanred\/wp-content\/uploads\/2023\/10\/citieslex_logo-300x136.png 300w, https:\/\/www.unioviedo.es\/urbanred\/wp-content\/uploads\/2023\/10\/citieslex_logo-768x348.png 768w, https:\/\/www.unioviedo.es\/urbanred\/wp-content\/uploads\/2023\/10\/citieslex_logo-1536x696.png 1536w, https:\/\/www.unioviedo.es\/urbanred\/wp-content\/uploads\/2023\/10\/citieslex_logo-2048x928.png 2048w\" sizes=\"auto, (max-width: 767px) 89vw, (max-width: 1000px) 54vw, (max-width: 1071px) 543px, 580px\" \/><\/figure>\n<\/div>\n\n\n\n<div class=\"wp-block-column is-layout-flow wp-block-column-is-layout-flow\" style=\"flex-basis:66.66%\">\n<p style=\"font-size:26px\">Legislaci\u00f3n para el <\/p>\n\n\n\n<p style=\"font-size:26px;line-height:0.2\">Desarrollo Urbano Sostenible<\/p>\n<\/div>\n<\/div>\n<\/div>\n<\/div>\n\n\n\n<p class=\"has-background\" style=\"background-color:#f9f9c1\">Tras un largo recorrido nos enorgullece presentar <strong>CITIES DATALEX\u00ae, <\/strong>una nueva herramienta para <strong>consultar normativa urban\u00edstica<\/strong>\u00a0de forma m\u00e1s accesible y centralizada.<\/p>\n\n\n\n<p class=\"has-background\" style=\"background-color:#f9f9c1\">Este proyecto surge como iniciativa conjunta entre las c\u00e1tedras <a href=\"https:\/\/caagenda2030.uniovi.es\/\" target=\"_blank\" rel=\"noreferrer noopener\">Concepci\u00f3n Arenal de Agenda 2030<\/a>\u00a0y la <a href=\"http:\/\/metro2.edv.uniovi.es\/CTE\/\" target=\"_blank\" rel=\"noreferrer noopener\">C\u00e1tedra TotalEnergies de Anal\u00edtica de Datos e IA<\/a>, e investigadores del <a href=\"https:\/\/gtds.grupos.uniovi.es\/\" target=\"_blank\" rel=\"noreferrer noopener\">GTDS de la Universidad de Oviedo<\/a>, con el objetivo de ofrecer a las empresas, entidades financieras y organizaciones privadas que dan soporte a las acciones de las Administraciones p\u00fablicas informaci\u00f3n jur\u00eddica clara y segura para desarrollar actividades que tengan repercusi\u00f3n urban\u00edstica y territorial.<\/p>\n\n\n\n<p class=\"has-background\" style=\"background-color:#f9f9c1\">M\u00e1s informaci\u00f3n y acceso a la versi\u00f3n web: <a href=\"https:\/\/citiesdatalex.vercel.app\" target=\"_blank\" rel=\"noreferrer noopener\"><strong>https:\/\/citiesdatalex.vercel.app<\/strong><\/a><br>IMPORTANTE. La herramienta est\u00e1 <strong>en fase de desarrollo<\/strong>\u00a0y queremos mejorarla con ayuda de quienes teng\u00e1is inter\u00e9s.<\/p>\n\n\n\n<p class=\"has-background\" style=\"background-color:#f9f9c1\">Si quieres sumarte como <strong>tester<\/strong>\u00a0y darnos feedback, escr\u00edbenos a:<br> <a href=\"mailto:desarrollosostenible.uniovi@gmail.com\" target=\"_blank\" rel=\"noreferrer noopener\">desarrollosostenible.uniovi@gmail.com<\/a><br> <a href=\"mailto:caagenda2030@uniovi.es\" target=\"_blank\" rel=\"noreferrer noopener\">caagenda2030@uniovi.es<\/a><\/p>\n\n\n\n<p><strong>La elaboraci\u00f3n de un software desarrollado con Inteligencia Artificial por investigadores de la Universidad de Oviedo, \u201cCITIES DATALEX\u00ae\u201d, permitir\u00e1 mejorar el acceso a la normativa jur\u00eddica que resulta de aplicaci\u00f3n en las actuaciones en el medio urbano, y en general en los procesos de desarrollo urbano y territorial sostenible.<\/strong><\/p>\n\n\n\n<figure class=\"wp-block-image size-full\"><img loading=\"lazy\" decoding=\"async\" width=\"900\" height=\"506\" src=\"https:\/\/www.unioviedo.es\/urbanred\/wp-content\/uploads\/2023\/10\/CitiesDataLex2.png\" alt=\"\" class=\"wp-image-2116\" srcset=\"https:\/\/www.unioviedo.es\/urbanred\/wp-content\/uploads\/2023\/10\/CitiesDataLex2.png 900w, https:\/\/www.unioviedo.es\/urbanred\/wp-content\/uploads\/2023\/10\/CitiesDataLex2-300x169.png 300w, https:\/\/www.unioviedo.es\/urbanred\/wp-content\/uploads\/2023\/10\/CitiesDataLex2-768x432.png 768w\" sizes=\"auto, (max-width: 767px) 89vw, (max-width: 1000px) 54vw, (max-width: 1071px) 543px, 580px\" \/><\/figure>\n\n\n\n<p><\/p>\n\n\n\n<p>CITIES DATALEX\u00ae surge como iniciativa conjunta entre las c\u00e1tedras <a rel=\"noreferrer noopener\" href=\"https:\/\/caagenda2030.uniovi.es\/\" target=\"_blank\">Concepci\u00f3n Arenal de Agenda 2030<\/a> y de la <a rel=\"noreferrer noopener\" href=\"http:\/\/metro2.edv.uniovi.es\/CTE\/\" target=\"_blank\">C\u00e1tedra TotalEnergies de Anal\u00edtica de Datos e IA<\/a>, e investigadores del <a rel=\"noreferrer noopener\" href=\"https:\/\/gtds.grupos.uniovi.es\/\" target=\"_blank\">GTDS de la Universidad de Oviedo<\/a>, con el objetivo de ofrecer a las empresas, entidades financieras y organizaciones privadas que dan soporte a las acciones de las Administraciones p\u00fablicas informaci\u00f3n jur\u00eddica clara y segura para desarrollar actividades que tengan repercusi\u00f3n urban\u00edstica y territorial.<\/p>\n\n\n\n<p>Esta nueva herramienta proporciona un acceso unificado a los preceptos legales, que en la actualidad se encuentran dispersos y ampliamente divididos en las diversas fuentes de datos a nivel municipal, auton\u00f3mico y europeo.<\/p>\n\n\n\n<p>Caracteriza descriptores dise\u00f1ados para facilitar la consulta de los preceptos jur\u00eddicos.<\/p>\n\n\n\n<p>Selecciona e interrelaciona preceptos jur\u00eddicos en todos los \u00e1mbitos tem\u00e1ticos que son esenciales para la sostenibilidad.<\/p>\n\n\n\n<p>Incorpora herramientas de b\u00fasqueda jur\u00eddica utilizando diversos indicadores, incluyendo materias e \u00edtems por municipio y comunidad aut\u00f3noma. El sistema est\u00e1 potenciado con inteligencia artificial, en particular con modelos de lenguaje (al igual que ChatGPT), que permiten hacer consultas sobre el conjunto de documentos legales de inter\u00e9s. De esta manera, se pueden identificar las situaciones jur\u00eddicas de mayor relevancia para los analistas y usuarios, con la posibilidad de atender consultas personalizadas. Adem\u00e1s, debido a que la normativa puede ser cambiante, el sistema estar\u00e1 automatizado para mantenerse actualizado en t\u00e9rminos de legislaci\u00f3n.<\/p>\n\n\n\n<p><strong>Por tanto, CITIES DATALEX\u00ae <\/strong>NO es una compilaci\u00f3n de leyes. NO<strong> <\/strong>es un simple repositorio de normas jur\u00eddicas. Es algo m\u00e1s \u00fatil y eficiente: Cubre un vac\u00edo de metodolog\u00eda para la obtenci\u00f3n de <strong>NORMATIVA ESPECIALIZADA E INTERCONECTADA<\/strong><\/p>\n\n\n\n<p>Aunque Espa\u00f1a cuenta con bases de datos que permiten tener conocimientos de los sistemas legales, incluso de los sistemas legales en materia urban\u00edstica y territorial, la informaci\u00f3n que ofrecen no posibilita tener una idea acabada de cu\u00e1les sean las reglas jur\u00eddicas especialmente predispuestas para fomentar, desarrollar y evaluar programas, planes o estrategias sostenibles e integradas de desarrollo urbano. Tampoco se conexionan con las bases de datos asociadas a los sistemas de indicadores conocidos hasta la fecha. A su vez, estos sistemas de indicadores o ignoran por completo el marco jur\u00eddico, o \u00e9ste resulta meramente anecd\u00f3tico. En definitiva, las bases de datos existentes no permiten una adecuada comparaci\u00f3n e interconexi\u00f3n entre las plurales normas jur\u00eddicas llamadas a tener que tomarse en consideraci\u00f3n para desarrollar actuaciones urbanas integradas.<\/p>\n\n\n\n<p><strong>Con esta herramienta se pretende<\/strong><strong> fortalecer la capacidad de los actores urbanos y territoriales (administraciones p\u00fablicas, empresas, agentes sociales y econ\u00f3micos), para facilitar las decisiones en el cumplimiento de los ODS de la Agenda 2030<\/strong>, posicion\u00e1ndolas en mejores condiciones de mercado desde el punto de vista de la sostenibilidad.<\/p>\n\n\n\n<p>En su estado actual CITIES DATALEX<strong>\u00ae<\/strong> es un prototipo de difusi\u00f3n restringido, ya que a\u00fan se encuentra en desarrollo. Sin embargo, est\u00e1 previsto su lanzamiento pr\u00f3ximamente para su uso por la comunidad universitaria y profesionales relacionados con el sector de la sostenibilidad.<\/p>\n\n\n\n<p><strong>Personas de contacto<\/strong><\/p>\n\n\n\n<p>Mar\u00eda del Rosario Alonso Ib\u00e1\u00f1ez (mralonso@uniovi.es)<\/p>\n\n\n\n<p>Luciano S\u00e1nchez Ramos (luciano@uniovi.es)<\/p>\n\n\n\n<p>Mari Cruz Rozada Ardavin (zurcrozada@hotmail.com)<\/p>\n\n\n\n<p>Nahuel Costa Cortez (costanahuel@uniovi.es)<\/p>\n\n\n\n<p>Joaqu\u00edn Meda (desarrollosostenible.uniovi@gmail.com)<\/p>\n","protected":false},"excerpt":{"rendered":"<p>Legislaci\u00f3n para el Desarrollo Urbano Sostenible Tras un largo recorrido nos enorgullece presentar CITIES DATALEX\u00ae, una nueva herramienta para consultar normativa urban\u00edstica\u00a0de forma m\u00e1s accesible y centralizada. Este proyecto surge como iniciativa conjunta entre las c\u00e1tedras Concepci\u00f3n Arenal de Agenda 2030\u00a0y la C\u00e1tedra TotalEnergies de Anal\u00edtica de Datos e IA, e investigadores del GTDS de &hellip; <\/p>\n<p class=\"link-more\"><a href=\"https:\/\/www.unioviedo.es\/urbanred\/cities-datalex\/\" class=\"more-link\">Continuar leyendo<span class=\"screen-reader-text\"> \u00abCities DataLex\u00ae\u00bb<\/span><\/a><\/p>\n","protected":false},"author":1,"featured_media":0,"parent":0,"menu_order":0,"comment_status":"closed","ping_status":"closed","template":"","meta":{"footnotes":""},"class_list":["post-933","page","type-page","status-publish","hentry"],"_links":{"self":[{"href":"https:\/\/www.unioviedo.es\/urbanred\/wp-json\/wp\/v2\/pages\/933","targetHints":{"allow":["GET"]}}],"collection":[{"href":"https:\/\/www.unioviedo.es\/urbanred\/wp-json\/wp\/v2\/pages"}],"about":[{"href":"https:\/\/www.unioviedo.es\/urbanred\/wp-json\/wp\/v2\/types\/page"}],"author":[{"embeddable":true,"href":"https:\/\/www.unioviedo.es\/urbanred\/wp-json\/wp\/v2\/users\/1"}],"replies":[{"embeddable":true,"href":"https:\/\/www.unioviedo.es\/urbanred\/wp-json\/wp\/v2\/comments?post=933"}],"version-history":[{"count":17,"href":"https:\/\/www.unioviedo.es\/urbanred\/wp-json\/wp\/v2\/pages\/933\/revisions"}],"predecessor-version":[{"id":2645,"href":"https:\/\/www.unioviedo.es\/urbanred\/wp-json\/wp\/v2\/pages\/933\/revisions\/2645"}],"wp:attachment":[{"href":"https:\/\/www.unioviedo.es\/urbanred\/wp-json\/wp\/v2\/media?parent=933"}],"curies":[{"name":"wp","href":"https:\/\/api.w.org\/{rel}","templated":true}]}}