{"id":938,"date":"2021-03-18T18:46:51","date_gmt":"2021-03-18T17:46:51","guid":{"rendered":"https:\/\/www.unioviedo.es\/urbanred\/?page_id=938"},"modified":"2021-03-19T13:00:19","modified_gmt":"2021-03-19T12:00:19","slug":"buscador-juridico","status":"publish","type":"page","link":"https:\/\/www.unioviedo.es\/urbanred\/cities-datalex\/buscador-juridico\/","title":{"rendered":"Buscador jur\u00eddico"},"content":{"rendered":"\n<p>Encuentra, filtra, mezcla y visualiza preceptos al servicio del desarrollo urbano sostenible.<\/p>\n\n\n\n<p>El buscador jur\u00eddico es una herramienta de b\u00fasqueda de preceptos utilizando diversos indicadores, incluyendo \u00e1mbito tem\u00e1tico, materia e \u00edtems por comunidades aut\u00f3nomas y municipios.<\/p>\n\n\n\n<p class=\"has-cyan-bluish-gray-color has-text-color has-large-font-size\">En desarrollo<\/p>\n","protected":false},"excerpt":{"rendered":"<p>Encuentra, filtra, mezcla y visualiza preceptos al servicio del desarrollo urbano sostenible. El buscador jur\u00eddico es una herramienta de b\u00fasqueda de preceptos utilizando diversos indicadores, incluyendo \u00e1mbito tem\u00e1tico, materia e \u00edtems por comunidades aut\u00f3nomas y municipios. En desarrollo<\/p>\n","protected":false},"author":1,"featured_media":0,"parent":933,"menu_order":10,"comment_status":"closed","ping_status":"closed","template":"","meta":{"footnotes":""},"class_list":["post-938","page","type-page","status-publish","hentry"],"_links":{"self":[{"href":"https:\/\/www.unioviedo.es\/urbanred\/wp-json\/wp\/v2\/pages\/938","targetHints":{"allow":["GET"]}}],"collection":[{"href":"https:\/\/www.unioviedo.es\/urbanred\/wp-json\/wp\/v2\/pages"}],"about":[{"href":"https:\/\/www.unioviedo.es\/urbanred\/wp-json\/wp\/v2\/types\/page"}],"author":[{"embeddable":true,"href":"https:\/\/www.unioviedo.es\/urbanred\/wp-json\/wp\/v2\/users\/1"}],"replies":[{"embeddable":true,"href":"https:\/\/www.unioviedo.es\/urbanred\/wp-json\/wp\/v2\/comments?post=938"}],"version-history":[{"count":3,"href":"https:\/\/www.unioviedo.es\/urbanred\/wp-json\/wp\/v2\/pages\/938\/revisions"}],"predecessor-version":[{"id":1007,"href":"https:\/\/www.unioviedo.es\/urbanred\/wp-json\/wp\/v2\/pages\/938\/revisions\/1007"}],"up":[{"embeddable":true,"href":"https:\/\/www.unioviedo.es\/urbanred\/wp-json\/wp\/v2\/pages\/933"}],"wp:attachment":[{"href":"https:\/\/www.unioviedo.es\/urbanred\/wp-json\/wp\/v2\/media?parent=938"}],"curies":[{"name":"wp","href":"https:\/\/api.w.org\/{rel}","templated":true}]}}