{"id":947,"date":"2021-03-18T19:46:50","date_gmt":"2021-03-18T18:46:50","guid":{"rendered":"https:\/\/www.unioviedo.es\/urbanred\/?page_id=947"},"modified":"2021-03-19T13:19:03","modified_gmt":"2021-03-19T12:19:03","slug":"tesauro","status":"publish","type":"page","link":"https:\/\/www.unioviedo.es\/urbanred\/cities-datalex\/tesauro\/","title":{"rendered":"Tesauro"},"content":{"rendered":"\n<p>Se trata de un instrumento de normalizaci\u00f3n del lenguaje utilizado por el ordenamiento jur\u00eddico para facilitar la consulta de los preceptos aplicables a la sostenibilidad urbana, convirtiendo a sus descriptores en puntos de acceso especializado a los contenidos de la legislaci\u00f3n que resulta de aplicaci\u00f3n.<\/p>\n\n\n\n<div class=\"wp-block-columns is-layout-flex wp-container-core-columns-is-layout-1 wp-block-columns-is-layout-flex\">\n<div class=\"wp-block-column is-layout-flow wp-block-column-is-layout-flow\">\n<p class=\"has-text-align-center has-vivid-cyan-blue-background-color has-background\">Sostenibilidad econ\u00f3mica<\/p>\n<\/div>\n\n\n\n<div class=\"wp-block-column is-layout-flow wp-block-column-is-layout-flow\"><\/div>\n<\/div>\n\n\n\n<div class=\"wp-block-columns is-layout-flex wp-container-core-columns-is-layout-2 wp-block-columns-is-layout-flex\">\n<div class=\"wp-block-column is-layout-flow wp-block-column-is-layout-flow\">\n<p class=\"has-text-align-center has-vivid-green-cyan-background-color has-text-color has-background\" style=\"color:#2d2d2d\">  Sostenibilidad ambiental<\/p>\n<\/div>\n\n\n\n<div class=\"wp-block-column is-layout-flow wp-block-column-is-layout-flow\"><\/div>\n<\/div>\n\n\n\n<div class=\"wp-block-columns is-layout-flex wp-container-core-columns-is-layout-3 wp-block-columns-is-layout-flex\">\n<div class=\"wp-block-column is-layout-flow wp-block-column-is-layout-flow\">\n<p class=\"has-text-align-center has-text-color has-background\" style=\"background-color:#ff0000;color:#2d2d2d\">  Cambio clim\u00e1tico<\/p>\n<\/div>\n\n\n\n<div class=\"wp-block-column is-layout-flow wp-block-column-is-layout-flow\"><\/div>\n<\/div>\n\n\n\n<div class=\"wp-block-columns is-layout-flex wp-container-core-columns-is-layout-4 wp-block-columns-is-layout-flex\">\n<div class=\"wp-block-column is-layout-flow wp-block-column-is-layout-flow\">\n<p class=\"has-text-align-center has-text-color has-background\" style=\"background-color:#ff00e9;color:#2d2d2d\">Sostenibilidad social<\/p>\n<\/div>\n\n\n\n<div class=\"wp-block-column is-layout-flow wp-block-column-is-layout-flow\"><\/div>\n<\/div>\n\n\n\n<div class=\"wp-block-columns is-layout-flex wp-container-core-columns-is-layout-5 wp-block-columns-is-layout-flex\">\n<div class=\"wp-block-column is-layout-flow wp-block-column-is-layout-flow\">\n<p class=\"has-text-align-center has-text-color has-background\" style=\"background-color:#ffe95a;color:#2d2d2d\">Gobernanza urbana<\/p>\n<\/div>\n\n\n\n<div class=\"wp-block-column is-layout-flow wp-block-column-is-layout-flow\"><\/div>\n<\/div>\n","protected":false},"excerpt":{"rendered":"<p>Se trata de un instrumento de normalizaci\u00f3n del lenguaje utilizado por el ordenamiento jur\u00eddico para facilitar la consulta de los preceptos aplicables a la sostenibilidad urbana, convirtiendo a sus descriptores en puntos de acceso especializado a los contenidos de la legislaci\u00f3n que resulta de aplicaci\u00f3n. Sostenibilidad econ\u00f3mica Sostenibilidad ambiental Cambio clim\u00e1tico Sostenibilidad social Gobernanza urbana<\/p>\n","protected":false},"author":1,"featured_media":0,"parent":933,"menu_order":30,"comment_status":"closed","ping_status":"closed","template":"","meta":{"footnotes":""},"class_list":["post-947","page","type-page","status-publish","hentry"],"_links":{"self":[{"href":"https:\/\/www.unioviedo.es\/urbanred\/wp-json\/wp\/v2\/pages\/947","targetHints":{"allow":["GET"]}}],"collection":[{"href":"https:\/\/www.unioviedo.es\/urbanred\/wp-json\/wp\/v2\/pages"}],"about":[{"href":"https:\/\/www.unioviedo.es\/urbanred\/wp-json\/wp\/v2\/types\/page"}],"author":[{"embeddable":true,"href":"https:\/\/www.unioviedo.es\/urbanred\/wp-json\/wp\/v2\/users\/1"}],"replies":[{"embeddable":true,"href":"https:\/\/www.unioviedo.es\/urbanred\/wp-json\/wp\/v2\/comments?post=947"}],"version-history":[{"count":5,"href":"https:\/\/www.unioviedo.es\/urbanred\/wp-json\/wp\/v2\/pages\/947\/revisions"}],"predecessor-version":[{"id":1011,"href":"https:\/\/www.unioviedo.es\/urbanred\/wp-json\/wp\/v2\/pages\/947\/revisions\/1011"}],"up":[{"embeddable":true,"href":"https:\/\/www.unioviedo.es\/urbanred\/wp-json\/wp\/v2\/pages\/933"}],"wp:attachment":[{"href":"https:\/\/www.unioviedo.es\/urbanred\/wp-json\/wp\/v2\/media?parent=947"}],"curies":[{"name":"wp","href":"https:\/\/api.w.org\/{rel}","templated":true}]}}