{"id":116,"date":"2022-10-14T14:16:00","date_gmt":"2022-10-14T14:16:00","guid":{"rendered":"https:\/\/www.unioviedo.es\/viesca\/?page_id=116"},"modified":"2023-05-03T07:07:03","modified_gmt":"2023-05-03T07:07:03","slug":"jose-luis-viesca-2","status":"publish","type":"page","link":"https:\/\/www.unioviedo.es\/viesca\/","title":{"rendered":"Dr. Jos\u00e9 Luis Viesca"},"content":{"rendered":"\n<h1 class=\"wp-block-heading has-text-align-center has-text-color has-large-font-size\" style=\"color:#343539\"><strong>Catedr\u00e1tico de Ingenier\u00eda Mec\u00e1nica<\/strong><\/h1>\n\n\n\n<h2 class=\"wp-block-heading has-text-align-center has-text-color has-normal-font-size\" style=\"color:#333232\"><strong>Acad\u00e9mico de Honor de la Real Academia de Medicina del Principado de Asturias<\/strong><\/h2>\n\n\n<div class=\"wp-block-image\">\n<figure class=\"aligncenter size-full\"><img loading=\"lazy\" decoding=\"async\" width=\"318\" height=\"381\" src=\"https:\/\/www.unioviedo.es\/viesca\/wp-content\/uploads\/2022\/10\/Foto-J.L.-Viesca.png\" alt=\"\" class=\"wp-image-117\" srcset=\"https:\/\/www.unioviedo.es\/viesca\/wp-content\/uploads\/2022\/10\/Foto-J.L.-Viesca.png 318w, https:\/\/www.unioviedo.es\/viesca\/wp-content\/uploads\/2022\/10\/Foto-J.L.-Viesca-250x300.png 250w\" sizes=\"auto, (max-width: 318px) 100vw, 318px\" \/><figcaption class=\"wp-element-caption\">viescajose@uniovi.es \/ +34 985458044<\/figcaption><\/figure>\n<\/div>\n\n\n<p class=\"has-text-align-left\" style=\"font-style:normal;font-weight:400\">Doctor e Ingeniero Superior de Minas, con el mejor expediente acad\u00e9mico de la Promoci\u00f3n. Graduado en Ingenier\u00eda Mec\u00e1nica e Ingeniero T\u00e9cnico Industrial. M\u00e1ster Universitario en Administraci\u00f3n y Direcci\u00f3n de Empresas, y M\u00e1ster Universitario en Prevenci\u00f3n de Riesgos Laborales<\/p>\n\n\n\n<p>Catedr\u00e1tico de Ingenier\u00eda Mec\u00e1nica de la Universidad de Oviedo, ha sido Profesor Invitado en la Universidad de Vigo y tambi\u00e9n es Investigador Asociado S\u00e9nior en Bournemouth University (UK). Ha realizado postdoctorados, por un periodo acumulado de 2 a\u00f1os en el Imperial College London (UK), en el Rochester Institute of Technology (NY, USA) y en Bournemouth University (UK). Miembro de la Society of Tribologists and Lubrication Engineers (USA). Es autor de m\u00e1s de 100 publicaciones cient\u00edficas. De ellas, 54 se corresponden con art\u00edculos publicados en algunas de las revistas internacionales de mayor impacto del -JCR- . Sus trabajos de investigaci\u00f3n acumulan m\u00e1s de 3.000 citas y tiene un \u00edndice h de 26. Es coautor de 3 patentes, ha dirigido 6 tesis de doctorales y ha recibido m\u00e1s de 4.2 millones de euros de financiaci\u00f3n en proyectos y contratos de investigaci\u00f3n tanto con empresas como con agencias gubernamentales. <\/p>\n\n\n\n<p>Ha sido Director de Energ\u00eda, Desarrollo de Negocio e Innovaci\u00f3n del Grupo HUNOSA (SEPI &#8211; Contrato de Alta Direcci\u00f3n del Sector P\u00fablico Estatal). Durante ese tiempo tambi\u00e9n ha sido Presidente de HUNASER, Servicios Energ\u00e9ticos A.I.E.. Consejero y Director T\u00e9cnico de la Sociedad Asturiana de Diversificaci\u00f3n Minera, S.A. (SADIM Ingenier\u00eda), Consejero de la Sociedad para el Desarrollo de las Comarcas Mineras, S.A. (SODECO) y, Gerente y Administrador \u00danico de las UTEs encargadas de la concesi\u00f3n administrativa para la explotaci\u00f3n del Museo de la Mina de Arnao y del Ecomuseo Minero Valle de Samu\u00f1o.<\/p>\n\n\n\n<p>Tambi\u00e9n ha sido miembro de la Junta de Gobierno y de la Junta General del Consorcio para la Gesti\u00f3n de Residuos de Asturias (COGERSA), Vocal Titular en la Junta de Explotaci\u00f3n del Plan Hidrol\u00f3gico II-A del Ministerio de Medio Ambiente, Vocal del Jurado de Expropiaci\u00f3n del Principado de Asturias y Miembro del Consejo de Administraci\u00f3n del Centro de Empresas \u00abLa Curtidora\u00bb en Avil\u00e9s.<\/p>\n\n\n\n<p>Ha sido socio fundador y administrador de las sociedades ESTABILIZA, Servicios de Ingenier\u00eda del Terreno, S.L. y ASISTIA Ingenieros, S.L. y ha trabajado por cuenta ajena con categor\u00eda de Ingeniero en Pizarras Expiz, S.A. y en la Compa\u00f1\u00eda de Explotaciones y Minas, S.A. (CEMISA).<\/p>\n\n\n\n<h2 class=\"wp-block-heading\">Premios y Distinciones<\/h2>\n\n\n\n<p>Acad\u00e9mico de Honor de la Real Academia de Medicina del Principado de Asturias  (<a rel=\"noreferrer noopener\" href=\"http:\/\/www.rampra.org\/institucion\/historia\/academicos\/honor\" target=\"_blank\">link<\/a>).<\/p>\n\n\n\n<p>Premio de la Fundaci\u00f3n TALGO a la Innovaci\u00f3n Tecnol\u00f3gica. XVI Edici\u00f3n. T\u00edtulo del proyecto galardonado: \u201cComportamiento tribol\u00f3gico de aceros de carril microaleado y convencional C-Mn en condiciones de deslizamiento puro\u201d. Dotaci\u00f3n econ\u00f3mica: 10.000 euros. Jurado que lo otorg\u00f3: Presidenta del CSIC, Secretaria de Estado de Investigaci\u00f3n, Desarrollo e Innovaci\u00f3n, Presidente de Renfe, Secretario de Estado de Cultura, Secretaria de Estado de Comercio, Rector de la Universidad Polit\u00e9cnica de Madrid, Rector de la Universidad Polit\u00e9cnica de Barcelona, Ex-Ministra de Innovaci\u00f3n y Presidenta Fundaci\u00f3n COTEC (<a rel=\"noreferrer noopener\" href=\"https:\/\/www.elcomercio.es\/asturias\/cuencas\/empresa-talgo-premia-20180614002456-ntvo_amp.html\" target=\"_blank\">link<\/a>).<\/p>\n\n\n\n<p>Premio \u00abGlobal District Energy Climate Awards\u00bb de la Agencia Internacional de la Energ\u00eda al proyecto de \u201cDistrict Heating del Pozo Barredo\u201d, el cual ha sido reconocido como uno de los seis proyectos m\u00e1s innovadores y eficientes en todo el mundo (el premio tiene car\u00e1cter bianual). El proyecto ha sido promovido, dise\u00f1ado y financiado por el Grupo HUNOSA, siendo el Director de Energ\u00eda, Desarrollo de Negocio e Innovaci\u00f3n Jos\u00e9 Luis Viesca (<a rel=\"noreferrer noopener\" href=\"https:\/\/www.elcomercio.es\/asturias\/cuencas\/calor-profundo-cuencas-20180219120034-nt.html\" target=\"_blank\">link 1<\/a>; <a rel=\"noreferrer noopener\" href=\"https:\/\/www.europapress.es\/asturias\/noticia-agencia-internacional-energia-premia-hunosa-district-heating-pozo-barredo-20191025140110.html\" target=\"_blank\">link 2<\/a>)<\/p>\n\n\n\n<p>Reconocido por sexto a\u00f1o consecutivo (2018-2023) por el Grupo de Investigaci\u00f3n DIH de la Universidad de Granada, en su informe anual titulado \u201c\u00edndice h de los Mejores Investigadores Espa\u00f1oles\u201d, como uno de los cient\u00edficos con mayor impacto, dentro del \u00e1rea de Ingenier\u00eda Mec\u00e1nica (<a rel=\"noreferrer noopener\" href=\"https:\/\/www.elcomercio.es\/asturias\/investigadores-elite-cientifica-20180324001156-ntvo.html\" target=\"_blank\">link<\/a>).<\/p>\n\n\n\n<p>Ha sido objeto de 5 nombramientos consecutivos, de tres a\u00f1os cada uno de ellos, (el \u00faltimo vigente hasta junio de 2024) como -Senior Visiting Research Fellow- de Bournemouth University (UK) (<a rel=\"noreferrer noopener\" href=\"https:\/\/staffprofiles.bournemouth.ac.uk\/display\/jviesca\" target=\"_blank\">link<\/a>).<\/p>\n\n\n\n<p>Premio de la Universidad de Vigo y del Colegio Oficial de Ingenieros de Minas del Noroeste de Espa\u00f1a, al Mejor Expediente Acad\u00e9mico de la Promoci\u00f3n de Ingenieros de Minas.<\/p>\n","protected":false},"excerpt":{"rendered":"<p>Catedr\u00e1tico de Ingenier\u00eda Mec\u00e1nica Acad\u00e9mico de Honor de la Real Academia de Medicina del Principado de Asturias Doctor e Ingeniero Superior de Minas, con el mejor expediente acad\u00e9mico de la Promoci\u00f3n. Graduado en Ingenier\u00eda Mec\u00e1nica e Ingeniero T\u00e9cnico Industrial. M\u00e1ster Universitario en Administraci\u00f3n y Direcci\u00f3n de Empresas, y M\u00e1ster Universitario en Prevenci\u00f3n de Riesgos Laborales [&hellip;]<\/p>\n","protected":false},"author":1,"featured_media":0,"parent":0,"menu_order":-1,"comment_status":"closed","ping_status":"closed","template":"","meta":{"footnotes":""},"class_list":["post-116","page","type-page","status-publish","hentry"],"_links":{"self":[{"href":"https:\/\/www.unioviedo.es\/viesca\/index.php?rest_route=\/wp\/v2\/pages\/116","targetHints":{"allow":["GET"]}}],"collection":[{"href":"https:\/\/www.unioviedo.es\/viesca\/index.php?rest_route=\/wp\/v2\/pages"}],"about":[{"href":"https:\/\/www.unioviedo.es\/viesca\/index.php?rest_route=\/wp\/v2\/types\/page"}],"author":[{"embeddable":true,"href":"https:\/\/www.unioviedo.es\/viesca\/index.php?rest_route=\/wp\/v2\/users\/1"}],"replies":[{"embeddable":true,"href":"https:\/\/www.unioviedo.es\/viesca\/index.php?rest_route=%2Fwp%2Fv2%2Fcomments&post=116"}],"version-history":[{"count":24,"href":"https:\/\/www.unioviedo.es\/viesca\/index.php?rest_route=\/wp\/v2\/pages\/116\/revisions"}],"predecessor-version":[{"id":189,"href":"https:\/\/www.unioviedo.es\/viesca\/index.php?rest_route=\/wp\/v2\/pages\/116\/revisions\/189"}],"wp:attachment":[{"href":"https:\/\/www.unioviedo.es\/viesca\/index.php?rest_route=%2Fwp%2Fv2%2Fmedia&parent=116"}],"curies":[{"name":"wp","href":"https:\/\/api.w.org\/{rel}","templated":true}]}}