{"id":103,"date":"2017-09-14T12:03:50","date_gmt":"2017-09-14T10:03:50","guid":{"rendered":"http:\/\/www.unioviedo.es\/xixonsostenibilidad\/?page_id=103"},"modified":"2018-10-09T10:55:38","modified_gmt":"2018-10-09T08:55:38","slug":"noticias","status":"publish","type":"page","link":"https:\/\/www.unioviedo.es\/xixonsostenibilidad\/index.php\/noticias\/","title":{"rendered":"Noticias"},"content":{"rendered":"<p><a href=\"http:\/\/www.unioviedo.es\/xixonsostenibilidad\/wp-content\/uploads\/2018\/04\/e1.jpg\"><img loading=\"lazy\" decoding=\"async\" class=\"aligncenter size-full wp-image-396\" src=\"http:\/\/www.unioviedo.es\/xixonsostenibilidad\/wp-content\/uploads\/2018\/04\/e1.jpg\" alt=\"\" width=\"3506\" height=\"4960\" srcset=\"https:\/\/www.unioviedo.es\/xixonsostenibilidad\/wp-content\/uploads\/2018\/04\/e1.jpg 3506w, https:\/\/www.unioviedo.es\/xixonsostenibilidad\/wp-content\/uploads\/2018\/04\/e1-212x300.jpg 212w, https:\/\/www.unioviedo.es\/xixonsostenibilidad\/wp-content\/uploads\/2018\/04\/e1-768x1087.jpg 768w, https:\/\/www.unioviedo.es\/xixonsostenibilidad\/wp-content\/uploads\/2018\/04\/e1-724x1024.jpg 724w\" sizes=\"auto, (max-width: 3506px) 100vw, 3506px\" \/><\/a><\/p>\n<p>Recorte prensa Premios C\u00e1tedra Xix\u00f3n Sostenibilidad:<\/p>\n<p><a href=\"http:\/\/www.unioviedo.es\/xixonsostenibilidad\/wp-content\/uploads\/2017\/09\/20171215100249.pdf\">PRENSA Premios C\u00e1tedra Xix\u00f3n Sostenibilidad<\/a><\/p>\n<p>Recorte prensa conferencia 30\/10\/2017 y III Premio de Turismo Sostenible<\/p>\n<p><a href=\"http:\/\/www.unioviedo.es\/xixonsostenibilidad\/wp-content\/uploads\/2017\/09\/premio.pdf\">Premio Turismo Sostenible 30\/10<\/a><\/p>\n<p>Recortes prensa conferencia 26\/09\/2017 Eduardo Parra<\/p>\n<p><a href=\"http:\/\/www.unioviedo.es\/xixonsostenibilidad\/wp-content\/uploads\/2017\/09\/20171003092459-1.pdf\">Recorte prensa 1<br \/>\n<\/a><a href=\"http:\/\/www.unioviedo.es\/xixonsostenibilidad\/wp-content\/uploads\/2017\/09\/20171003092438-1.pdf\">Recorte prensa 2<br \/>\n<\/a><a href=\"http:\/\/www.unioviedo.es\/xixonsostenibilidad\/wp-content\/uploads\/2017\/09\/20171003092358-1.pdf\">Recorte prensa 3<br \/>\n<\/a><a href=\"http:\/\/www.unioviedo.es\/xixonsostenibilidad\/wp-content\/uploads\/2017\/09\/20171003092325-1.pdf\">Recorte prensa 4<\/a><a href=\"http:\/\/www.unioviedo.es\/xixonsostenibilidad\/wp-content\/uploads\/2017\/09\/20171003092247-1.pdf\"><br \/>\nRecorte prensa 5<\/a><a href=\"http:\/\/www.unioviedo.es\/xixonsostenibilidad\/wp-content\/uploads\/2017\/09\/20171003092358-1.pdf\"><br \/>\n<\/a><a href=\"http:\/\/www.unioviedo.es\/xixonsostenibilidad\/wp-content\/uploads\/2017\/09\/201710030921521-1.pdf\">Recorte prensa 6<\/a><\/p>\n<p>&nbsp;<\/p>\n<hr>\n<p>El Comercio Digital &#8211; 14 diciembre 2017<\/p>\n<p><a href=\"http:\/\/www.elcomercio.es\/gijon\/catedra-xixon-sostenibilidad-20171214000610-ntvo.html\">http:\/\/www.elcomercio.es\/gijon\/catedra-xixon-sostenibilidad-20171214000610-ntvo.html<\/a><\/p>\n<p>El Comercio Digital &#8211; 13 Diciembre 2017<\/p>\n<p><a href=\"http:\/\/www.elcomercio.es\/gijon\/catedra-sostenibilidad-premia-20171213001303-ntvo.html\">http:\/\/www.elcomercio.es\/gijon\/catedra-sostenibilidad-premia-20171213001303-ntvo.html<\/a><\/p>\n<p>El Comercio Digital &#8211; 29 Noviembre 2017<\/p>\n<p><a href=\"http:\/\/www.elcomercio.es\/gijon\/oportunidad-negocio-saber-20171129001114-ntvo.html\" target=\"_blank\" rel=\"noopener\">http:\/\/www.elcomercio.es\/gijon\/oportunidad-negocio-saber-20171129001114-ntvo.html<\/a><\/p>\n<p>La Nueva Espa\u00f1a &#8211; 28 Noviembre 2017<\/p>\n<p><a href=\"http:\/\/www.lne.es\/gijon\/2017\/11\/28\/jornada-debate-ciudades-sostenibles-e\/2200639.html\">http:\/\/www.lne.es\/gijon\/2017\/11\/28\/jornada-debate-ciudades-sostenibles-e\/2200639.html<\/a><\/p>\n<p>El Comercio Digital &#8211; 15 Noviembre 2017<\/p>\n<p><a href=\"http:\/\/www.elcomercio.es\/gijon\/victor-cabal-explica-20171115000508-ntvo.html\">http:\/\/www.elcomercio.es\/gijon\/victor-cabal-explica-20171115000508-ntvo.html<\/a><\/p>\n<p>El Comercio Digital &#8211; 31 Octubre 2017<\/p>\n<p><a href=\"http:\/\/www.elcomercio.es\/gijon\/ciudad-inteligente-buscara-20171031002040-ntvo.html\">http:\/\/www.elcomercio.es\/gijon\/ciudad-inteligente-buscara-20171031002040-ntvo.html<\/a><\/p>\n<p>La Nueva Espa\u00f1a &#8211; 31 Octubre 2017<\/p>\n<p><a href=\"http:\/\/www.lne.es\/gijon\/2017\/10\/31\/instalacion-pantallas-tactiles-turistas-mejor\/2186004.html\">http:\/\/www.lne.es\/gijon\/2017\/10\/31\/instalacion-pantallas-tactiles-turistas-mejor\/2186004.html<\/a><\/p>\n<p>El Comercio Digital- 27 Septiembre 2017<\/p>\n<p><a href=\"http:\/\/Eduardo Parra pide planes de desarrollo consensuados para evitar la 'turismofobia' El Comercio Digital (Asturias)\">http:\/\/Eduardo Parra pide planes de desarrollo consensuados para evitar la &#8216;turismofobia&#8217; <\/a><\/p>\n<p>La Nueva Espa\u00f1a &#8211; 27 Septiembre 2017<\/p>\n<p><a href=\"https:\/\/www.google.com\/url?rct=j&amp;sa=t&amp;url=http:\/\/www.lne.es\/gijon\/2017\/09\/26\/eduardo-parra-profesor-economia-digital\/2168988.html&amp;ct=ga&amp;cd=CAEYACoUMTcwMzQxODI2MzM3MzgwNjk4NDYyGWE4N2M3NDJjYWU4OGNmZjM6ZXM6ZXM6RVM&amp;usg=AFQjCNGQ1M5gLnYnAiJ5n78preZTd6oKxw\">Eduardo Parra, profesor de Econom\u00eda Digital, diserta sobre turismo sostenible<\/a><\/p>\n<p>La Nueva Espa\u00f1a &#8211; 27 Septiembre 2017<\/p>\n<p><a href=\"http:\/\/www.lne.es\/gijon\/2017\/09\/27\/sector-turistico-espanol-preparado-afrontar\/2169477.html\">http:\/\/www.lne.es\/gijon\/2017\/09\/27\/sector-turistico-espanol-preparado-afrontar\/2169477.html<\/a><\/p>\n<p>El Comercio &#8211; 26 Septiembre 2017<\/p>\n<p><a href=\"http:\/\/El profesor Eduardo Parra imparte hoy una charla sobre turismo inteligente El Comercio Digital (Asturias) El ponente de esta charla, organizada por la c\u00e1tedra Gij\u00f3n Sostenibilidad de la Milla del Conocimiento, tambi\u00e9n preside la Asociaci\u00f3n Espa\u00f1ola de ...\">http:\/\/El profesor Eduardo Parra imparte hoy una charla sobre turismo inteligente El Comercio Digital (Asturias)<br \/>\n<\/a><\/p>\n<hr>\n<p><span style=\"color: #808000;\"><strong>La Nueva Espa\u00f1a-22 jul. 2016<\/strong><\/span><\/p>\n<p><span style=\"color: #808000;\">PEL\u00c1EZ\/ L. PALACIOS&nbsp;Gij\u00f3n contar\u00e1 con dos nuevas&nbsp;c\u00e1tedras: una &#8230; y otra sobre&nbsp;sostenibilidad, desde la Facultad de Comercio, Turismo y&nbsp;&#8230;<\/span><\/p>\n<p><span style=\"color: #808000;\"><strong><a href=\"http:\/\/www.lne.es\/gijon\/2016\/07\/23\/gijon-contara-nuevas-catedras-smartcities\/1960210.html\">Gij\u00f3n&nbsp;contar\u00e1 con dos nuevas&nbsp;c\u00e1tedras, sobre \u00b4smartcities\u00b4 y &#8230;<\/a><\/strong><\/span><\/p>\n<p><span style=\"color: #808000;\"><strong>&nbsp;<\/strong><\/span><\/p>\n<p><span style=\"color: #808000;\"><strong>El Comercio Digital (Asturias)-14 oct. 2016<\/strong><\/span><\/p>\n<p><span style=\"color: #808000;\">El Ayuntamiento de&nbsp;Gij\u00f3n&nbsp;ha firmado un convenio de colaboraci\u00f3n con la &#8230; las dos nuevas&nbsp;c\u00e1tedras&nbsp;de&nbsp;sostenibilidad&nbsp;y \u00absmart cities\u00bb contar\u00e1n&nbsp;&#8230;<\/span><\/p>\n<p><span style=\"color: #808000;\"><strong><a href=\"http:\/\/www.elcomercio.es\/gijon\/201610\/14\/gijon-firma-convenio-universidad-20161014125528.html\">Gij\u00f3n&nbsp;firma un convenio con la Universidad para potenciar &#8230;<\/a><\/strong><\/span><\/p>\n<p><span style=\"color: #808000;\"><strong>&nbsp;<\/strong><\/span><\/p>\n<p><span style=\"color: #808000;\"><strong>Nota de prensa en el DUO de la Universidad de Oviedo 14 de Diciembre 2016<\/strong><\/span><\/p>\n<p><span style=\"color: #808000;\">La Universidad de Oviedo pone en marcha dos C\u00e1tedras vinculadas a la Milla del Conocimiento de Gij\u00f3n<\/span><\/p>\n<p><span style=\"color: #808000;\"><strong><a href=\"http:\/\/www.uniovi.es\/-\/la-universidad-de-oviedo-pone-en-marcha-dos-catedras-vinculadas-a-la-milla-del-conocimiento-de-gijon\">http:\/\/www.uniovi.es\/-\/la-universidad-de-oviedo-pone-en-marcha-dos-catedras-vinculadas-a-la-milla-del-conocimiento-de-gijon<\/a><\/strong><\/span><\/p>\n<p><span style=\"color: #808000;\"><strong>&nbsp;<\/strong><\/span><\/p>\n<p><span style=\"color: #808000;\"><strong>El Comercio Digital (Asturias)-14 dic. 2016<\/strong><\/span><\/p>\n<p><span style=\"color: #808000;\">La Universidad impulsa dos c\u00e1tedras vinculadas a la Milla del Conocimiento<\/span><\/p>\n<p><span style=\"color: #808000;\"><strong><a href=\"http:\/\/www.elcomercio.es\/agencias\/asturias\/201612\/14\/universidad-impulsa-catedras-vinculadas-845606.html\">http:\/\/www.elcomercio.es\/agencias\/asturias\/201612\/14\/universidad-impulsa-catedras-vinculadas-845606.html<\/a><\/strong><\/span><\/p>\n<p><span style=\"color: #808000;\"><strong>La Nueva Espa\u00f1a-14 dic. 2016<\/strong><\/span><\/p>\n<p><span style=\"color: #808000;\">Gij\u00f3n contar\u00e1 con dos nuevas c\u00e1tedras vinculadas a la Milla del Conocimiento. Abordar\u00e1n cuestiones de sostenibilidad y ciudades inteligentes<\/span><\/p>\n<p><span style=\"color: #808000;\"><strong><a href=\"http:\/\/www.lne.es\/gijon\/2016\/12\/14\/gijon-contara-nuevas-catedras-vinculadas\/2028225.html\">Gij\u00f3n&nbsp;contar\u00e1 con dos nuevas&nbsp;c\u00e1tedras&nbsp;vinculadas a la Milla del &#8230;<\/a><\/strong><\/span><\/p>\n<p><span style=\"color: #808000;\"><strong>Nota de prensa Web del ayuntamiento-15 dic 2016<\/strong><\/span><\/p>\n<p><span style=\"color: #808000;\">La Milla del Conocimiento estrena c\u00e1tedras<\/span><\/p>\n<p><span style=\"color: #808000;\"><a href=\"https:\/\/www.gijon.es\/noticias\/show\/33506-la-milla-del-conocimiento-estrena-catedras\"><strong>https:\/\/www.gijon.es\/noticias\/show\/33506-la-milla-del-conocimiento-estrena-catedras<\/strong><\/a><\/span><\/p>\n<p><span style=\"color: #808000;\"><strong>El Comercio Digital (Asturias)-15 dic. 2016<\/strong><\/span><\/p>\n<p><span style=\"color: #808000;\">La Universidad de Oviedo anunci\u00f3 ayer la creaci\u00f3n de dos nuevas&nbsp;c\u00e1tedras&nbsp;vinculadas a la Milla del Conocimiento:&nbsp;Xix\u00f3n Sostenibilidad&nbsp;y&nbsp;&#8230;<\/span><\/p>\n<p><span style=\"color: #808000;\"><strong><a href=\"http:\/\/www.elcomercio.es\/gijon\/201612\/15\/sostenibilidad-smart-cities-nuevas-20161215002415-v.html\">Sostenibilidad&nbsp;y &#8216;Smart Cities&#8217;, nuevas&nbsp;c\u00e1tedras&nbsp;en torno a la Milla &#8230;<\/a><\/strong><\/span><\/p>\n<p><span style=\"color: #808000;\"><strong>La Nueva Espa\u00f1a-20 dic. 2016<\/strong><\/span><\/p>\n<p><span style=\"color: #808000;\">Por la izquierda, Luis Vald\u00e9s, Eugenia Su\u00e1rez, Ana Bra\u00f1a y Rosa Aza, antes de la presentaci\u00f3n de la&nbsp;c\u00e1tedra Xix\u00f3n Sostenibilidad. MARCOS&nbsp;&#8230;<\/span><\/p>\n<p><span style=\"color: #808000;\"><strong><a href=\"http:\/\/www.lne.es\/gijon\/2016\/12\/21\/catedra-xixon-sostenibilidad-busca-mejorar\/2031455.html\">La&nbsp;c\u00e1tedra Xix\u00f3n Sostenibilidad&nbsp;busca \u00b4mejorar la calidad de vida &#8230;<\/a><\/strong><\/span><\/p>\n<p><span style=\"color: #808000;\"><strong>&nbsp;<\/strong><\/span><\/p>\n<p><span style=\"color: #808000;\"><strong>El Comercio Digital (Asturias)-20 dic. 2016<\/strong><\/span><\/p>\n<p><span style=\"color: #808000;\">El futuro es sostenible\u00bb. &#8230; bases de la&nbsp;c\u00e1tedra&nbsp;&#8216;Xix\u00f3n Sostenibilidad&#8217;, que ayer fue presentada en el Paraninfo de la Universidad Laboral y a la&nbsp;&#8230;<\/span><\/p>\n<p><span style=\"color: #808000;\"><strong><a href=\"http:\/\/www.elcomercio.es\/gijon\/201612\/21\/esta-catedra-queremos-mejorar-20161221002606-v.html\">\u00abCon esta&nbsp;c\u00e1tedra&nbsp;queremos mejorar la calidad de vida de los &#8230;<\/a><\/strong><\/span><\/p>\n<p><span style=\"color: #808000;\"><strong>&nbsp;<\/strong><\/span><\/p>\n<p><span style=\"color: #808000;\"><strong>Onda Cero Radio -ASTURIAS EN LA ONDA 20\/12\/2016 CON ANA FIERRO<\/strong><\/span><\/p>\n<p><span style=\"color: #808000;\">Nacen dos nuevas c\u00e1tedras en la Universidad de Oviedo. \u00abXix\u00f3n Sostenibilidad\u00bb se ha presentado esta ma\u00f1ana. Su director, Luis Vald\u00e9s, nos ayuda a conocer los objetivos marcados.<\/span><\/p>\n<p><span style=\"color: #808000;\"><strong><a href=\"http:\/\/www.ondacero.es\/emisoras\/asturias\/asturias-en-la-onda-20122016-con-ana-fierro_2016122058592e5c0cf27b766cedb318.html\">http:\/\/www.ondacero.es\/emisoras\/asturias\/asturias-en-la-onda-20122016-con-ana-fierro_2016122058592e5c0cf27b766cedb318.html<\/a><\/strong><\/span><\/p>\n<p><span style=\"color: #808000;\"><strong>&nbsp;<\/strong><\/span><\/p>\n<p><span style=\"color: #808000;\"><strong>El Comercio Digital (Asturias)-21 dic. 2016<\/strong><\/span><\/p>\n<p><span style=\"color: #808000;\">Otra nueva&nbsp;c\u00e1tedra, denominada &#8216;Xix\u00f3n Sostenibilidad&#8217;, de la Facultad de Comercio, Turismo y Ciencias Sociales, dirigida por el profesor Luis&nbsp;&#8230;<\/span><\/p>\n<p><span style=\"color: #808000;\"><strong><a href=\"http:\/\/www.elcomercio.es\/gijon\/201612\/21\/garcia-granda-subraya-compromiso-20161221110941.html\">Garc\u00eda Granda subraya el compromiso de la Universidad con el &#8230;<\/a><\/strong><\/span><\/p>\n<p><span style=\"color: #808000;\"><strong>&nbsp;<\/strong><\/span><\/p>\n<p><span style=\"color: #808000;\"><strong>La Nueva Espa\u00f1a-21 dic. 2016<\/strong><\/span><\/p>\n<p><span style=\"color: #808000;\">La nueva&nbsp;C\u00e1tedra Gij\u00f3n&nbsp;Smartcities tender\u00e1 un puente entre el &#8230; en la ciudad o la movilidad&nbsp;sostenible, \u00e1mbitos que hoy en d\u00eda cuentan con&nbsp;&#8230;<\/span><\/p>\n<p><span style=\"color: #808000;\"><strong><a href=\"http:\/\/www.lne.es\/gijon\/2016\/12\/22\/catedra-smartcities-potenciara-puentes-campus\/2032009.html\">La&nbsp;C\u00e1tedra&nbsp;Smartcities potenciar\u00e1 los puentes entre el campus y el &#8230;<\/a><\/strong><\/span><\/p>\n<p><span style=\"color: #808000;\"><strong>&nbsp;<\/strong><\/span><\/p>\n<p><span style=\"color: #808000;\"><strong>ABC 21-12-2016 \/ 11:11 h EFE<\/strong><\/span><\/p>\n<p><span style=\"color: #808000;\">Garc\u00eda Granda subraya el compromiso de la Universidad con el desarrollo sostenible<\/span><\/p>\n<p><span style=\"color: #808000;\"><strong><a href=\"http:\/\/agencias.abc.es\/agencias\/noticia.asp?noticia=2399767\">http:\/\/agencias.abc.es\/agencias\/noticia.asp?noticia=2399767<\/a><\/strong><\/span><\/p>\n<p><span style=\"color: #808000;\"><strong>&nbsp;<\/strong><\/span><\/p>\n<p><span style=\"color: #808000;\"><strong>RTPA, 20-12-2016 18:13<\/strong><\/span><\/p>\n<p><span style=\"color: #808000;\">La C\u00e1tedra Milla del Conocimiento se estrena con un debate sobre desarrollo y medio ambiente Gij\u00f3n presenta su estrategia para obtener financiaci\u00f3n europea en materia de sostenibilidad<\/span><\/p>\n<p><strong><a href=\"http:\/\/www.rtpa.es\/sociedad:-La-Catedra-Milla-del-Conocimiento-se-estrena-con-un-debate-sobre-desarrollo-y-medio-ambiente_111482243547.html\">http:\/\/www.rtpa.es\/sociedad:-La-Catedra-Milla-del-Conocimiento-se-estrena-con-un-debate-sobre-desarrollo-y-medio-ambiente_111482243547.html<\/a><br \/>\n<\/strong><\/p>\n","protected":false},"excerpt":{"rendered":"<p>Recorte prensa Premios C\u00e1tedra Xix\u00f3n Sostenibilidad: PRENSA Premios C\u00e1tedra Xix\u00f3n Sostenibilidad Recorte prensa conferencia 30\/10\/2017 y III Premio de Turismo Sostenible Premio Turismo Sostenible 30\/10 Recortes prensa conferencia 26\/09\/2017 Eduardo Parra Recorte prensa 1 Recorte prensa 2 Recorte prensa 3 Recorte prensa 4 Recorte prensa 5 Recorte prensa 6 &nbsp; El Comercio Digital &#8211; 14 [&hellip;]<\/p>\n","protected":false},"author":1,"featured_media":0,"parent":0,"menu_order":0,"comment_status":"closed","ping_status":"closed","template":"","meta":{"_crdt_document":"","_exactmetrics_skip_tracking":false,"_exactmetrics_sitenote_active":false,"_exactmetrics_sitenote_note":"","_exactmetrics_sitenote_category":0,"footnotes":""},"class_list":["post-103","page","type-page","status-publish","hentry"],"yoast_head":"<!-- This site is optimized with the Yoast SEO plugin v27.4 - https:\/\/yoast.com\/product\/yoast-seo-wordpress\/ -->\n<title>Noticias - C\u00e1tedra Milla del Conocimiento: Gij\u00f3n Sostenibilidad<\/title>\n<meta name=\"robots\" content=\"index, follow, max-snippet:-1, max-image-preview:large, max-video-preview:-1\" \/>\n<link rel=\"canonical\" href=\"https:\/\/www.unioviedo.es\/xixonsostenibilidad\/index.php\/noticias\/\" \/>\n<meta property=\"og:locale\" content=\"es_ES\" \/>\n<meta property=\"og:type\" content=\"article\" \/>\n<meta property=\"og:title\" content=\"Noticias - C\u00e1tedra Milla del Conocimiento: Gij\u00f3n Sostenibilidad\" \/>\n<meta property=\"og:description\" content=\"Recorte prensa Premios C\u00e1tedra Xix\u00f3n Sostenibilidad: PRENSA Premios C\u00e1tedra Xix\u00f3n Sostenibilidad Recorte prensa conferencia 30\/10\/2017 y III Premio de Turismo Sostenible Premio Turismo Sostenible 30\/10 Recortes prensa conferencia 26\/09\/2017 Eduardo Parra Recorte prensa 1 Recorte prensa 2 Recorte prensa 3 Recorte prensa 4 Recorte prensa 5 Recorte prensa 6 &nbsp; El Comercio Digital &#8211; 14 [&hellip;]\" \/>\n<meta property=\"og:url\" content=\"https:\/\/www.unioviedo.es\/xixonsostenibilidad\/index.php\/noticias\/\" \/>\n<meta property=\"og:site_name\" content=\"C\u00e1tedra Milla del Conocimiento: Gij\u00f3n Sostenibilidad\" \/>\n<meta property=\"article:modified_time\" content=\"2018-10-09T08:55:38+00:00\" \/>\n<meta property=\"og:image\" content=\"http:\/\/www.unioviedo.es\/xixonsostenibilidad\/wp-content\/uploads\/2018\/04\/e1.jpg\" \/>\n<meta name=\"twitter:card\" content=\"summary_large_image\" \/>\n<meta name=\"twitter:label1\" content=\"Tiempo de lectura\" \/>\n\t<meta name=\"twitter:data1\" content=\"4 minutos\" \/>\n<script type=\"application\/ld+json\" class=\"yoast-schema-graph\">{\"@context\":\"https:\\\/\\\/schema.org\",\"@graph\":[{\"@type\":\"WebPage\",\"@id\":\"https:\\\/\\\/www.unioviedo.es\\\/xixonsostenibilidad\\\/index.php\\\/noticias\\\/\",\"url\":\"https:\\\/\\\/www.unioviedo.es\\\/xixonsostenibilidad\\\/index.php\\\/noticias\\\/\",\"name\":\"Noticias - C\u00e1tedra Milla del Conocimiento: Gij\u00f3n Sostenibilidad\",\"isPartOf\":{\"@id\":\"https:\\\/\\\/www.unioviedo.es\\\/xixonsostenibilidad\\\/#website\"},\"primaryImageOfPage\":{\"@id\":\"https:\\\/\\\/www.unioviedo.es\\\/xixonsostenibilidad\\\/index.php\\\/noticias\\\/#primaryimage\"},\"image\":{\"@id\":\"https:\\\/\\\/www.unioviedo.es\\\/xixonsostenibilidad\\\/index.php\\\/noticias\\\/#primaryimage\"},\"thumbnailUrl\":\"http:\\\/\\\/www.unioviedo.es\\\/xixonsostenibilidad\\\/wp-content\\\/uploads\\\/2018\\\/04\\\/e1.jpg\",\"datePublished\":\"2017-09-14T10:03:50+00:00\",\"dateModified\":\"2018-10-09T08:55:38+00:00\",\"breadcrumb\":{\"@id\":\"https:\\\/\\\/www.unioviedo.es\\\/xixonsostenibilidad\\\/index.php\\\/noticias\\\/#breadcrumb\"},\"inLanguage\":\"es\",\"potentialAction\":[{\"@type\":\"ReadAction\",\"target\":[\"https:\\\/\\\/www.unioviedo.es\\\/xixonsostenibilidad\\\/index.php\\\/noticias\\\/\"]}]},{\"@type\":\"ImageObject\",\"inLanguage\":\"es\",\"@id\":\"https:\\\/\\\/www.unioviedo.es\\\/xixonsostenibilidad\\\/index.php\\\/noticias\\\/#primaryimage\",\"url\":\"https:\\\/\\\/www.unioviedo.es\\\/xixonsostenibilidad\\\/wp-content\\\/uploads\\\/2018\\\/04\\\/e1.jpg\",\"contentUrl\":\"https:\\\/\\\/www.unioviedo.es\\\/xixonsostenibilidad\\\/wp-content\\\/uploads\\\/2018\\\/04\\\/e1.jpg\",\"width\":3506,\"height\":4960},{\"@type\":\"BreadcrumbList\",\"@id\":\"https:\\\/\\\/www.unioviedo.es\\\/xixonsostenibilidad\\\/index.php\\\/noticias\\\/#breadcrumb\",\"itemListElement\":[{\"@type\":\"ListItem\",\"position\":1,\"name\":\"Portada\",\"item\":\"https:\\\/\\\/www.unioviedo.es\\\/xixonsostenibilidad\\\/\"},{\"@type\":\"ListItem\",\"position\":2,\"name\":\"Noticias\"}]},{\"@type\":\"WebSite\",\"@id\":\"https:\\\/\\\/www.unioviedo.es\\\/xixonsostenibilidad\\\/#website\",\"url\":\"https:\\\/\\\/www.unioviedo.es\\\/xixonsostenibilidad\\\/\",\"name\":\"C\u00e1tedra Milla del Conocimiento: Gij\u00f3n Sostenibilidad\",\"description\":\"Las actividades de la C\u00e1tedra est\u00e1n patrocinadas por el Ayuntamiento de Gij\u00f3n\\\/Xix\u00f3n y pretende convertirse en un espacio interdisciplinario, reflexivo y abierto que contribuya a reorientar la actividad econ\u00f3mica y empresarial hacia el desarrollo sostenible de nuestro entorno en general, y del turismo en particular\",\"publisher\":{\"@id\":\"https:\\\/\\\/www.unioviedo.es\\\/xixonsostenibilidad\\\/#organization\"},\"potentialAction\":[{\"@type\":\"SearchAction\",\"target\":{\"@type\":\"EntryPoint\",\"urlTemplate\":\"https:\\\/\\\/www.unioviedo.es\\\/xixonsostenibilidad\\\/?s={search_term_string}\"},\"query-input\":{\"@type\":\"PropertyValueSpecification\",\"valueRequired\":true,\"valueName\":\"search_term_string\"}}],\"inLanguage\":\"es\"},{\"@type\":\"Organization\",\"@id\":\"https:\\\/\\\/www.unioviedo.es\\\/xixonsostenibilidad\\\/#organization\",\"name\":\"Universidad de Oviedo\",\"url\":\"https:\\\/\\\/www.unioviedo.es\\\/xixonsostenibilidad\\\/\",\"logo\":{\"@type\":\"ImageObject\",\"inLanguage\":\"es\",\"@id\":\"https:\\\/\\\/www.unioviedo.es\\\/xixonsostenibilidad\\\/#\\\/schema\\\/logo\\\/image\\\/\",\"url\":\"https:\\\/\\\/www.unioviedo.es\\\/xixonsostenibilidad\\\/wp-content\\\/uploads\\\/2023\\\/09\\\/Lgo-uniovi-catedra.png\",\"contentUrl\":\"https:\\\/\\\/www.unioviedo.es\\\/xixonsostenibilidad\\\/wp-content\\\/uploads\\\/2023\\\/09\\\/Lgo-uniovi-catedra.png\",\"width\":1669,\"height\":531,\"caption\":\"Universidad de Oviedo\"},\"image\":{\"@id\":\"https:\\\/\\\/www.unioviedo.es\\\/xixonsostenibilidad\\\/#\\\/schema\\\/logo\\\/image\\\/\"},\"sameAs\":[\"https:\\\/\\\/www.linkedin.com\\\/company\\\/65406893\\\/admin\\\/feed\\\/posts\\\/\"]}]}<\/script>\n<!-- \/ Yoast SEO plugin. -->","yoast_head_json":{"title":"Noticias - C\u00e1tedra Milla del Conocimiento: Gij\u00f3n Sostenibilidad","robots":{"index":"index","follow":"follow","max-snippet":"max-snippet:-1","max-image-preview":"max-image-preview:large","max-video-preview":"max-video-preview:-1"},"canonical":"https:\/\/www.unioviedo.es\/xixonsostenibilidad\/index.php\/noticias\/","og_locale":"es_ES","og_type":"article","og_title":"Noticias - C\u00e1tedra Milla del Conocimiento: Gij\u00f3n Sostenibilidad","og_description":"Recorte prensa Premios C\u00e1tedra Xix\u00f3n Sostenibilidad: PRENSA Premios C\u00e1tedra Xix\u00f3n Sostenibilidad Recorte prensa conferencia 30\/10\/2017 y III Premio de Turismo Sostenible Premio Turismo Sostenible 30\/10 Recortes prensa conferencia 26\/09\/2017 Eduardo Parra Recorte prensa 1 Recorte prensa 2 Recorte prensa 3 Recorte prensa 4 Recorte prensa 5 Recorte prensa 6 &nbsp; El Comercio Digital &#8211; 14 [&hellip;]","og_url":"https:\/\/www.unioviedo.es\/xixonsostenibilidad\/index.php\/noticias\/","og_site_name":"C\u00e1tedra Milla del Conocimiento: Gij\u00f3n Sostenibilidad","article_modified_time":"2018-10-09T08:55:38+00:00","og_image":[{"url":"http:\/\/www.unioviedo.es\/xixonsostenibilidad\/wp-content\/uploads\/2018\/04\/e1.jpg","type":"","width":"","height":""}],"twitter_card":"summary_large_image","twitter_misc":{"Tiempo de lectura":"4 minutos"},"schema":{"@context":"https:\/\/schema.org","@graph":[{"@type":"WebPage","@id":"https:\/\/www.unioviedo.es\/xixonsostenibilidad\/index.php\/noticias\/","url":"https:\/\/www.unioviedo.es\/xixonsostenibilidad\/index.php\/noticias\/","name":"Noticias - C\u00e1tedra Milla del Conocimiento: Gij\u00f3n Sostenibilidad","isPartOf":{"@id":"https:\/\/www.unioviedo.es\/xixonsostenibilidad\/#website"},"primaryImageOfPage":{"@id":"https:\/\/www.unioviedo.es\/xixonsostenibilidad\/index.php\/noticias\/#primaryimage"},"image":{"@id":"https:\/\/www.unioviedo.es\/xixonsostenibilidad\/index.php\/noticias\/#primaryimage"},"thumbnailUrl":"http:\/\/www.unioviedo.es\/xixonsostenibilidad\/wp-content\/uploads\/2018\/04\/e1.jpg","datePublished":"2017-09-14T10:03:50+00:00","dateModified":"2018-10-09T08:55:38+00:00","breadcrumb":{"@id":"https:\/\/www.unioviedo.es\/xixonsostenibilidad\/index.php\/noticias\/#breadcrumb"},"inLanguage":"es","potentialAction":[{"@type":"ReadAction","target":["https:\/\/www.unioviedo.es\/xixonsostenibilidad\/index.php\/noticias\/"]}]},{"@type":"ImageObject","inLanguage":"es","@id":"https:\/\/www.unioviedo.es\/xixonsostenibilidad\/index.php\/noticias\/#primaryimage","url":"https:\/\/www.unioviedo.es\/xixonsostenibilidad\/wp-content\/uploads\/2018\/04\/e1.jpg","contentUrl":"https:\/\/www.unioviedo.es\/xixonsostenibilidad\/wp-content\/uploads\/2018\/04\/e1.jpg","width":3506,"height":4960},{"@type":"BreadcrumbList","@id":"https:\/\/www.unioviedo.es\/xixonsostenibilidad\/index.php\/noticias\/#breadcrumb","itemListElement":[{"@type":"ListItem","position":1,"name":"Portada","item":"https:\/\/www.unioviedo.es\/xixonsostenibilidad\/"},{"@type":"ListItem","position":2,"name":"Noticias"}]},{"@type":"WebSite","@id":"https:\/\/www.unioviedo.es\/xixonsostenibilidad\/#website","url":"https:\/\/www.unioviedo.es\/xixonsostenibilidad\/","name":"C\u00e1tedra Milla del Conocimiento: Gij\u00f3n Sostenibilidad","description":"Las actividades de la C\u00e1tedra est\u00e1n patrocinadas por el Ayuntamiento de Gij\u00f3n\/Xix\u00f3n y pretende convertirse en un espacio interdisciplinario, reflexivo y abierto que contribuya a reorientar la actividad econ\u00f3mica y empresarial hacia el desarrollo sostenible de nuestro entorno en general, y del turismo en particular","publisher":{"@id":"https:\/\/www.unioviedo.es\/xixonsostenibilidad\/#organization"},"potentialAction":[{"@type":"SearchAction","target":{"@type":"EntryPoint","urlTemplate":"https:\/\/www.unioviedo.es\/xixonsostenibilidad\/?s={search_term_string}"},"query-input":{"@type":"PropertyValueSpecification","valueRequired":true,"valueName":"search_term_string"}}],"inLanguage":"es"},{"@type":"Organization","@id":"https:\/\/www.unioviedo.es\/xixonsostenibilidad\/#organization","name":"Universidad de Oviedo","url":"https:\/\/www.unioviedo.es\/xixonsostenibilidad\/","logo":{"@type":"ImageObject","inLanguage":"es","@id":"https:\/\/www.unioviedo.es\/xixonsostenibilidad\/#\/schema\/logo\/image\/","url":"https:\/\/www.unioviedo.es\/xixonsostenibilidad\/wp-content\/uploads\/2023\/09\/Lgo-uniovi-catedra.png","contentUrl":"https:\/\/www.unioviedo.es\/xixonsostenibilidad\/wp-content\/uploads\/2023\/09\/Lgo-uniovi-catedra.png","width":1669,"height":531,"caption":"Universidad de Oviedo"},"image":{"@id":"https:\/\/www.unioviedo.es\/xixonsostenibilidad\/#\/schema\/logo\/image\/"},"sameAs":["https:\/\/www.linkedin.com\/company\/65406893\/admin\/feed\/posts\/"]}]}},"_links":{"self":[{"href":"https:\/\/www.unioviedo.es\/xixonsostenibilidad\/index.php\/wp-json\/wp\/v2\/pages\/103","targetHints":{"allow":["GET"]}}],"collection":[{"href":"https:\/\/www.unioviedo.es\/xixonsostenibilidad\/index.php\/wp-json\/wp\/v2\/pages"}],"about":[{"href":"https:\/\/www.unioviedo.es\/xixonsostenibilidad\/index.php\/wp-json\/wp\/v2\/types\/page"}],"author":[{"embeddable":true,"href":"https:\/\/www.unioviedo.es\/xixonsostenibilidad\/index.php\/wp-json\/wp\/v2\/users\/1"}],"replies":[{"embeddable":true,"href":"https:\/\/www.unioviedo.es\/xixonsostenibilidad\/index.php\/wp-json\/wp\/v2\/comments?post=103"}],"version-history":[{"count":15,"href":"https:\/\/www.unioviedo.es\/xixonsostenibilidad\/index.php\/wp-json\/wp\/v2\/pages\/103\/revisions"}],"predecessor-version":[{"id":440,"href":"https:\/\/www.unioviedo.es\/xixonsostenibilidad\/index.php\/wp-json\/wp\/v2\/pages\/103\/revisions\/440"}],"wp:attachment":[{"href":"https:\/\/www.unioviedo.es\/xixonsostenibilidad\/index.php\/wp-json\/wp\/v2\/media?parent=103"}],"curies":[{"name":"wp","href":"https:\/\/api.w.org\/{rel}","templated":true}]}}