{"id":388,"date":"2018-04-09T17:13:15","date_gmt":"2018-04-09T15:13:15","guid":{"rendered":"http:\/\/www.unioviedo.es\/xixonsostenibilidad\/?page_id=388"},"modified":"2021-12-20T18:14:36","modified_gmt":"2021-12-20T17:14:36","slug":"premios-trabajos-fin-de-grado-y-fin-de-master","status":"publish","type":"page","link":"https:\/\/www.unioviedo.es\/xixonsostenibilidad\/index.php\/premios-trabajos-fin-de-grado-y-fin-de-master\/","title":{"rendered":"PREMIOS A TRABAJOS FIN DE GRADO Y FIN DE M\u00c1STER &#8211; SOSTENIBILIDAD"},"content":{"rendered":"<p>La C\u00e1tedra Xix\u00f3n Sostenibilidad convoca los Premios a Trabajos Fin de M\u00e1ster (TFM) y Trabajos Fin de Grado (TFG), relacionados con la Sostenibilidad, de los m\u00e1steres y grados impartidos en el Campus de Gij\u00f3n de la Universidad de Oviedo, que se presenten durante el curso acad\u00e9mico 2020\u20102021 (en sus convocatorias del primer y segundo semestre, as\u00ed como el extraordinario).<\/p>\n<p>Las \u00e1reas tem\u00e1ticas con las que deben estar relacionados los Trabajos que opten a los premios son las siguientes:<\/p>\n<ul>\n<li>Producci\u00f3n y consumo responsables. Econom\u00eda circular.<\/li>\n<li>Turismo sostenible: Indicadores de capacidad de carga y sostenibilidad, destinos\u00a0tur\u00edsticos inteligentes, log\u00edstica y movilidad sostenible.<\/li>\n<li>Empresas y organizaciones ante el reto de la sostenibilidad: responsabilidad social\u00a0corporativa, innovaci\u00f3n, calidad, mejoras en servicios p\u00fablicos y privados.<\/li>\n<li>Modelo urbano sostenible: calidad medioambiental, movilidad activa, accesibilidad universal, edificaci\u00f3n sostenible, regeneraci\u00f3n urbana, ciudad inclusiva.<\/li>\n<\/ul>\n<p style=\"text-align: center;\"><span style=\"color: #0000ff;\"><strong>Ser\u00e1n premiados cuatro TFM y cuatro TFG, cada uno de ellos con una cuant\u00eda de 400 euros, m\u00e1s diploma acreditativo.<\/strong><\/span><\/p>\n<p>El plazo de presentaci\u00f3n de solicitudes finalizar\u00e1 el\u00a0<strong>d\u00eda 8 de diciembre de 2021.<\/strong><\/p>\n<p><span style=\"color: #0000ff;\"><em><strong>\u00a0<\/strong><a style=\"color: #0000ff;\" href=\"https:\/\/bit.ly\/3oumBpB\" target=\"_blank\" rel=\"noopener noreferrer\">Premios TFM y TFG Sostenibilidad. Convocatoria <\/a><\/em><\/span><\/p>\n<p style=\"text-align: center;\"><strong><a href=\"https:\/\/www.funiovi.org\/documents\/223560\/4240656\/Convocatoria+Premios+TFG_C%C3%A1tedra+Xix%C3%B3n+Sostenibilidad+2021\/ac36bf24-b500-4d66-be8d-17ac93069948\">Bases convocatoria Premios Trabajos Fin de Grado (TFG 2020-2021)<\/a><\/strong><\/p>\n<p style=\"text-align: center;\"><a title=\"$documentoxTitulo.getData()\" href=\"https:\/\/www.funiovi.org\/documents\/223560\/4240656\/Anexo+I_TFG_Sostenibilidad2021\/59fcc19c-6c8b-407b-8b62-fea3ca1a74b8\">Anexo I Premios TFG<\/a><\/p>\n<p style=\"text-align: center;\"><a title=\"$documentoxTitulo.getData()\" href=\"https:\/\/www.funiovi.org\/documents\/223560\/4240656\/Anexo+II_TFG_Sostenibilidad2021\/0602479c-f3a2-4400-81bd-ab6cc25470fc\">Anexo II Premios TFG<\/a><\/p>\n<p style=\"text-align: center;\"><strong><a href=\"https:\/\/www.funiovi.org\/documents\/223560\/4240656\/Convocatoria+Premios+TFM_C%C3%A1tedra+Xix%C3%B3n+Sostenibilidad+2021\/0d1f7610-44b9-4f61-bcc6-b354f8131624\">Bases convocatoria Premios Trabajos Fin de M\u00e1ster (TFM 2020-2021)<\/a><\/strong><\/p>\n<p style=\"text-align: center;\"><a title=\"$documentoxTitulo.getData()\" href=\"https:\/\/www.funiovi.org\/documents\/223560\/4240656\/Anexo+I_TFM_Sostenibilidad2021\/cf62fdd7-3e69-4572-b52d-2b3a7e9f546a\">Anexo I Premios TFM<\/a><\/p>\n<p style=\"text-align: center;\"><a title=\"$documentoxTitulo.getData()\" href=\"https:\/\/www.funiovi.org\/documents\/223560\/4240656\/Anexo+II_TFM_Sostenibilidad2021\/02a772eb-35c8-437d-b686-63ce11d2b0ae\">Anexo II Premios TFM<\/a><\/p>\n<p>\u00a0<\/p>\n<p style=\"text-align: center;\">\u00a0<\/p>\n\n\n<h3 class=\"wp-block-heading\"> <a href=\"http:\/\/www.funiovi.org\/documents\/223560\/3038652\/Resoluci%C3%B3n+Premios+Catedra+Sostenibilidad+2019\/3e80c337-e14c-4c23-a566-c8af890bdc65\">Resoluci\u00f3n de los Premios de la C\u00e1tedra Xix\u00f3n Sosteni<\/a><a href=\"http:\/\/www.funiovi.org\/empresas\/noticias\/-\/asset_publisher\/wBPvnuGZI84p\/content\/catedra-milla-del-conocimiento-xixon-sostenibilid-7;jsessionid=50E285991F64B4DBA2554205741E9650?p_p_auth=cM822EWM&amp;redirect=%2F\" target=\"_blank\" rel=\"noreferrer noopener\">bilidad. Convocatoria 2020-2021<\/a> <\/h3>\n\n\n\n<div class=\"wp-block-buttons is-layout-flex wp-block-buttons-is-layout-flex\">\n<div class=\"wp-block-button\"><a class=\"wp-block-button__link\" href=\"https:\/\/www.funiovi.org\/empresas\/noticias\/-\/asset_publisher\/wBPvnuGZI84p\/content\/catedra-milla-del-conocimiento-xixon-sostenibilid-8?redirect=\/empresas\/noticias#:~:text=Resoluci%C3%B3n%20premios%20TFM%20%2D%20Xix%C3%B3n%20Sostenibilidad%202021\" target=\"_blank\" rel=\"noreferrer noopener\">Resoluci\u00f3n premios TFM &#8211; Xix\u00f3n Sostenibilidad 2021<\/a><\/div>\n\n\n\n<div class=\"wp-block-button\"><a class=\"wp-block-button__link\" href=\"https:\/\/www.funiovi.org\/empresas\/noticias\/-\/asset_publisher\/wBPvnuGZI84p\/content\/catedra-milla-del-conocimiento-xixon-sostenibilid-8?redirect=\/empresas\/noticias#:~:text=Resoluci%C3%B3n%20premios%20TFG%20%2D%20Xix%C3%B3n%20Sostenibilidad%202021\" target=\"_blank\" rel=\"noreferrer noopener\">Resoluci\u00f3n premios TFG &#8211; Xix\u00f3n Sostenibilidad 2021<\/a><\/div>\n<\/div>\n\n\n\n<h3 class=\"wp-block-heading\"><a href=\"http:\/\/www.funiovi.org\/documents\/223560\/3038652\/Resoluci%C3%B3n+Premios+Catedra+Sostenibilidad+2019\/3e80c337-e14c-4c23-a566-c8af890bdc65\">Resoluci\u00f3n de los Premios de la C\u00e1tedra Xix\u00f3n Sosteni<\/a><a href=\"http:\/\/www.funiovi.org\/empresas\/noticias\/-\/asset_publisher\/wBPvnuGZI84p\/content\/catedra-milla-del-conocimiento-xixon-sostenibilid-7;jsessionid=50E285991F64B4DBA2554205741E9650?p_p_auth=cM822EWM&amp;redirect=%2F\">bilidad. Convocatoria 2019-2020<\/a><\/h3>\n\n\n\n<div class=\"wp-block-file\"><a href=\"http:\/\/www.unioviedo.es\/xixonsostenibilidad\/wp-content\/uploads\/2020\/12\/Resoluci\u00f3n-Premios-TFG-Xix\u00f3n-Sostenibilidad.pdf\">Resoluci\u00f3n Premios TFG &#8211; Xix\u00f3n Sostenibilidad<\/a><a href=\"http:\/\/www.unioviedo.es\/xixonsostenibilidad\/wp-content\/uploads\/2020\/12\/Resoluci\u00f3n-Premios-TFG-Xix\u00f3n-Sostenibilidad.pdf\" class=\"wp-block-file__button\" download>Descarga<\/a><\/div>\n\n\n\n<div class=\"wp-block-file\"><a href=\"http:\/\/www.unioviedo.es\/xixonsostenibilidad\/wp-content\/uploads\/2020\/12\/Resoluci\u00f3n-Premios-TFM-Xix\u00f3n-Sostenibilidad.pdf\">Resoluci\u00f3n Premios TFM Xix\u00f3n Sostenibilidad<\/a><a href=\"http:\/\/www.unioviedo.es\/xixonsostenibilidad\/wp-content\/uploads\/2020\/12\/Resoluci\u00f3n-Premios-TFM-Xix\u00f3n-Sostenibilidad.pdf\" class=\"wp-block-file__button\" download>Descarga<\/a><\/div>\n\n\n\n<h3 class=\"wp-block-heading\"><a href=\"http:\/\/www.funiovi.org\/documents\/223560\/3038652\/Resoluci%C3%B3n+Premios+Catedra+Sostenibilidad+2019\/3e80c337-e14c-4c23-a566-c8af890bdc65\">Resoluci\u00f3n de los Premios de la C\u00e1tedra Xix\u00f3n Sostenibilidad. Convocatoria 2018-2019<\/a><\/h3>\n\n\n\n<div class=\"wp-block-file\"><a href=\"https:\/\/www.unioviedo.es\/xixonsostenibilidad\/wp-content\/uploads\/2019\/12\/Resoluci\u00f3n-Premios-Catedra-Sostenibilidad-2019-1.pdf\"> Resoluci\u00f3n convocatoria premios TFG y TFM C\u00e1tedra Xix\u00f3n Sostenibilidad <\/a><a href=\"https:\/\/www.unioviedo.es\/xixonsostenibilidad\/wp-content\/uploads\/2019\/12\/Resoluci\u00f3n-Premios-Catedra-Sostenibilidad-2019-1.pdf\" class=\"wp-block-file__button\" download>Descarga<\/a><\/div>\n\n\n\n<h3 class=\"wp-block-heading\"><a href=\"https:\/\/www.unioviedo.es\/xixonsostenibilidad\/index.php\/2018\/11\/30\/resolucion-de-los-premios-de-la-catedra-xixon-sostenibilidad-convocatoria-2017-2018\/\">Resoluci\u00f3n de los Premios de la C\u00e1tedra Xix\u00f3n Sostenibilidad. Convocatoria 2017-<\/a>2018<\/h3>\n\n\n\n<div class=\"wp-block-file\"><a href=\"https:\/\/www.unioviedo.es\/xixonsostenibilidad\/wp-content\/uploads\/2018\/11\/Resoluci\u00f3n-convocatoria-premios-C\u00e1tedra-Xix\u00f3n-Sostenibilidad_27.11.2018-1.pdf\">Resoluci\u00f3n convocatoria premios C\u00e1tedra Xix\u00f3n Sostenibilidad_27.11.2018<\/a><a href=\"https:\/\/www.unioviedo.es\/xixonsostenibilidad\/wp-content\/uploads\/2018\/11\/Resoluci\u00f3n-convocatoria-premios-C\u00e1tedra-Xix\u00f3n-Sostenibilidad_27.11.2018-1.pdf\" class=\"wp-block-file__button\" download>Descarga<\/a><\/div>\n","protected":false},"excerpt":{"rendered":"<p>La C\u00e1tedra Xix\u00f3n Sostenibilidad convoca los Premios a Trabajos Fin de M\u00e1ster (TFM) y Trabajos Fin de Grado (TFG), relacionados con la Sostenibilidad, de los m\u00e1steres y grados impartidos en el Campus de Gij\u00f3n de la Universidad de Oviedo, que se presenten durante el curso acad\u00e9mico 2020\u20102021 (en sus convocatorias del primer y segundo semestre, [&hellip;]<\/p>\n","protected":false},"author":1,"featured_media":0,"parent":0,"menu_order":0,"comment_status":"closed","ping_status":"closed","template":"","meta":{"_crdt_document":"","_exactmetrics_skip_tracking":false,"_exactmetrics_sitenote_active":false,"_exactmetrics_sitenote_note":"","_exactmetrics_sitenote_category":0,"footnotes":""},"class_list":["post-388","page","type-page","status-publish","hentry"],"yoast_head":"<!-- This site is optimized with the Yoast SEO plugin v27.5 - https:\/\/yoast.com\/product\/yoast-seo-wordpress\/ -->\n<title>PREMIOS A TRABAJOS FIN DE GRADO Y FIN DE M\u00c1STER - SOSTENIBILIDAD - C\u00e1tedra Milla del Conocimiento: Gij\u00f3n Sostenibilidad<\/title>\n<meta name=\"description\" content=\"Premios a Trabajos Fin de M\u00e1ster (TFM) y Trabajos Fin de Grado (TFG), relacionados con la Sostenibilidad, de los m\u00e1steres y grados impartidos en el Campus de Gij\u00f3n de la Universidad de Oviedo, que se presenten durante el curso acad\u00e9mico 2020\u20102021\" \/>\n<meta name=\"robots\" content=\"index, follow, max-snippet:-1, max-image-preview:large, max-video-preview:-1\" \/>\n<link rel=\"canonical\" href=\"https:\/\/www.unioviedo.es\/xixonsostenibilidad\/index.php\/premios-trabajos-fin-de-grado-y-fin-de-master\/\" \/>\n<meta property=\"og:locale\" content=\"es_ES\" \/>\n<meta property=\"og:type\" content=\"article\" \/>\n<meta property=\"og:title\" content=\"PREMIOS A TRABAJOS FIN DE GRADO Y FIN DE M\u00c1STER - SOSTENIBILIDAD - C\u00e1tedra Milla del Conocimiento: Gij\u00f3n Sostenibilidad\" \/>\n<meta property=\"og:description\" content=\"Premios a Trabajos Fin de M\u00e1ster (TFM) y Trabajos Fin de Grado (TFG), relacionados con la Sostenibilidad, de los m\u00e1steres y grados impartidos en el Campus de Gij\u00f3n de la Universidad de Oviedo, que se presenten durante el curso acad\u00e9mico 2020\u20102021\" \/>\n<meta property=\"og:url\" content=\"https:\/\/www.unioviedo.es\/xixonsostenibilidad\/index.php\/premios-trabajos-fin-de-grado-y-fin-de-master\/\" \/>\n<meta property=\"og:site_name\" content=\"C\u00e1tedra Milla del Conocimiento: Gij\u00f3n Sostenibilidad\" \/>\n<meta property=\"article:modified_time\" content=\"2021-12-20T17:14:36+00:00\" \/>\n<meta name=\"twitter:card\" content=\"summary_large_image\" \/>\n<meta name=\"twitter:label1\" content=\"Tiempo de lectura\" \/>\n\t<meta name=\"twitter:data1\" content=\"2 minutos\" \/>\n<script type=\"application\/ld+json\" class=\"yoast-schema-graph\">{\"@context\":\"https:\\\/\\\/schema.org\",\"@graph\":[{\"@type\":\"WebPage\",\"@id\":\"https:\\\/\\\/www.unioviedo.es\\\/xixonsostenibilidad\\\/index.php\\\/premios-trabajos-fin-de-grado-y-fin-de-master\\\/\",\"url\":\"https:\\\/\\\/www.unioviedo.es\\\/xixonsostenibilidad\\\/index.php\\\/premios-trabajos-fin-de-grado-y-fin-de-master\\\/\",\"name\":\"PREMIOS A TRABAJOS FIN DE GRADO Y FIN DE M\u00c1STER - SOSTENIBILIDAD - C\u00e1tedra Milla del Conocimiento: Gij\u00f3n Sostenibilidad\",\"isPartOf\":{\"@id\":\"https:\\\/\\\/www.unioviedo.es\\\/xixonsostenibilidad\\\/#website\"},\"datePublished\":\"2018-04-09T15:13:15+00:00\",\"dateModified\":\"2021-12-20T17:14:36+00:00\",\"description\":\"Premios a Trabajos Fin de M\u00e1ster (TFM) y Trabajos Fin de Grado (TFG), relacionados con la Sostenibilidad, de los m\u00e1steres y grados impartidos en el Campus de Gij\u00f3n de la Universidad de Oviedo, que se presenten durante el curso acad\u00e9mico 2020\u20102021\",\"breadcrumb\":{\"@id\":\"https:\\\/\\\/www.unioviedo.es\\\/xixonsostenibilidad\\\/index.php\\\/premios-trabajos-fin-de-grado-y-fin-de-master\\\/#breadcrumb\"},\"inLanguage\":\"es\",\"potentialAction\":[{\"@type\":\"ReadAction\",\"target\":[\"https:\\\/\\\/www.unioviedo.es\\\/xixonsostenibilidad\\\/index.php\\\/premios-trabajos-fin-de-grado-y-fin-de-master\\\/\"]}]},{\"@type\":\"BreadcrumbList\",\"@id\":\"https:\\\/\\\/www.unioviedo.es\\\/xixonsostenibilidad\\\/index.php\\\/premios-trabajos-fin-de-grado-y-fin-de-master\\\/#breadcrumb\",\"itemListElement\":[{\"@type\":\"ListItem\",\"position\":1,\"name\":\"Portada\",\"item\":\"https:\\\/\\\/www.unioviedo.es\\\/xixonsostenibilidad\\\/\"},{\"@type\":\"ListItem\",\"position\":2,\"name\":\"PREMIOS A TRABAJOS FIN DE GRADO Y FIN DE M\u00c1STER &#8211; SOSTENIBILIDAD\"}]},{\"@type\":\"WebSite\",\"@id\":\"https:\\\/\\\/www.unioviedo.es\\\/xixonsostenibilidad\\\/#website\",\"url\":\"https:\\\/\\\/www.unioviedo.es\\\/xixonsostenibilidad\\\/\",\"name\":\"C\u00e1tedra Milla del Conocimiento: Gij\u00f3n Sostenibilidad\",\"description\":\"Las actividades de la C\u00e1tedra est\u00e1n patrocinadas por el Ayuntamiento de Gij\u00f3n\\\/Xix\u00f3n y pretende convertirse en un espacio interdisciplinario, reflexivo y abierto que contribuya a reorientar la actividad econ\u00f3mica y empresarial hacia el desarrollo sostenible de nuestro entorno en general, y del turismo en particular\",\"publisher\":{\"@id\":\"https:\\\/\\\/www.unioviedo.es\\\/xixonsostenibilidad\\\/#organization\"},\"potentialAction\":[{\"@type\":\"SearchAction\",\"target\":{\"@type\":\"EntryPoint\",\"urlTemplate\":\"https:\\\/\\\/www.unioviedo.es\\\/xixonsostenibilidad\\\/?s={search_term_string}\"},\"query-input\":{\"@type\":\"PropertyValueSpecification\",\"valueRequired\":true,\"valueName\":\"search_term_string\"}}],\"inLanguage\":\"es\"},{\"@type\":\"Organization\",\"@id\":\"https:\\\/\\\/www.unioviedo.es\\\/xixonsostenibilidad\\\/#organization\",\"name\":\"Universidad de Oviedo\",\"url\":\"https:\\\/\\\/www.unioviedo.es\\\/xixonsostenibilidad\\\/\",\"logo\":{\"@type\":\"ImageObject\",\"inLanguage\":\"es\",\"@id\":\"https:\\\/\\\/www.unioviedo.es\\\/xixonsostenibilidad\\\/#\\\/schema\\\/logo\\\/image\\\/\",\"url\":\"https:\\\/\\\/www.unioviedo.es\\\/xixonsostenibilidad\\\/wp-content\\\/uploads\\\/2023\\\/09\\\/Lgo-uniovi-catedra.png\",\"contentUrl\":\"https:\\\/\\\/www.unioviedo.es\\\/xixonsostenibilidad\\\/wp-content\\\/uploads\\\/2023\\\/09\\\/Lgo-uniovi-catedra.png\",\"width\":1669,\"height\":531,\"caption\":\"Universidad de Oviedo\"},\"image\":{\"@id\":\"https:\\\/\\\/www.unioviedo.es\\\/xixonsostenibilidad\\\/#\\\/schema\\\/logo\\\/image\\\/\"},\"sameAs\":[\"https:\\\/\\\/www.linkedin.com\\\/company\\\/65406893\\\/admin\\\/feed\\\/posts\\\/\"]}]}<\/script>\n<!-- \/ Yoast SEO plugin. -->","yoast_head_json":{"title":"PREMIOS A TRABAJOS FIN DE GRADO Y FIN DE M\u00c1STER - SOSTENIBILIDAD - C\u00e1tedra Milla del Conocimiento: Gij\u00f3n Sostenibilidad","description":"Premios a Trabajos Fin de M\u00e1ster (TFM) y Trabajos Fin de Grado (TFG), relacionados con la Sostenibilidad, de los m\u00e1steres y grados impartidos en el Campus de Gij\u00f3n de la Universidad de Oviedo, que se presenten durante el curso acad\u00e9mico 2020\u20102021","robots":{"index":"index","follow":"follow","max-snippet":"max-snippet:-1","max-image-preview":"max-image-preview:large","max-video-preview":"max-video-preview:-1"},"canonical":"https:\/\/www.unioviedo.es\/xixonsostenibilidad\/index.php\/premios-trabajos-fin-de-grado-y-fin-de-master\/","og_locale":"es_ES","og_type":"article","og_title":"PREMIOS A TRABAJOS FIN DE GRADO Y FIN DE M\u00c1STER - SOSTENIBILIDAD - C\u00e1tedra Milla del Conocimiento: Gij\u00f3n Sostenibilidad","og_description":"Premios a Trabajos Fin de M\u00e1ster (TFM) y Trabajos Fin de Grado (TFG), relacionados con la Sostenibilidad, de los m\u00e1steres y grados impartidos en el Campus de Gij\u00f3n de la Universidad de Oviedo, que se presenten durante el curso acad\u00e9mico 2020\u20102021","og_url":"https:\/\/www.unioviedo.es\/xixonsostenibilidad\/index.php\/premios-trabajos-fin-de-grado-y-fin-de-master\/","og_site_name":"C\u00e1tedra Milla del Conocimiento: Gij\u00f3n Sostenibilidad","article_modified_time":"2021-12-20T17:14:36+00:00","twitter_card":"summary_large_image","twitter_misc":{"Tiempo de lectura":"2 minutos"},"schema":{"@context":"https:\/\/schema.org","@graph":[{"@type":"WebPage","@id":"https:\/\/www.unioviedo.es\/xixonsostenibilidad\/index.php\/premios-trabajos-fin-de-grado-y-fin-de-master\/","url":"https:\/\/www.unioviedo.es\/xixonsostenibilidad\/index.php\/premios-trabajos-fin-de-grado-y-fin-de-master\/","name":"PREMIOS A TRABAJOS FIN DE GRADO Y FIN DE M\u00c1STER - SOSTENIBILIDAD - C\u00e1tedra Milla del Conocimiento: Gij\u00f3n Sostenibilidad","isPartOf":{"@id":"https:\/\/www.unioviedo.es\/xixonsostenibilidad\/#website"},"datePublished":"2018-04-09T15:13:15+00:00","dateModified":"2021-12-20T17:14:36+00:00","description":"Premios a Trabajos Fin de M\u00e1ster (TFM) y Trabajos Fin de Grado (TFG), relacionados con la Sostenibilidad, de los m\u00e1steres y grados impartidos en el Campus de Gij\u00f3n de la Universidad de Oviedo, que se presenten durante el curso acad\u00e9mico 2020\u20102021","breadcrumb":{"@id":"https:\/\/www.unioviedo.es\/xixonsostenibilidad\/index.php\/premios-trabajos-fin-de-grado-y-fin-de-master\/#breadcrumb"},"inLanguage":"es","potentialAction":[{"@type":"ReadAction","target":["https:\/\/www.unioviedo.es\/xixonsostenibilidad\/index.php\/premios-trabajos-fin-de-grado-y-fin-de-master\/"]}]},{"@type":"BreadcrumbList","@id":"https:\/\/www.unioviedo.es\/xixonsostenibilidad\/index.php\/premios-trabajos-fin-de-grado-y-fin-de-master\/#breadcrumb","itemListElement":[{"@type":"ListItem","position":1,"name":"Portada","item":"https:\/\/www.unioviedo.es\/xixonsostenibilidad\/"},{"@type":"ListItem","position":2,"name":"PREMIOS A TRABAJOS FIN DE GRADO Y FIN DE M\u00c1STER &#8211; SOSTENIBILIDAD"}]},{"@type":"WebSite","@id":"https:\/\/www.unioviedo.es\/xixonsostenibilidad\/#website","url":"https:\/\/www.unioviedo.es\/xixonsostenibilidad\/","name":"C\u00e1tedra Milla del Conocimiento: Gij\u00f3n Sostenibilidad","description":"Las actividades de la C\u00e1tedra est\u00e1n patrocinadas por el Ayuntamiento de Gij\u00f3n\/Xix\u00f3n y pretende convertirse en un espacio interdisciplinario, reflexivo y abierto que contribuya a reorientar la actividad econ\u00f3mica y empresarial hacia el desarrollo sostenible de nuestro entorno en general, y del turismo en particular","publisher":{"@id":"https:\/\/www.unioviedo.es\/xixonsostenibilidad\/#organization"},"potentialAction":[{"@type":"SearchAction","target":{"@type":"EntryPoint","urlTemplate":"https:\/\/www.unioviedo.es\/xixonsostenibilidad\/?s={search_term_string}"},"query-input":{"@type":"PropertyValueSpecification","valueRequired":true,"valueName":"search_term_string"}}],"inLanguage":"es"},{"@type":"Organization","@id":"https:\/\/www.unioviedo.es\/xixonsostenibilidad\/#organization","name":"Universidad de Oviedo","url":"https:\/\/www.unioviedo.es\/xixonsostenibilidad\/","logo":{"@type":"ImageObject","inLanguage":"es","@id":"https:\/\/www.unioviedo.es\/xixonsostenibilidad\/#\/schema\/logo\/image\/","url":"https:\/\/www.unioviedo.es\/xixonsostenibilidad\/wp-content\/uploads\/2023\/09\/Lgo-uniovi-catedra.png","contentUrl":"https:\/\/www.unioviedo.es\/xixonsostenibilidad\/wp-content\/uploads\/2023\/09\/Lgo-uniovi-catedra.png","width":1669,"height":531,"caption":"Universidad de Oviedo"},"image":{"@id":"https:\/\/www.unioviedo.es\/xixonsostenibilidad\/#\/schema\/logo\/image\/"},"sameAs":["https:\/\/www.linkedin.com\/company\/65406893\/admin\/feed\/posts\/"]}]}},"_links":{"self":[{"href":"https:\/\/www.unioviedo.es\/xixonsostenibilidad\/index.php\/wp-json\/wp\/v2\/pages\/388","targetHints":{"allow":["GET"]}}],"collection":[{"href":"https:\/\/www.unioviedo.es\/xixonsostenibilidad\/index.php\/wp-json\/wp\/v2\/pages"}],"about":[{"href":"https:\/\/www.unioviedo.es\/xixonsostenibilidad\/index.php\/wp-json\/wp\/v2\/types\/page"}],"author":[{"embeddable":true,"href":"https:\/\/www.unioviedo.es\/xixonsostenibilidad\/index.php\/wp-json\/wp\/v2\/users\/1"}],"replies":[{"embeddable":true,"href":"https:\/\/www.unioviedo.es\/xixonsostenibilidad\/index.php\/wp-json\/wp\/v2\/comments?post=388"}],"version-history":[{"count":18,"href":"https:\/\/www.unioviedo.es\/xixonsostenibilidad\/index.php\/wp-json\/wp\/v2\/pages\/388\/revisions"}],"predecessor-version":[{"id":1250,"href":"https:\/\/www.unioviedo.es\/xixonsostenibilidad\/index.php\/wp-json\/wp\/v2\/pages\/388\/revisions\/1250"}],"wp:attachment":[{"href":"https:\/\/www.unioviedo.es\/xixonsostenibilidad\/index.php\/wp-json\/wp\/v2\/media?parent=388"}],"curies":[{"name":"wp","href":"https:\/\/api.w.org\/{rel}","templated":true}]}}