{"id":732,"date":"2025-01-30T11:54:10","date_gmt":"2025-01-30T10:54:10","guid":{"rendered":"https:\/\/www.unioviedo.es\/xxiii-ruepep\/?page_id=732"},"modified":"2025-02-04T21:22:54","modified_gmt":"2025-02-04T20:22:54","slug":"inscripcion-ruepep-2025","status":"publish","type":"page","link":"https:\/\/www.unioviedo.es\/xxiii-ruepep\/index.php\/inscripcion-ruepep-2025\/","title":{"rendered":"Inscripci\u00f3n"},"content":{"rendered":"\t\t<div data-elementor-type=\"wp-page\" data-elementor-id=\"732\" class=\"elementor elementor-732\" data-elementor-post-type=\"page\">\n\t\t\t\t\t\t<section class=\"elementor-section elementor-top-section elementor-element elementor-element-71f4353a elementor-section-height-min-height elementor-section-boxed elementor-section-height-default elementor-section-items-middle\" data-id=\"71f4353a\" data-element_type=\"section\">\n\t\t\t\t\t\t<div class=\"elementor-container elementor-column-gap-default\">\n\t\t\t\t\t<div class=\"elementor-column elementor-col-100 elementor-top-column elementor-element elementor-element-6c11e78a\" data-id=\"6c11e78a\" data-element_type=\"column\">\n\t\t\t<div class=\"elementor-widget-wrap elementor-element-populated\">\n\t\t\t\t\t\t<div class=\"elementor-element elementor-element-55143ec7 elementor-widget elementor-widget-heading\" data-id=\"55143ec7\" data-element_type=\"widget\" data-widget_type=\"heading.default\">\n\t\t\t\t<div class=\"elementor-widget-container\">\n\t\t\t<style>\/*! elementor - v3.20.0 - 26-03-2024 *\/\n.elementor-heading-title{padding:0;margin:0;line-height:1}.elementor-widget-heading .elementor-heading-title[class*=elementor-size-]>a{color:inherit;font-size:inherit;line-height:inherit}.elementor-widget-heading .elementor-heading-title.elementor-size-small{font-size:15px}.elementor-widget-heading .elementor-heading-title.elementor-size-medium{font-size:19px}.elementor-widget-heading .elementor-heading-title.elementor-size-large{font-size:29px}.elementor-widget-heading .elementor-heading-title.elementor-size-xl{font-size:39px}.elementor-widget-heading .elementor-heading-title.elementor-size-xxl{font-size:59px}<\/style><h1 class=\"elementor-heading-title elementor-size-default\">Inscripciones<\/h1>\t\t<\/div>\n\t\t\t\t<\/div>\n\t\t\t\t\t<\/div>\n\t\t<\/div>\n\t\t\t\t\t<\/div>\n\t\t<\/section>\n\t\t<div class=\"elementor-element elementor-element-3fc906ed e-flex e-con-boxed e-con e-parent\" data-id=\"3fc906ed\" data-element_type=\"container\" data-core-v316-plus=\"true\">\n\t\t\t\t\t<div class=\"e-con-inner\">\n\t\t\t\t<div class=\"elementor-element elementor-element-7ce05674 elementor-widget elementor-widget-image\" data-id=\"7ce05674\" data-element_type=\"widget\" data-widget_type=\"image.default\">\n\t\t\t\t<div class=\"elementor-widget-container\">\n\t\t\t<style>\/*! elementor - v3.20.0 - 26-03-2024 *\/\n.elementor-widget-image{text-align:center}.elementor-widget-image a{display:inline-block}.elementor-widget-image a img[src$=\".svg\"]{width:48px}.elementor-widget-image img{vertical-align:middle;display:inline-block}<\/style>\t\t\t\t\t\t\t\t\t\t<img decoding=\"async\" src=\"https:\/\/www.unioviedo.es\/xxiii-ruepep\/wp-content\/uploads\/2025\/01\/ruepep-2025-uniovi-cabecera-03.jpg\" title=\"ruepep-2025-uniovi-cabecera-03\" alt=\"ruepep-2025-uniovi-cabecera-03\" loading=\"lazy\" \/>\t\t\t\t\t\t\t\t\t\t\t\t\t<\/div>\n\t\t\t\t<\/div>\n\t\t\t\t\t<\/div>\n\t\t\t\t<\/div>\n\t\t\t\t<section class=\"elementor-section elementor-top-section elementor-element elementor-element-767f5cac elementor-section-boxed elementor-section-height-default elementor-section-height-default\" data-id=\"767f5cac\" data-element_type=\"section\">\n\t\t\t\t\t\t<div class=\"elementor-container elementor-column-gap-default\">\n\t\t\t\t\t<div class=\"elementor-column elementor-col-50 elementor-top-column elementor-element elementor-element-3fdd162e\" data-id=\"3fdd162e\" data-element_type=\"column\">\n\t\t\t<div class=\"elementor-widget-wrap elementor-element-populated\">\n\t\t\t\t\t\t<div class=\"elementor-element elementor-element-59dc00a4 elementor-widget__width-initial elementor-widget elementor-widget-image\" data-id=\"59dc00a4\" data-element_type=\"widget\" data-widget_type=\"image.default\">\n\t\t\t\t<div class=\"elementor-widget-container\">\n\t\t\t\t\t\t\t\t\t\t\t\t\t<img decoding=\"async\" width=\"150\" height=\"150\" src=\"https:\/\/www.unioviedo.es\/xxiii-ruepep\/wp-content\/uploads\/2025\/01\/icono-ruepep-uniovi-2025-150x150.png\" class=\"attachment-thumbnail size-thumbnail wp-image-725\" alt=\"\" \/>\t\t\t\t\t\t\t\t\t\t\t\t\t<\/div>\n\t\t\t\t<\/div>\n\t\t\t\t<div class=\"elementor-element elementor-element-64cb30ae elementor-widget__width-initial elementor-widget elementor-widget-heading\" data-id=\"64cb30ae\" data-element_type=\"widget\" data-widget_type=\"heading.default\">\n\t\t\t\t<div class=\"elementor-widget-container\">\n\t\t\t<h2 class=\"elementor-heading-title elementor-size-default\">\u00bfC\u00f3mo participar?<\/h2>\t\t<\/div>\n\t\t\t\t<\/div>\n\t\t\t\t\t<\/div>\n\t\t<\/div>\n\t\t\t\t<div class=\"elementor-column elementor-col-50 elementor-top-column elementor-element elementor-element-18d7fbc\" data-id=\"18d7fbc\" data-element_type=\"column\">\n\t\t\t<div class=\"elementor-widget-wrap elementor-element-populated\">\n\t\t\t\t\t\t<div class=\"elementor-element elementor-element-b4c149e elementor-widget elementor-widget-text-editor\" data-id=\"b4c149e\" data-element_type=\"widget\" data-widget_type=\"text-editor.default\">\n\t\t\t\t<div class=\"elementor-widget-container\">\n\t\t\t<style>\/*! elementor - v3.20.0 - 26-03-2024 *\/\n.elementor-widget-text-editor.elementor-drop-cap-view-stacked .elementor-drop-cap{background-color:#69727d;color:#fff}.elementor-widget-text-editor.elementor-drop-cap-view-framed .elementor-drop-cap{color:#69727d;border:3px solid;background-color:transparent}.elementor-widget-text-editor:not(.elementor-drop-cap-view-default) .elementor-drop-cap{margin-top:8px}.elementor-widget-text-editor:not(.elementor-drop-cap-view-default) .elementor-drop-cap-letter{width:1em;height:1em}.elementor-widget-text-editor .elementor-drop-cap{float:left;text-align:center;line-height:1;font-size:50px}.elementor-widget-text-editor .elementor-drop-cap-letter{display:inline-block}<\/style>\t\t\t\t<p><strong>El plazo de inscripci\u00f3n est\u00e1 abierto hasta el 16 de marzo de 2025.<\/strong><\/p><p>La inscripci\u00f3n incluye: materiales del encuentro, las pausas caf\u00e9 y almuerzos, visitas guiadas y la cena de gala.<\/p>\t\t\t\t\t\t<\/div>\n\t\t\t\t<\/div>\n\t\t\t\t<div class=\"elementor-element elementor-element-71143e7 elementor-align-center elementor-widget elementor-widget-button\" data-id=\"71143e7\" data-element_type=\"widget\" data-widget_type=\"button.default\">\n\t\t\t\t<div class=\"elementor-widget-container\">\n\t\t\t\t\t<div class=\"elementor-button-wrapper\">\n\t\t\t<a class=\"elementor-button elementor-button-link elementor-size-sm\" href=\"https:\/\/www.eventosfuo.com\/qfuo\/fonline\/cong\/acceso_cong.php?idcgrs=250611&#038;idioma=es\">\n\t\t\t\t\t\t<span class=\"elementor-button-content-wrapper\">\n\t\t\t\t\t\t<span class=\"elementor-button-text\">Formulario de inscripci\u00f3n<\/span>\n\t\t<\/span>\n\t\t\t\t\t<\/a>\n\t\t<\/div>\n\t\t\t\t<\/div>\n\t\t\t\t<\/div>\n\t\t\t\t<div class=\"elementor-element elementor-element-1423f42 elementor-widget elementor-widget-text-editor\" data-id=\"1423f42\" data-element_type=\"widget\" data-widget_type=\"text-editor.default\">\n\t\t\t\t<div class=\"elementor-widget-container\">\n\t\t\t\t\t\t\t<p><strong>\u00a0<span style=\"color: var( --e-global-color-text ); font-family: var( --e-global-typography-text-font-family ), Sans-serif;\">Tarifas<\/span><\/strong><\/p><ul><li><strong>Personas socias de RUEPEP<\/strong>: 350 \u20ac<\/li><li><strong>Descuento a partir de la segunda persona<\/strong> inscrita de la misma universidad, para socios RUEPEP: 290 \u20ac (la primera paga tarifa normal).<\/li><li><strong>Personas colaboradoras de RUEPEP<\/strong>: 450 \u20ac<\/li><li><strong>Otros<\/strong>: 550 \u20ac<\/li><\/ul>\t\t\t\t\t\t<\/div>\n\t\t\t\t<\/div>\n\t\t\t\t\t<\/div>\n\t\t<\/div>\n\t\t\t\t\t<\/div>\n\t\t<\/section>\n\t\t<div class=\"elementor-element elementor-element-571b6f4 e-flex e-con-boxed e-con e-parent\" data-id=\"571b6f4\" data-element_type=\"container\" data-core-v316-plus=\"true\">\n\t\t\t\t\t<div class=\"e-con-inner\">\n\t\t\t\t<div class=\"elementor-element elementor-element-228e5e85 elementor-widget elementor-widget-heading\" data-id=\"228e5e85\" data-element_type=\"widget\" data-widget_type=\"heading.default\">\n\t\t\t\t<div class=\"elementor-widget-container\">\n\t\t\t<h2 class=\"elementor-heading-title elementor-size-default\">Tambi\u00e9n te puede interesar<\/h2>\t\t<\/div>\n\t\t\t\t<\/div>\n\t\t\t\t\t<\/div>\n\t\t\t\t<\/div>\n\t\t<div class=\"elementor-element elementor-element-3565f211 e-grid e-con-boxed e-con e-parent\" data-id=\"3565f211\" data-element_type=\"container\" data-core-v316-plus=\"true\">\n\t\t\t\t\t<div class=\"e-con-inner\">\n\t\t<div class=\"elementor-element elementor-element-2a379c60 e-flex e-con-boxed e-con e-child\" data-id=\"2a379c60\" data-element_type=\"container\">\n\t\t\t\t\t<div class=\"e-con-inner\">\n\t\t\t\t<div class=\"elementor-element elementor-element-4efc8085 elementor-position-top elementor-widget elementor-widget-image-box\" data-id=\"4efc8085\" data-element_type=\"widget\" data-widget_type=\"image-box.default\">\n\t\t\t\t<div class=\"elementor-widget-container\">\n\t\t\t<style>\/*! elementor - v3.20.0 - 26-03-2024 *\/\n.elementor-widget-image-box .elementor-image-box-content{width:100%}@media (min-width:768px){.elementor-widget-image-box.elementor-position-left .elementor-image-box-wrapper,.elementor-widget-image-box.elementor-position-right .elementor-image-box-wrapper{display:flex}.elementor-widget-image-box.elementor-position-right .elementor-image-box-wrapper{text-align:right;flex-direction:row-reverse}.elementor-widget-image-box.elementor-position-left .elementor-image-box-wrapper{text-align:left;flex-direction:row}.elementor-widget-image-box.elementor-position-top .elementor-image-box-img{margin:auto}.elementor-widget-image-box.elementor-vertical-align-top .elementor-image-box-wrapper{align-items:flex-start}.elementor-widget-image-box.elementor-vertical-align-middle .elementor-image-box-wrapper{align-items:center}.elementor-widget-image-box.elementor-vertical-align-bottom .elementor-image-box-wrapper{align-items:flex-end}}@media (max-width:767px){.elementor-widget-image-box .elementor-image-box-img{margin-left:auto!important;margin-right:auto!important;margin-bottom:15px}}.elementor-widget-image-box .elementor-image-box-img{display:inline-block}.elementor-widget-image-box .elementor-image-box-title a{color:inherit}.elementor-widget-image-box .elementor-image-box-wrapper{text-align:center}.elementor-widget-image-box .elementor-image-box-description{margin:0}<\/style><div class=\"elementor-image-box-wrapper\"><figure class=\"elementor-image-box-img\"><a href=\"https:\/\/www.unioviedo.es\/xxiii-ruepep\/index.php\/programa-ruepep-2025\/\" tabindex=\"-1\"><img decoding=\"async\" src=\"https:\/\/www.unioviedo.es\/xxiii-ruepep\/wp-content\/uploads\/2025\/01\/iconos_Mesa-de-trabajo-1-copia-3.png\" title=\"\" alt=\"\" loading=\"lazy\" \/><\/a><\/figure><div class=\"elementor-image-box-content\"><h4 class=\"elementor-image-box-title\"><a href=\"https:\/\/www.unioviedo.es\/xxiii-ruepep\/index.php\/programa-ruepep-2025\/\">Programa<\/a><\/h4><\/div><\/div>\t\t<\/div>\n\t\t\t\t<\/div>\n\t\t\t\t\t<\/div>\n\t\t\t\t<\/div>\n\t\t<div class=\"elementor-element elementor-element-3f3e51bc e-flex e-con-boxed e-con e-child\" data-id=\"3f3e51bc\" data-element_type=\"container\">\n\t\t\t\t\t<div class=\"e-con-inner\">\n\t\t\t\t<div class=\"elementor-element elementor-element-28e2dab4 elementor-position-top elementor-widget elementor-widget-image-box\" data-id=\"28e2dab4\" data-element_type=\"widget\" data-widget_type=\"image-box.default\">\n\t\t\t\t<div class=\"elementor-widget-container\">\n\t\t\t<div class=\"elementor-image-box-wrapper\"><figure class=\"elementor-image-box-img\"><a href=\"https:\/\/www.unioviedo.es\/xxiii-ruepep\/index.php\/alojamiento-ruepep-2025\/\" tabindex=\"-1\"><img decoding=\"async\" src=\"https:\/\/www.unioviedo.es\/xxiii-ruepep\/wp-content\/uploads\/2025\/01\/iconos_Mesa-de-trabajo-1-copia-9.png\" title=\"\" alt=\"\" loading=\"lazy\" \/><\/a><\/figure><div class=\"elementor-image-box-content\"><h4 class=\"elementor-image-box-title\"><a href=\"https:\/\/www.unioviedo.es\/xxiii-ruepep\/index.php\/alojamiento-ruepep-2025\/\">Alojamiento<\/a><\/h4><\/div><\/div>\t\t<\/div>\n\t\t\t\t<\/div>\n\t\t\t\t\t<\/div>\n\t\t\t\t<\/div>\n\t\t<div class=\"elementor-element elementor-element-1ca15b99 e-flex e-con-boxed e-con e-child\" data-id=\"1ca15b99\" data-element_type=\"container\">\n\t\t\t\t\t<div class=\"e-con-inner\">\n\t\t\t\t<div class=\"elementor-element elementor-element-31242d6e elementor-position-top elementor-widget elementor-widget-image-box\" data-id=\"31242d6e\" data-element_type=\"widget\" data-widget_type=\"image-box.default\">\n\t\t\t\t<div class=\"elementor-widget-container\">\n\t\t\t<div class=\"elementor-image-box-wrapper\"><figure class=\"elementor-image-box-img\"><a href=\"https:\/\/www.unioviedo.es\/xxiii-ruepep\/index.php\/localizacion-ruepep-2025\/\" tabindex=\"-1\"><img decoding=\"async\" src=\"https:\/\/www.unioviedo.es\/xxiii-ruepep\/wp-content\/uploads\/2025\/01\/iconos_Mesa-de-trabajo-1-copia-8.png\" title=\"\" alt=\"\" loading=\"lazy\" \/><\/a><\/figure><div class=\"elementor-image-box-content\"><h4 class=\"elementor-image-box-title\"><a href=\"https:\/\/www.unioviedo.es\/xxiii-ruepep\/index.php\/localizacion-ruepep-2025\/\">C\u00f3mo llegar<\/a><\/h4><\/div><\/div>\t\t<\/div>\n\t\t\t\t<\/div>\n\t\t\t\t\t<\/div>\n\t\t\t\t<\/div>\n\t\t\t\t\t<\/div>\n\t\t\t\t<\/div>\n\t\t<div class=\"elementor-element elementor-element-0c4e6d0 e-flex e-con-boxed e-con e-parent\" data-id=\"0c4e6d0\" data-element_type=\"container\" data-core-v316-plus=\"true\">\n\t\t\t\t\t<div class=\"e-con-inner\">\n\t\t\t\t\t<\/div>\n\t\t\t\t<\/div>\n\t\t\t\t<\/div>\n\t\t","protected":false},"excerpt":{"rendered":"<p>Inscripciones \u00bfC\u00f3mo participar? El plazo de inscripci\u00f3n est\u00e1 abierto hasta el 16 de marzo de 2025. La inscripci\u00f3n incluye: materiales del encuentro, las pausas caf\u00e9 y almuerzos, visitas guiadas y la cena de gala. Formulario de inscripci\u00f3n \u00a0Tarifas Personas socias de RUEPEP: 350 \u20ac Descuento a partir de la segunda persona inscrita de la misma [&hellip;]<\/p>\n","protected":false},"author":1,"featured_media":0,"parent":0,"menu_order":0,"comment_status":"closed","ping_status":"closed","template":"elementor_header_footer","meta":{"footnotes":""},"class_list":["post-732","page","type-page","status-publish","hentry"],"yoast_head":"<!-- This site is optimized with the Yoast SEO plugin v24.3 - https:\/\/yoast.com\/wordpress\/plugins\/seo\/ -->\n<title>Inscripci\u00f3n - XXIII Encuentro RUEPEP<\/title>\n<meta name=\"robots\" content=\"index, follow, max-snippet:-1, max-image-preview:large, max-video-preview:-1\" \/>\n<link rel=\"canonical\" href=\"https:\/\/www.unioviedo.es\/xxiii-ruepep\/index.php\/inscripcion-ruepep-2025\/\" \/>\n<meta property=\"og:locale\" content=\"es_ES\" \/>\n<meta property=\"og:type\" content=\"article\" \/>\n<meta property=\"og:title\" content=\"Inscripci\u00f3n - XXIII Encuentro RUEPEP\" \/>\n<meta property=\"og:description\" content=\"Inscripciones \u00bfC\u00f3mo participar? El plazo de inscripci\u00f3n est\u00e1 abierto hasta el 16 de marzo de 2025. La inscripci\u00f3n incluye: materiales del encuentro, las pausas caf\u00e9 y almuerzos, visitas guiadas y la cena de gala. Formulario de inscripci\u00f3n \u00a0Tarifas Personas socias de RUEPEP: 350 \u20ac Descuento a partir de la segunda persona inscrita de la misma [&hellip;]\" \/>\n<meta property=\"og:url\" content=\"https:\/\/www.unioviedo.es\/xxiii-ruepep\/index.php\/inscripcion-ruepep-2025\/\" \/>\n<meta property=\"og:site_name\" content=\"XXIII Encuentro RUEPEP\" \/>\n<meta property=\"article:modified_time\" content=\"2025-02-04T20:22:54+00:00\" \/>\n<meta property=\"og:image\" content=\"https:\/\/www.unioviedo.es\/xxiii-ruepep\/wp-content\/uploads\/2025\/01\/ruepep-2025-uniovi-cabecera-03.jpg\" \/>\n<meta name=\"twitter:card\" content=\"summary_large_image\" \/>\n<meta name=\"twitter:label1\" content=\"Tiempo de lectura\" \/>\n\t<meta name=\"twitter:data1\" content=\"2 minutos\" \/>\n<script type=\"application\/ld+json\" class=\"yoast-schema-graph\">{\"@context\":\"https:\/\/schema.org\",\"@graph\":[{\"@type\":\"WebPage\",\"@id\":\"https:\/\/www.unioviedo.es\/xxiii-ruepep\/index.php\/inscripcion-ruepep-2025\/\",\"url\":\"https:\/\/www.unioviedo.es\/xxiii-ruepep\/index.php\/inscripcion-ruepep-2025\/\",\"name\":\"Inscripci\u00f3n - XXIII Encuentro RUEPEP\",\"isPartOf\":{\"@id\":\"https:\/\/www.unioviedo.es\/xxiii-ruepep\/#website\"},\"primaryImageOfPage\":{\"@id\":\"https:\/\/www.unioviedo.es\/xxiii-ruepep\/index.php\/inscripcion-ruepep-2025\/#primaryimage\"},\"image\":{\"@id\":\"https:\/\/www.unioviedo.es\/xxiii-ruepep\/index.php\/inscripcion-ruepep-2025\/#primaryimage\"},\"thumbnailUrl\":\"https:\/\/www.unioviedo.es\/xxiii-ruepep\/wp-content\/uploads\/2025\/01\/ruepep-2025-uniovi-cabecera-03.jpg\",\"datePublished\":\"2025-01-30T10:54:10+00:00\",\"dateModified\":\"2025-02-04T20:22:54+00:00\",\"breadcrumb\":{\"@id\":\"https:\/\/www.unioviedo.es\/xxiii-ruepep\/index.php\/inscripcion-ruepep-2025\/#breadcrumb\"},\"inLanguage\":\"es\",\"potentialAction\":[{\"@type\":\"ReadAction\",\"target\":[\"https:\/\/www.unioviedo.es\/xxiii-ruepep\/index.php\/inscripcion-ruepep-2025\/\"]}]},{\"@type\":\"ImageObject\",\"inLanguage\":\"es\",\"@id\":\"https:\/\/www.unioviedo.es\/xxiii-ruepep\/index.php\/inscripcion-ruepep-2025\/#primaryimage\",\"url\":\"https:\/\/www.unioviedo.es\/xxiii-ruepep\/wp-content\/uploads\/2025\/01\/ruepep-2025-uniovi-cabecera-03.jpg\",\"contentUrl\":\"https:\/\/www.unioviedo.es\/xxiii-ruepep\/wp-content\/uploads\/2025\/01\/ruepep-2025-uniovi-cabecera-03.jpg\",\"width\":1191,\"height\":420},{\"@type\":\"BreadcrumbList\",\"@id\":\"https:\/\/www.unioviedo.es\/xxiii-ruepep\/index.php\/inscripcion-ruepep-2025\/#breadcrumb\",\"itemListElement\":[{\"@type\":\"ListItem\",\"position\":1,\"name\":\"Portada\",\"item\":\"https:\/\/www.unioviedo.es\/xxiii-ruepep\/\"},{\"@type\":\"ListItem\",\"position\":2,\"name\":\"Inscripci\u00f3n\"}]},{\"@type\":\"WebSite\",\"@id\":\"https:\/\/www.unioviedo.es\/xxiii-ruepep\/#website\",\"url\":\"https:\/\/www.unioviedo.es\/xxiii-ruepep\/\",\"name\":\"XXIII Encuentro RUEPEP\",\"description\":\"\",\"potentialAction\":[{\"@type\":\"SearchAction\",\"target\":{\"@type\":\"EntryPoint\",\"urlTemplate\":\"https:\/\/www.unioviedo.es\/xxiii-ruepep\/?s={search_term_string}\"},\"query-input\":{\"@type\":\"PropertyValueSpecification\",\"valueRequired\":true,\"valueName\":\"search_term_string\"}}],\"inLanguage\":\"es\"}]}<\/script>\n<!-- \/ Yoast SEO plugin. -->","yoast_head_json":{"title":"Inscripci\u00f3n - XXIII Encuentro RUEPEP","robots":{"index":"index","follow":"follow","max-snippet":"max-snippet:-1","max-image-preview":"max-image-preview:large","max-video-preview":"max-video-preview:-1"},"canonical":"https:\/\/www.unioviedo.es\/xxiii-ruepep\/index.php\/inscripcion-ruepep-2025\/","og_locale":"es_ES","og_type":"article","og_title":"Inscripci\u00f3n - XXIII Encuentro RUEPEP","og_description":"Inscripciones \u00bfC\u00f3mo participar? El plazo de inscripci\u00f3n est\u00e1 abierto hasta el 16 de marzo de 2025. La inscripci\u00f3n incluye: materiales del encuentro, las pausas caf\u00e9 y almuerzos, visitas guiadas y la cena de gala. Formulario de inscripci\u00f3n \u00a0Tarifas Personas socias de RUEPEP: 350 \u20ac Descuento a partir de la segunda persona inscrita de la misma [&hellip;]","og_url":"https:\/\/www.unioviedo.es\/xxiii-ruepep\/index.php\/inscripcion-ruepep-2025\/","og_site_name":"XXIII Encuentro RUEPEP","article_modified_time":"2025-02-04T20:22:54+00:00","og_image":[{"url":"https:\/\/www.unioviedo.es\/xxiii-ruepep\/wp-content\/uploads\/2025\/01\/ruepep-2025-uniovi-cabecera-03.jpg","type":"","width":"","height":""}],"twitter_card":"summary_large_image","twitter_misc":{"Tiempo de lectura":"2 minutos"},"schema":{"@context":"https:\/\/schema.org","@graph":[{"@type":"WebPage","@id":"https:\/\/www.unioviedo.es\/xxiii-ruepep\/index.php\/inscripcion-ruepep-2025\/","url":"https:\/\/www.unioviedo.es\/xxiii-ruepep\/index.php\/inscripcion-ruepep-2025\/","name":"Inscripci\u00f3n - XXIII Encuentro RUEPEP","isPartOf":{"@id":"https:\/\/www.unioviedo.es\/xxiii-ruepep\/#website"},"primaryImageOfPage":{"@id":"https:\/\/www.unioviedo.es\/xxiii-ruepep\/index.php\/inscripcion-ruepep-2025\/#primaryimage"},"image":{"@id":"https:\/\/www.unioviedo.es\/xxiii-ruepep\/index.php\/inscripcion-ruepep-2025\/#primaryimage"},"thumbnailUrl":"https:\/\/www.unioviedo.es\/xxiii-ruepep\/wp-content\/uploads\/2025\/01\/ruepep-2025-uniovi-cabecera-03.jpg","datePublished":"2025-01-30T10:54:10+00:00","dateModified":"2025-02-04T20:22:54+00:00","breadcrumb":{"@id":"https:\/\/www.unioviedo.es\/xxiii-ruepep\/index.php\/inscripcion-ruepep-2025\/#breadcrumb"},"inLanguage":"es","potentialAction":[{"@type":"ReadAction","target":["https:\/\/www.unioviedo.es\/xxiii-ruepep\/index.php\/inscripcion-ruepep-2025\/"]}]},{"@type":"ImageObject","inLanguage":"es","@id":"https:\/\/www.unioviedo.es\/xxiii-ruepep\/index.php\/inscripcion-ruepep-2025\/#primaryimage","url":"https:\/\/www.unioviedo.es\/xxiii-ruepep\/wp-content\/uploads\/2025\/01\/ruepep-2025-uniovi-cabecera-03.jpg","contentUrl":"https:\/\/www.unioviedo.es\/xxiii-ruepep\/wp-content\/uploads\/2025\/01\/ruepep-2025-uniovi-cabecera-03.jpg","width":1191,"height":420},{"@type":"BreadcrumbList","@id":"https:\/\/www.unioviedo.es\/xxiii-ruepep\/index.php\/inscripcion-ruepep-2025\/#breadcrumb","itemListElement":[{"@type":"ListItem","position":1,"name":"Portada","item":"https:\/\/www.unioviedo.es\/xxiii-ruepep\/"},{"@type":"ListItem","position":2,"name":"Inscripci\u00f3n"}]},{"@type":"WebSite","@id":"https:\/\/www.unioviedo.es\/xxiii-ruepep\/#website","url":"https:\/\/www.unioviedo.es\/xxiii-ruepep\/","name":"XXIII Encuentro RUEPEP","description":"","potentialAction":[{"@type":"SearchAction","target":{"@type":"EntryPoint","urlTemplate":"https:\/\/www.unioviedo.es\/xxiii-ruepep\/?s={search_term_string}"},"query-input":{"@type":"PropertyValueSpecification","valueRequired":true,"valueName":"search_term_string"}}],"inLanguage":"es"}]}},"_links":{"self":[{"href":"https:\/\/www.unioviedo.es\/xxiii-ruepep\/index.php\/wp-json\/wp\/v2\/pages\/732","targetHints":{"allow":["GET"]}}],"collection":[{"href":"https:\/\/www.unioviedo.es\/xxiii-ruepep\/index.php\/wp-json\/wp\/v2\/pages"}],"about":[{"href":"https:\/\/www.unioviedo.es\/xxiii-ruepep\/index.php\/wp-json\/wp\/v2\/types\/page"}],"author":[{"embeddable":true,"href":"https:\/\/www.unioviedo.es\/xxiii-ruepep\/index.php\/wp-json\/wp\/v2\/users\/1"}],"replies":[{"embeddable":true,"href":"https:\/\/www.unioviedo.es\/xxiii-ruepep\/index.php\/wp-json\/wp\/v2\/comments?post=732"}],"version-history":[{"count":25,"href":"https:\/\/www.unioviedo.es\/xxiii-ruepep\/index.php\/wp-json\/wp\/v2\/pages\/732\/revisions"}],"predecessor-version":[{"id":943,"href":"https:\/\/www.unioviedo.es\/xxiii-ruepep\/index.php\/wp-json\/wp\/v2\/pages\/732\/revisions\/943"}],"wp:attachment":[{"href":"https:\/\/www.unioviedo.es\/xxiii-ruepep\/index.php\/wp-json\/wp\/v2\/media?parent=732"}],"curies":[{"name":"wp","href":"https:\/\/api.w.org\/{rel}","templated":true}]}}